{"id":92873,"date":"2023-08-08T15:27:18","date_gmt":"2023-08-08T13:27:18","guid":{"rendered":"https:\/\/cybuchshisha.pl\/?post_type=product&#038;p=92873"},"modified":"2026-04-14T15:34:17","modified_gmt":"2026-04-14T13:34:17","slug":"shisha-kaya-inox-tradi-wega-purple-2s-clear-crown","status":"publish","type":"product","link":"https:\/\/cybuchshisha.pl\/ru\/\u043c\u0430\u0433\u0430\u0437\u0438\u043d\/shisha-kaya-inox-tradi-wega-purple-2s-clear-crown\/","title":{"rendered":"Shisha Kaya INOX Tradi Wega Purple 2S Clear Crown"},"content":{"rendered":"<p>Kaya Inox do\u0142\u0105cza do aluminiowych odpowiednik\u00f3w z serii Elox jako uzupe\u0142nienie bud\u017cetowej oferty niemieckiego producenta. Shisha, zaprojektowana specjalnie dla nowych palaczy, zach\u0119ca jako\u015bci\u0105 wykonania, wygod\u0105 obs\u0142ugi i przemy\u015blanym wyposa\u017ceniem.<\/p>\n<p>\u2013 Z my\u015bl\u0105 o pocz\u0105tkuj\u0105cych \u2013 W zestawie z shish\u0105 Kaya Inox znajduj\u0105 si\u0119 wszystkie wymagane do rozpocz\u0119cia palenia akcesoria, co czyni z niej wzorowy pakiet dla tych, kt\u00f3rzy dopiero zaczynaj\u0105 swoj\u0105 przygod\u0119 z fajk\u0105 wodn\u0105. Maj\u0105c to na uwadze, producent zastosowa\u0142 rozwi\u0105zania sprzyjaj\u0105ce przyst\u0119pno\u015bci u\u017cywania shishy, jak na przyk\u0142ad proste po\u0142\u0105czenie dzbana na uszczelce czy dyfuzor wyciszaj\u0105cy g\u0142o\u015bne bulgotanie wody w dzbanie podczas zaci\u0105gania. Komplet zamykaj\u0105 nieodzowne szczypce, kt\u00f3re s\u0142u\u017c\u0105 do bezpiecznego przek\u0142adania w\u0119gli.<\/p>\n<p>\u2013 Bezkompromisowa elegancja \u2013 Kaya Inox mierzy zdumiewaj\u0105ce 70 cm, a oferowana jest w wielu wariantach estetycznych. Subtelnie rze\u017abiony korpus posiada wiele rzucaj\u0105cych si\u0119 w oczy wariant\u00f3w kolorystycznych, dzi\u0119ki kt\u00f3rym fajka zawsze b\u0119dzie w centrum zainteresowania. Na szczeg\u00f3ln\u0105 uwag\u0119 zas\u0142uguj\u0105 dzbany, dost\u0119pne w wielu niebanalnych kszta\u0142tach i wzorach &#8212; ka\u017cdy mo\u017ce znale\u017a\u0107 swoj\u0105 idealn\u0105 kombinacj\u0119. W konkurencji stosunku elegancji do ceny, Kaya Inox zdobywa najwy\u017csze noty.<\/p>\n<p style=\"text-align: justify;\">\u2013 Najlepsze materia\u0142y \u2013 Seria Kaya Inox zawdzi\u0119cza swoj\u0105 nazw\u0119 stali nierdzewnej, kt\u00f3ra stanowi w bran\u017cy z\u0142oty standard za spraw\u0105 odporno\u015bci na czynniki takie jak wilgo\u0107, wysoka temperatura i chemiczne \u015brodki do czyszczenia. Jej zastosowanie to jednocze\u015bnie gwarancja d\u0142ugowieczno\u015bci urz\u0105dzenia &#8212; mo\u017cna by\u0107 pewnym, \u017ce przy regularnej piel\u0119gnacji shisha jest w stanie zachowa\u0107 swoj\u0105 funkcjonalno\u015b\u0107 przez wiele lat.<\/p>\n","protected":false},"excerpt":{"rendered":"<p>Kaya Inox do\u0142\u0105cza do aluminiowych odpowiednik\u00f3w z serii Elox jako uzupe\u0142nienie bud\u017cetowej oferty niemieckiego producenta. Shisha, zaprojektowana specjalnie dla nowych palaczy, zach\u0119ca jako\u015bci\u0105 wykonania, wygod\u0105 obs\u0142ugi i przemy\u015blanym wyposa\u017ceniem. \u2013 Z my\u015bl\u0105 o pocz\u0105tkuj\u0105cych \u2013 W zestawie z shish\u0105 Kaya Inox znajduj\u0105 si\u0119 wszystkie wymagane do rozpocz\u0119cia palenia akcesoria, co czyni z niej wzorowy pakiet [&hellip;]<\/p>\n","protected":false},"featured_media":92875,"template":"","meta":{"_acf_changed":false},"product_brand":[9279,9396],"product_cat":[63,7624,1165],"product_tag":[1871,2793],"class_list":{"0":"post-92873","1":"product","2":"type-product","3":"status-publish","4":"has-post-thumbnail","6":"product_brand-kaya","7":"product_brand-shisha-kaya","8":"product_cat-shishe","9":"product_cat-shishe-stalowe","10":"product_cat-zestawy","11":"product_tag-kaya","12":"product_tag-kaya-inox","14":"first","15":"outofstock","16":"taxable","17":"shipping-taxable","18":"purchasable","19":"product-type-simple"},"acf":[],"yoast_head":"<!-- This site is optimized with the Yoast SEO Premium plugin v24.6 (Yoast SEO v27.6) - https:\/\/yoast.com\/product\/yoast-seo-premium-wordpress\/ -->\n<title>Shisha Kaya INOX Tradi Wega Purple 2S Clear Crown | Cybuchshisha.pl<\/title>\n<meta name=\"description\" content=\"Kaya Inox, zaprojektowana specjalnie dla nowych palaczy, zach\u0119ca jako\u015bci\u0105 wykonania, wygod\u0105 obs\u0142ugi i przemy\u015blanym wyposa\u017ceniem.\" \/>\n<meta name=\"robots\" content=\"index, follow, max-snippet:-1, max-image-preview:large, max-video-preview:-1\" \/>\n<link rel=\"canonical\" href=\"https:\/\/cybuchshisha.pl\/ru\/\u043c\u0430\u0433\u0430\u0437\u0438\u043d\/shisha-kaya-inox-tradi-wega-purple-2s-clear-crown\/\" \/>\n<meta property=\"og:locale\" content=\"ru_RU\" \/>\n<meta property=\"og:type\" content=\"article\" \/>\n<meta property=\"og:title\" content=\"Shisha Kaya INOX Tradi Wega Purple 2S Clear Crown\" \/>\n<meta property=\"og:description\" content=\"Kaya Inox, zaprojektowana specjalnie dla nowych palaczy, zach\u0119ca jako\u015bci\u0105 wykonania, wygod\u0105 obs\u0142ugi i przemy\u015blanym wyposa\u017ceniem.\" \/>\n<meta property=\"og:url\" content=\"https:\/\/cybuchshisha.pl\/ru\/\u043c\u0430\u0433\u0430\u0437\u0438\u043d\/shisha-kaya-inox-tradi-wega-purple-2s-clear-crown\/\" \/>\n<meta property=\"og:site_name\" content=\"Cybuch - Shisha Sklep\" \/>\n<meta property=\"article:publisher\" content=\"https:\/\/www.facebook.com\/cybuchshisha\/\" \/>\n<meta property=\"article:modified_time\" content=\"2026-04-14T13:34:17+00:00\" \/>\n<meta property=\"og:image\" content=\"https:\/\/cybuchshisha.pl\/wp-content\/uploads\/2023\/08\/kaya-inox-tradi-wega-purple-2s-clear-crown-scaled.jpg\" \/>\n\t<meta property=\"og:image:width\" content=\"1920\" \/>\n\t<meta property=\"og:image:height\" content=\"1920\" \/>\n\t<meta property=\"og:image:type\" content=\"image\/jpeg\" \/>\n<meta name=\"twitter:card\" content=\"summary_large_image\" \/>\n<meta name=\"twitter:label1\" content=\"\u041f\u0440\u0438\u043c\u0435\u0440\u043d\u043e\u0435 \u0432\u0440\u0435\u043c\u044f \u0434\u043b\u044f \u0447\u0442\u0435\u043d\u0438\u044f\" \/>\n\t<meta name=\"twitter:data1\" content=\"2 \u043c\u0438\u043d\u0443\u0442\u044b\" \/>\n<!-- \/ Yoast SEO Premium plugin. -->","yoast_head_json":{"title":"Shisha Kaya INOX Tradi Wega Purple 2S Clear Crown | Cybuchshisha.pl","description":"Kaya Inox, zaprojektowana specjalnie dla nowych palaczy, zach\u0119ca jako\u015bci\u0105 wykonania, wygod\u0105 obs\u0142ugi i przemy\u015blanym wyposa\u017ceniem.","robots":{"index":"index","follow":"follow","max-snippet":"max-snippet:-1","max-image-preview":"max-image-preview:large","max-video-preview":"max-video-preview:-1"},"canonical":"https:\/\/cybuchshisha.pl\/ru\/\u043c\u0430\u0433\u0430\u0437\u0438\u043d\/shisha-kaya-inox-tradi-wega-purple-2s-clear-crown\/","og_locale":"ru_RU","og_type":"article","og_title":"Shisha Kaya INOX Tradi Wega Purple 2S Clear Crown","og_description":"Kaya Inox, zaprojektowana specjalnie dla nowych palaczy, zach\u0119ca jako\u015bci\u0105 wykonania, wygod\u0105 obs\u0142ugi i przemy\u015blanym wyposa\u017ceniem.","og_url":"https:\/\/cybuchshisha.pl\/ru\/\u043c\u0430\u0433\u0430\u0437\u0438\u043d\/shisha-kaya-inox-tradi-wega-purple-2s-clear-crown\/","og_site_name":"Cybuch - Shisha Sklep","article_publisher":"https:\/\/www.facebook.com\/cybuchshisha\/","article_modified_time":"2026-04-14T13:34:17+00:00","og_image":[{"width":1920,"height":1920,"url":"https:\/\/cybuchshisha.pl\/wp-content\/uploads\/2023\/08\/kaya-inox-tradi-wega-purple-2s-clear-crown-scaled.jpg","type":"image\/jpeg"}],"twitter_card":"summary_large_image","twitter_misc":{"\u041f\u0440\u0438\u043c\u0435\u0440\u043d\u043e\u0435 \u0432\u0440\u0435\u043c\u044f \u0434\u043b\u044f \u0447\u0442\u0435\u043d\u0438\u044f":"2 \u043c\u0438\u043d\u0443\u0442\u044b"},"schema":{"@context":"https:\/\/schema.org","@graph":[{"@type":"WebPage","@id":"https:\/\/cybuchshisha.pl\/ru\/\u043c\u0430\u0433\u0430\u0437\u0438\u043d\/shisha-kaya-inox-tradi-wega-purple-2s-clear-crown\/","url":"https:\/\/cybuchshisha.pl\/ru\/\u043c\u0430\u0433\u0430\u0437\u0438\u043d\/shisha-kaya-inox-tradi-wega-purple-2s-clear-crown\/","name":"Shisha Kaya INOX Tradi Wega Purple 2S Clear Crown - sklep online | Cybuchshisha.pl","isPartOf":{"@id":"https:\/\/cybuchshisha.pl\/ru\/#website"},"primaryImageOfPage":{"@id":"https:\/\/cybuchshisha.pl\/ru\/\u043c\u0430\u0433\u0430\u0437\u0438\u043d\/shisha-kaya-inox-tradi-wega-purple-2s-clear-crown\/#primaryimage"},"image":{"@id":"https:\/\/cybuchshisha.pl\/ru\/\u043c\u0430\u0433\u0430\u0437\u0438\u043d\/shisha-kaya-inox-tradi-wega-purple-2s-clear-crown\/#primaryimage"},"thumbnailUrl":"https:\/\/cybuchshisha.pl\/wp-content\/uploads\/2023\/08\/kaya-inox-tradi-wega-purple-2s-clear-crown-scaled.jpg","datePublished":"2023-08-08T13:27:18+00:00","dateModified":"2026-04-14T13:34:17+00:00","description":"Kaya Inox, zaprojektowana specjalnie dla nowych palaczy, zach\u0119ca jako\u015bci\u0105 wykonania, wygod\u0105 obs\u0142ugi i przemy\u015blanym wyposa\u017ceniem.","breadcrumb":{"@id":"https:\/\/cybuchshisha.pl\/ru\/\u043c\u0430\u0433\u0430\u0437\u0438\u043d\/shisha-kaya-inox-tradi-wega-purple-2s-clear-crown\/#breadcrumb"},"inLanguage":"ru-RU","potentialAction":[{"@type":"ReadAction","target":["https:\/\/cybuchshisha.pl\/ru\/\u043c\u0430\u0433\u0430\u0437\u0438\u043d\/shisha-kaya-inox-tradi-wega-purple-2s-clear-crown\/"]}]},{"@type":"ImageObject","inLanguage":"ru-RU","@id":"https:\/\/cybuchshisha.pl\/ru\/\u043c\u0430\u0433\u0430\u0437\u0438\u043d\/shisha-kaya-inox-tradi-wega-purple-2s-clear-crown\/#primaryimage","url":"https:\/\/cybuchshisha.pl\/wp-content\/uploads\/2023\/08\/kaya-inox-tradi-wega-purple-2s-clear-crown-scaled.jpg","contentUrl":"https:\/\/cybuchshisha.pl\/wp-content\/uploads\/2023\/08\/kaya-inox-tradi-wega-purple-2s-clear-crown-scaled.jpg","width":1920,"height":1920,"caption":"Kaya Inox Tradi Wega Purple 2S Clear Crown"},{"@type":"BreadcrumbList","@id":"https:\/\/cybuchshisha.pl\/ru\/\u043c\u0430\u0433\u0430\u0437\u0438\u043d\/shisha-kaya-inox-tradi-wega-purple-2s-clear-crown\/#breadcrumb","itemListElement":[{"@type":"ListItem","position":1,"name":"\u0413\u043b\u0430\u0432\u043d\u0430\u044f \u0441\u0442\u0440\u0430\u043d\u0438\u0446\u0430","item":"https:\/\/cybuchshisha.pl\/ru\/"},{"@type":"ListItem","position":2,"name":"\u041c\u0430\u0433\u0430\u0437\u0438\u043d","item":"https:\/\/cybuch.staging.seodev.agency\/sklep\/"},{"@type":"ListItem","position":3,"name":"Shisha Kaya INOX Tradi Wega Purple 2S Clear Crown"}]},{"@type":"WebSite","@id":"https:\/\/cybuchshisha.pl\/ru\/#website","url":"https:\/\/cybuchshisha.pl\/ru\/","name":"Cybuch - Shisha Sklep","description":"Shisha, szisza, fajka wodna, melasa i w\u0119gle do shishy","publisher":{"@id":"https:\/\/cybuchshisha.pl\/ru\/#organization"},"alternateName":"Cybuch","potentialAction":[{"@type":"SearchAction","target":{"@type":"EntryPoint","urlTemplate":"https:\/\/cybuchshisha.pl\/ru\/?s={search_term_string}"},"query-input":{"@type":"PropertyValueSpecification","valueRequired":true,"valueName":"search_term_string"}}],"inLanguage":"ru-RU"},{"@type":"Organization","@id":"https:\/\/cybuchshisha.pl\/ru\/#organization","name":"Cybuch - Shisha Sklep","alternateName":"Cybuch","url":"https:\/\/cybuchshisha.pl\/ru\/","logo":{"@type":"ImageObject","inLanguage":"ru-RU","@id":"https:\/\/cybuchshisha.pl\/ru\/#\/schema\/logo\/image\/","url":"https:\/\/cybuchshisha.pl\/wp-content\/uploads\/2023\/11\/kwadrat.png","contentUrl":"https:\/\/cybuchshisha.pl\/wp-content\/uploads\/2023\/11\/kwadrat.png","width":1300,"height":1300,"caption":"Cybuch - Shisha Sklep"},"image":{"@id":"https:\/\/cybuchshisha.pl\/ru\/#\/schema\/logo\/image\/"},"sameAs":["https:\/\/www.facebook.com\/cybuchshisha\/","https:\/\/www.instagram.com\/cybuchshisha\/","https:\/\/www.youtube.com\/channel\/UCEyCpnP1FkFHVh5F4TtkIOQ"]}]}},"_links":{"self":[{"href":"https:\/\/cybuchshisha.pl\/ru\/wp-json\/wp\/v2\/product\/92873","targetHints":{"allow":["GET"]}}],"collection":[{"href":"https:\/\/cybuchshisha.pl\/ru\/wp-json\/wp\/v2\/product"}],"about":[{"href":"https:\/\/cybuchshisha.pl\/ru\/wp-json\/wp\/v2\/types\/product"}],"wp:featuredmedia":[{"embeddable":true,"href":"https:\/\/cybuchshisha.pl\/ru\/wp-json\/wp\/v2\/media\/92875"}],"wp:attachment":[{"href":"https:\/\/cybuchshisha.pl\/ru\/wp-json\/wp\/v2\/media?parent=92873"}],"wp:term":[{"taxonomy":"product_brand","embeddable":true,"href":"https:\/\/cybuchshisha.pl\/ru\/wp-json\/wp\/v2\/product_brand?post=92873"},{"taxonomy":"product_cat","embeddable":true,"href":"https:\/\/cybuchshisha.pl\/ru\/wp-json\/wp\/v2\/product_cat?post=92873"},{"taxonomy":"product_tag","embeddable":true,"href":"https:\/\/cybuchshisha.pl\/ru\/wp-json\/wp\/v2\/product_tag?post=92873"}],"curies":[{"name":"wp","href":"https:\/\/api.w.org\/{rel}","templated":true}]}}