{"id":693198,"date":"2026-05-06T17:07:21","date_gmt":"2026-05-06T15:07:21","guid":{"rendered":"https:\/\/cybuchshisha.pl\/?post_type=product&#038;p=693198"},"modified":"2026-05-08T20:50:44","modified_gmt":"2026-05-08T18:50:44","slug":"shisha-y-k-a-p-eco-e2-g-transparent-full-set","status":"publish","type":"product","link":"https:\/\/cybuchshisha.pl\/ru\/\u043c\u0430\u0433\u0430\u0437\u0438\u043d\/shisha-y-k-a-p-eco-e2-g-transparent-full-set\/","title":{"rendered":"Shisha Y.K.A.P Eco E2 G Transparent Full Set"},"content":{"rendered":"<div class=\"\" data-turn-id-container=\"request-68f8bd0b-bac4-8332-abde-6a7f4c829804-2\" data-is-intersecting=\"true\">\n<section class=\"text-token-text-primary w-full focus:outline-none [--shadow-height:45px] has-data-writing-block:pointer-events-none has-data-writing-block:-mt-(--shadow-height) has-data-writing-block:pt-(--shadow-height) [&amp;:has([data-writing-block])&gt;*]:pointer-events-auto R6Vx5W_threadScrollVars scroll-mb-[calc(var(--scroll-root-safe-area-inset-bottom,0px)+var(--thread-response-height))] scroll-mt-[calc(var(--header-height)+min(200px,max(70px,20svh)))]\" dir=\"auto\" data-turn-id=\"request-68f8bd0b-bac4-8332-abde-6a7f4c829804-2\" data-testid=\"conversation-turn-122\" data-scroll-anchor=\"false\" data-turn=\"assistant\">\n<div class=\"text-base my-auto mx-auto pb-10 [--thread-content-margin:var(--thread-content-margin-xs,calc(var(--spacing)*4))] @w-sm\/main:[--thread-content-margin:var(--thread-content-margin-sm,calc(var(--spacing)*6))] @w-lg\/main:[--thread-content-margin:var(--thread-content-margin-lg,calc(var(--spacing)*16))] px-(--thread-content-margin)\">\n<div class=\"[--thread-content-max-width:40rem] @w-lg\/main:[--thread-content-max-width:48rem] mx-auto max-w-(--thread-content-max-width) flex-1 group\/turn-messages focus-visible:outline-hidden relative flex w-full min-w-0 flex-col agent-turn\">\n<div class=\"flex max-w-full flex-col gap-4 grow\">\n<div class=\"min-h-8 text-message relative flex w-full flex-col items-end gap-2 text-start break-words whitespace-normal outline-none keyboard-focused:focus-ring [.text-message+&amp;]:mt-1\" dir=\"auto\" tabindex=\"0\" data-message-author-role=\"assistant\" data-message-id=\"a718c401-53d7-42ab-808f-772c47313bf4\" data-message-model-slug=\"gpt-5-5\" data-turn-start-message=\"true\">\n<div class=\"flex w-full flex-col gap-1 empty:hidden\">\n<div class=\"markdown prose dark:prose-invert wrap-break-word w-full light markdown-new-styling\">\n<p data-start=\"34\" data-end=\"404\">Y.K.A.P. Eco E2 to idealna fajka wodna dla os\u00f3b rozpoczynaj\u0105cych swoj\u0105 przygod\u0119 z kultur\u0105 shishy. Projektuj\u0105c seri\u0119 Eco, marka Y.K.A.P. postawi\u0142a na po\u0142\u0105czenie prostoty, funkcjonalno\u015bci oraz nowoczesnych rozwi\u0105za\u0144, tworz\u0105c model, kt\u00f3ry doskonale sprawdzi si\u0119 zar\u00f3wno dla pocz\u0105tkuj\u0105cych, jak i u\u017cytkownik\u00f3w ceni\u0105cych minimalistyczny styl oraz wysok\u0105 jako\u015b\u0107 wykonania.<\/p>\n<p data-start=\"406\" data-end=\"829\">Minimalistyczny design fajki sprawia, \u017ce \u015bwietnie odnajduje si\u0119 w ka\u017cdym wn\u0119trzu. Smuk\u0142a, elegancka sztyca i stylowy szklany dzban tworz\u0105 nowoczesn\u0105, estetyczn\u0105 ca\u0142o\u015b\u0107, kt\u00f3ra przyci\u0105ga uwag\u0119 i daje mo\u017cliwo\u015b\u0107 personalizacji setupu wed\u0142ug w\u0142asnych upodoba\u0144. Dzi\u0119ki zastosowaniu wysokiej jako\u015bci materia\u0142\u00f3w, bez u\u017cycia plastiku i farb, shisha gwarantuje czysty smak dymu oraz wysok\u0105 trwa\u0142o\u015b\u0107 nawet po wielu latach u\u017cytkowania.<\/p>\n<p data-start=\"831\" data-end=\"1178\">W zestawie znajduje si\u0119 r\u00f3wnie\u017c cybuch Oblako Turk, b\u0119d\u0105cy uk\u0142onem w stron\u0119 klasycznych, tureckich rozwi\u0105za\u0144. Wykonany z naturalnej gliny i perfekcyjnie wypalony, zapewnia r\u00f3wnomierne rozprowadzanie ciep\u0142a i pozwala wydoby\u0107 pe\u0142ni\u0119 aromatu tytoniu. To prosty, ale niezwykle funkcjonalny cybuch, idealny dla mi\u0142o\u015bnik\u00f3w tradycyjnych sesji shishy.<\/p>\n<p data-start=\"1180\" data-end=\"1662\">Ca\u0142o\u015b\u0107 uzupe\u0142nia nak\u0142adka HMD typu Kaloud \u2014 popularny zamiennik modelu Lotus I+. System HMD pozwala na precyzyjn\u0105 kontrol\u0119 temperatury i stanowi wygodniejsz\u0105 oraz bardziej higieniczn\u0105 alternatyw\u0119 dla klasycznej folii aluminiowej. Dzi\u0119ki r\u00f3wnomiernemu rozprowadzaniu ciep\u0142a sesje s\u0105 d\u0142u\u017csze, bardziej komfortowe i pozwalaj\u0105 wyci\u0105gn\u0105\u0107 maksimum smaku z melasy. Regulowana pokrywa z otworami umo\u017cliwia \u0142atwe sterowanie przep\u0142ywem powietrza i temperatur\u0105 bez ryzyka poparzenia d\u0142oni.<\/p>\n<p data-start=\"1664\" data-end=\"2003\">Zestaw zawiera tak\u017ce wysokiej jako\u015bci szklany dzban wykonany ze szk\u0142a o du\u017cej przenikliwo\u015bci \u015bwiat\u0142a, kt\u00f3ry podkre\u015bla nowoczesny charakter fajki oraz zapewnia odpowiedni\u0105 stabilno\u015b\u0107 podczas u\u017cytkowania. Do kompletu do\u0142\u0105czone s\u0105 r\u00f3wnie\u017c szczypce marki Dschinni, umo\u017cliwiaj\u0105ce wygodne i bezpieczne operowanie roz\u017carzonymi w\u0119gielkami.<\/p>\n<p data-start=\"2005\" data-end=\"2147\" data-is-last-node=\"\" data-is-only-node=\"\">To kompletny zestaw dla os\u00f3b szukaj\u0105cych stylowej, funkcjonalnej i gotowej do dzia\u0142ania shishy \u2014 zar\u00f3wno na start, jak i do codziennych sesji.<\/p>\n<\/div>\n<\/div>\n<\/div>\n<\/div>\n<div class=\"z-0 flex min-h-[46px] justify-start\"><\/div>\n<div class=\"mt-3 w-full empty:hidden\">\n<div class=\"text-center\"><\/div>\n<\/div>\n<\/div>\n<\/div>\n<\/section>\n<\/div>\n<div class=\"pointer-events-none -mt-px h-px translate-y-[calc(var(--scroll-root-safe-area-inset-bottom)-14*var(--spacing))]\" aria-hidden=\"true\"><\/div>\n","protected":false},"excerpt":{"rendered":"<p>Y.K.A.P. Eco E2 to idealna fajka wodna dla os\u00f3b rozpoczynaj\u0105cych swoj\u0105 przygod\u0119 z kultur\u0105 shishy. Projektuj\u0105c seri\u0119 Eco, marka Y.K.A.P. postawi\u0142a na po\u0142\u0105czenie prostoty, funkcjonalno\u015bci oraz nowoczesnych rozwi\u0105za\u0144, tworz\u0105c model, kt\u00f3ry doskonale sprawdzi si\u0119 zar\u00f3wno dla pocz\u0105tkuj\u0105cych, jak i u\u017cytkownik\u00f3w ceni\u0105cych minimalistyczny styl oraz wysok\u0105 jako\u015b\u0107 wykonania. Minimalistyczny design fajki sprawia, \u017ce \u015bwietnie odnajduje si\u0119 [&hellip;]<\/p>\n","protected":false},"featured_media":693199,"template":"","meta":{"_acf_changed":false},"product_brand":[9432,9364],"product_cat":[63,1165,7624],"product_tag":[11886,11887,11885],"class_list":{"0":"post-693198","1":"product","2":"type-product","3":"status-publish","4":"has-post-thumbnail","6":"product_brand-shisha-y-k-a-p","7":"product_brand-y-k-a-p","8":"product_cat-shishe","9":"product_cat-zestawy","10":"product_cat-shishe-stalowe","11":"product_tag-eco-e2","12":"product_tag-full-set","13":"product_tag-y-k-a-p","15":"first","16":"instock","17":"taxable","18":"shipping-taxable","19":"purchasable","20":"product-type-simple"},"acf":[],"yoast_head":"<!-- This site is optimized with the Yoast SEO Premium plugin v24.6 (Yoast SEO v27.5) - https:\/\/yoast.com\/product\/yoast-seo-premium-wordpress\/ -->\n<title>Shisha Y.K.A.P Eco E2 G Transparent Full Set | \u0425\u043e\u0440\u043e\u0448\u0430\u044f \u0446\u0435\u043d\u0430 | \u0418\u043d\u0442\u0435\u0440\u043d\u0435\u0442 | Cybuchshisha.pl<\/title>\n<meta name=\"description\" content=\"CYBUCH SHISHA SKLEP \u27a4 Shisha Y.K.A.P Eco E2 G Transparent Full Set \u043f\u043e \u043f\u0440\u0438\u0432\u043b\u0435\u043a\u0430\u0442\u0435\u043b\u044c\u043d\u043e\u0439 \u0446\u0435\u043d\u0435 \u2714\ufe0f \u0411\u044b\u0441\u0442\u0440\u0430\u044f \u0434\u043e\u0441\u0442\u0430\u0432\u043a\u0430 \u2714\ufe0f \u0411\u0435\u0441\u043f\u043b\u0430\u0442\u043d\u0430\u044f \u0434\u043e\u0441\u0442\u0430\u0432\u043a\u0430 \u043e\u0442 500 z\u0142 \u2b50 \u041a\u0443\u043f\u0438\u0442\u044c!\" \/>\n<meta name=\"robots\" content=\"index, follow, max-snippet:-1, max-image-preview:large, max-video-preview:-1\" \/>\n<link rel=\"canonical\" href=\"https:\/\/cybuchshisha.pl\/ru\/\u043c\u0430\u0433\u0430\u0437\u0438\u043d\/shisha-y-k-a-p-eco-e2-g-transparent-full-set\/\" \/>\n<meta property=\"og:locale\" content=\"ru_RU\" \/>\n<meta property=\"og:type\" content=\"article\" \/>\n<meta property=\"og:title\" content=\"Shisha Y.K.A.P Eco E2 G Transparent Full Set\" \/>\n<meta property=\"og:description\" content=\"CYBUCH SHISHA SKLEP \u27a4 Shisha Y.K.A.P Eco E2 G Transparent Full Set \u043f\u043e \u043f\u0440\u0438\u0432\u043b\u0435\u043a\u0430\u0442\u0435\u043b\u044c\u043d\u043e\u0439 \u0446\u0435\u043d\u0435 \u2714\ufe0f \u0411\u044b\u0441\u0442\u0440\u0430\u044f \u0434\u043e\u0441\u0442\u0430\u0432\u043a\u0430 \u2714\ufe0f \u0411\u0435\u0441\u043f\u043b\u0430\u0442\u043d\u0430\u044f \u0434\u043e\u0441\u0442\u0430\u0432\u043a\u0430 \u043e\u0442 500 z\u0142 \u2b50 \u041a\u0443\u043f\u0438\u0442\u044c!\" \/>\n<meta property=\"og:url\" content=\"https:\/\/cybuchshisha.pl\/ru\/\u043c\u0430\u0433\u0430\u0437\u0438\u043d\/shisha-y-k-a-p-eco-e2-g-transparent-full-set\/\" \/>\n<meta property=\"og:site_name\" content=\"Cybuch - Shisha Sklep\" \/>\n<meta property=\"article:publisher\" content=\"https:\/\/www.facebook.com\/cybuchshisha\/\" \/>\n<meta property=\"article:modified_time\" content=\"2026-05-08T18:50:44+00:00\" \/>\n<meta property=\"og:image\" content=\"https:\/\/cybuchshisha.pl\/wp-content\/uploads\/2026\/05\/Shisha-Y.K.A.P-Eco-E2-G-Transparent-Full-Set-scaled.jpg\" \/>\n\t<meta property=\"og:image:width\" content=\"1920\" \/>\n\t<meta property=\"og:image:height\" content=\"1920\" \/>\n\t<meta property=\"og:image:type\" content=\"image\/jpeg\" \/>\n<meta name=\"twitter:card\" content=\"summary_large_image\" \/>\n<meta name=\"twitter:label1\" content=\"\u041f\u0440\u0438\u043c\u0435\u0440\u043d\u043e\u0435 \u0432\u0440\u0435\u043c\u044f \u0434\u043b\u044f \u0447\u0442\u0435\u043d\u0438\u044f\" \/>\n\t<meta name=\"twitter:data1\" content=\"2 \u043c\u0438\u043d\u0443\u0442\u044b\" \/>\n<!-- \/ Yoast SEO Premium plugin. -->","yoast_head_json":{"title":"Shisha Y.K.A.P Eco E2 G Transparent Full Set | \u0425\u043e\u0440\u043e\u0448\u0430\u044f \u0446\u0435\u043d\u0430 | \u0418\u043d\u0442\u0435\u0440\u043d\u0435\u0442 | Cybuchshisha.pl","description":"CYBUCH SHISHA SKLEP \u27a4 Shisha Y.K.A.P Eco E2 G Transparent Full Set \u043f\u043e \u043f\u0440\u0438\u0432\u043b\u0435\u043a\u0430\u0442\u0435\u043b\u044c\u043d\u043e\u0439 \u0446\u0435\u043d\u0435 \u2714\ufe0f \u0411\u044b\u0441\u0442\u0440\u0430\u044f \u0434\u043e\u0441\u0442\u0430\u0432\u043a\u0430 \u2714\ufe0f \u0411\u0435\u0441\u043f\u043b\u0430\u0442\u043d\u0430\u044f \u0434\u043e\u0441\u0442\u0430\u0432\u043a\u0430 \u043e\u0442 500 z\u0142 \u2b50 \u041a\u0443\u043f\u0438\u0442\u044c!","robots":{"index":"index","follow":"follow","max-snippet":"max-snippet:-1","max-image-preview":"max-image-preview:large","max-video-preview":"max-video-preview:-1"},"canonical":"https:\/\/cybuchshisha.pl\/ru\/\u043c\u0430\u0433\u0430\u0437\u0438\u043d\/shisha-y-k-a-p-eco-e2-g-transparent-full-set\/","og_locale":"ru_RU","og_type":"article","og_title":"Shisha Y.K.A.P Eco E2 G Transparent Full Set","og_description":"CYBUCH SHISHA SKLEP \u27a4 Shisha Y.K.A.P Eco E2 G Transparent Full Set \u043f\u043e \u043f\u0440\u0438\u0432\u043b\u0435\u043a\u0430\u0442\u0435\u043b\u044c\u043d\u043e\u0439 \u0446\u0435\u043d\u0435 \u2714\ufe0f \u0411\u044b\u0441\u0442\u0440\u0430\u044f \u0434\u043e\u0441\u0442\u0430\u0432\u043a\u0430 \u2714\ufe0f \u0411\u0435\u0441\u043f\u043b\u0430\u0442\u043d\u0430\u044f \u0434\u043e\u0441\u0442\u0430\u0432\u043a\u0430 \u043e\u0442 500 z\u0142 \u2b50 \u041a\u0443\u043f\u0438\u0442\u044c!","og_url":"https:\/\/cybuchshisha.pl\/ru\/\u043c\u0430\u0433\u0430\u0437\u0438\u043d\/shisha-y-k-a-p-eco-e2-g-transparent-full-set\/","og_site_name":"Cybuch - Shisha Sklep","article_publisher":"https:\/\/www.facebook.com\/cybuchshisha\/","article_modified_time":"2026-05-08T18:50:44+00:00","og_image":[{"width":1920,"height":1920,"url":"https:\/\/cybuchshisha.pl\/wp-content\/uploads\/2026\/05\/Shisha-Y.K.A.P-Eco-E2-G-Transparent-Full-Set-scaled.jpg","type":"image\/jpeg"}],"twitter_card":"summary_large_image","twitter_misc":{"\u041f\u0440\u0438\u043c\u0435\u0440\u043d\u043e\u0435 \u0432\u0440\u0435\u043c\u044f \u0434\u043b\u044f \u0447\u0442\u0435\u043d\u0438\u044f":"2 \u043c\u0438\u043d\u0443\u0442\u044b"},"schema":{"@context":"https:\/\/schema.org","@graph":[{"@type":"WebPage","@id":"https:\/\/cybuchshisha.pl\/ru\/\u043c\u0430\u0433\u0430\u0437\u0438\u043d\/shisha-y-k-a-p-eco-e2-g-transparent-full-set\/","url":"https:\/\/cybuchshisha.pl\/ru\/\u043c\u0430\u0433\u0430\u0437\u0438\u043d\/shisha-y-k-a-p-eco-e2-g-transparent-full-set\/","name":"Shisha Y.K.A.P Eco E2 G Transparent Full Set | \u0425\u043e\u0440\u043e\u0448\u0430\u044f \u0446\u0435\u043d\u0430 | \u0418\u043d\u0442\u0435\u0440\u043d\u0435\u0442-\u043c\u0430\u0433\u0430\u0437\u0438\u043d | \u0412\u0430\u0440\u0448\u0430\u0432\u0430 - CYBUCH SHISHA SKLEP","isPartOf":{"@id":"https:\/\/cybuchshisha.pl\/ru\/#website"},"primaryImageOfPage":{"@id":"https:\/\/cybuchshisha.pl\/ru\/\u043c\u0430\u0433\u0430\u0437\u0438\u043d\/shisha-y-k-a-p-eco-e2-g-transparent-full-set\/#primaryimage"},"image":{"@id":"https:\/\/cybuchshisha.pl\/ru\/\u043c\u0430\u0433\u0430\u0437\u0438\u043d\/shisha-y-k-a-p-eco-e2-g-transparent-full-set\/#primaryimage"},"thumbnailUrl":"https:\/\/cybuchshisha.pl\/wp-content\/uploads\/2026\/05\/Shisha-Y.K.A.P-Eco-E2-G-Transparent-Full-Set-scaled.jpg","datePublished":"2026-05-06T15:07:21+00:00","dateModified":"2026-05-08T18:50:44+00:00","description":"CYBUCH SHISHA SKLEP \u27a4 Shisha Y.K.A.P Eco E2 G Transparent Full Set \u043f\u043e \u043f\u0440\u0438\u0432\u043b\u0435\u043a\u0430\u0442\u0435\u043b\u044c\u043d\u043e\u0439 \u0446\u0435\u043d\u0435 \u2714\ufe0f \u0411\u044b\u0441\u0442\u0440\u0430\u044f \u0434\u043e\u0441\u0442\u0430\u0432\u043a\u0430 \u2714\ufe0f \u0411\u0435\u0441\u043f\u043b\u0430\u0442\u043d\u0430\u044f \u0434\u043e\u0441\u0442\u0430\u0432\u043a\u0430 \u043e\u0442 500 z\u0142 \u2b50 \u041a\u0443\u043f\u0438\u0442\u044c!","breadcrumb":{"@id":"https:\/\/cybuchshisha.pl\/ru\/\u043c\u0430\u0433\u0430\u0437\u0438\u043d\/shisha-y-k-a-p-eco-e2-g-transparent-full-set\/#breadcrumb"},"inLanguage":"ru-RU","potentialAction":[{"@type":"ReadAction","target":["https:\/\/cybuchshisha.pl\/ru\/\u043c\u0430\u0433\u0430\u0437\u0438\u043d\/shisha-y-k-a-p-eco-e2-g-transparent-full-set\/"]}]},{"@type":"ImageObject","inLanguage":"ru-RU","@id":"https:\/\/cybuchshisha.pl\/ru\/\u043c\u0430\u0433\u0430\u0437\u0438\u043d\/shisha-y-k-a-p-eco-e2-g-transparent-full-set\/#primaryimage","url":"https:\/\/cybuchshisha.pl\/wp-content\/uploads\/2026\/05\/Shisha-Y.K.A.P-Eco-E2-G-Transparent-Full-Set-scaled.jpg","contentUrl":"https:\/\/cybuchshisha.pl\/wp-content\/uploads\/2026\/05\/Shisha-Y.K.A.P-Eco-E2-G-Transparent-Full-Set-scaled.jpg","width":1920,"height":1920},{"@type":"BreadcrumbList","@id":"https:\/\/cybuchshisha.pl\/ru\/\u043c\u0430\u0433\u0430\u0437\u0438\u043d\/shisha-y-k-a-p-eco-e2-g-transparent-full-set\/#breadcrumb","itemListElement":[{"@type":"ListItem","position":1,"name":"\u0413\u043b\u0430\u0432\u043d\u0430\u044f \u0441\u0442\u0440\u0430\u043d\u0438\u0446\u0430","item":"https:\/\/cybuchshisha.pl\/ru\/"},{"@type":"ListItem","position":2,"name":"\u041c\u0430\u0433\u0430\u0437\u0438\u043d","item":"https:\/\/cybuch.staging.seodev.agency\/sklep\/"},{"@type":"ListItem","position":3,"name":"Shisha Y.K.A.P Eco E2 G Transparent Full Set"}]},{"@type":"WebSite","@id":"https:\/\/cybuchshisha.pl\/ru\/#website","url":"https:\/\/cybuchshisha.pl\/ru\/","name":"Cybuch - Shisha Sklep","description":"Shisha, szisza, fajka wodna, melasa i w\u0119gle do shishy","publisher":{"@id":"https:\/\/cybuchshisha.pl\/ru\/#organization"},"alternateName":"Cybuch","potentialAction":[{"@type":"SearchAction","target":{"@type":"EntryPoint","urlTemplate":"https:\/\/cybuchshisha.pl\/ru\/?s={search_term_string}"},"query-input":{"@type":"PropertyValueSpecification","valueRequired":true,"valueName":"search_term_string"}}],"inLanguage":"ru-RU"},{"@type":"Organization","@id":"https:\/\/cybuchshisha.pl\/ru\/#organization","name":"Cybuch - Shisha Sklep","alternateName":"Cybuch","url":"https:\/\/cybuchshisha.pl\/ru\/","logo":{"@type":"ImageObject","inLanguage":"ru-RU","@id":"https:\/\/cybuchshisha.pl\/ru\/#\/schema\/logo\/image\/","url":"https:\/\/cybuchshisha.pl\/wp-content\/uploads\/2023\/11\/kwadrat.png","contentUrl":"https:\/\/cybuchshisha.pl\/wp-content\/uploads\/2023\/11\/kwadrat.png","width":1300,"height":1300,"caption":"Cybuch - Shisha Sklep"},"image":{"@id":"https:\/\/cybuchshisha.pl\/ru\/#\/schema\/logo\/image\/"},"sameAs":["https:\/\/www.facebook.com\/cybuchshisha\/","https:\/\/www.instagram.com\/cybuchshisha\/","https:\/\/www.youtube.com\/channel\/UCEyCpnP1FkFHVh5F4TtkIOQ"]}]}},"_links":{"self":[{"href":"https:\/\/cybuchshisha.pl\/ru\/wp-json\/wp\/v2\/product\/693198","targetHints":{"allow":["GET"]}}],"collection":[{"href":"https:\/\/cybuchshisha.pl\/ru\/wp-json\/wp\/v2\/product"}],"about":[{"href":"https:\/\/cybuchshisha.pl\/ru\/wp-json\/wp\/v2\/types\/product"}],"wp:featuredmedia":[{"embeddable":true,"href":"https:\/\/cybuchshisha.pl\/ru\/wp-json\/wp\/v2\/media\/693199"}],"wp:attachment":[{"href":"https:\/\/cybuchshisha.pl\/ru\/wp-json\/wp\/v2\/media?parent=693198"}],"wp:term":[{"taxonomy":"product_brand","embeddable":true,"href":"https:\/\/cybuchshisha.pl\/ru\/wp-json\/wp\/v2\/product_brand?post=693198"},{"taxonomy":"product_cat","embeddable":true,"href":"https:\/\/cybuchshisha.pl\/ru\/wp-json\/wp\/v2\/product_cat?post=693198"},{"taxonomy":"product_tag","embeddable":true,"href":"https:\/\/cybuchshisha.pl\/ru\/wp-json\/wp\/v2\/product_tag?post=693198"}],"curies":[{"name":"wp","href":"https:\/\/api.w.org\/{rel}","templated":true}]}}