{"id":692441,"date":"2026-04-14T16:24:27","date_gmt":"2026-04-14T14:24:27","guid":{"rendered":"https:\/\/cybuchshisha.pl\/?post_type=product&#038;p=692441"},"modified":"2026-04-14T16:31:54","modified_gmt":"2026-04-14T14:31:54","slug":"adapter-pod-dzban-blade","status":"publish","type":"product","link":"https:\/\/cybuchshisha.pl\/ru\/\u043c\u0430\u0433\u0430\u0437\u0438\u043d\/adapter-pod-dzban-blade\/","title":{"rendered":"Adapter pod dzban Blade"},"content":{"rendered":"<p data-start=\"136\" data-end=\"302\">Adapter pod dzban Blade to praktyczne akcesorium, kt\u00f3re pozwala zmieni\u0107 spos\u00f3b \u0142\u0105czenia shishy z dzbanem, zwi\u0119kszaj\u0105c jej uniwersalno\u015b\u0107 i mo\u017cliwo\u015bci konfiguracji.<\/p>\n<p data-start=\"304\" data-end=\"650\">Adapter umo\u017cliwia przej\u015bcie z systemu gwintowanego na po\u0142\u0105czenie na uszczelk\u0119, dzi\u0119ki czemu mo\u017cna korzysta\u0107 z szerokiej gamy dzban\u00f3w kompatybilnych z klasycznym mocowaniem. To idealne rozwi\u0105zanie dla os\u00f3b, kt\u00f3re chc\u0105 dopasowa\u0107 wygl\u0105d swojej shishy lub u\u017cywa\u0107 r\u00f3\u017cnych dzban\u00f3w bez ogranicze\u0144 systemowych.<\/p>\n<p data-start=\"652\" data-end=\"859\">Wykonany z trwa\u0142ej stali nierdzewnej, zapewnia solidne, szczelne po\u0142\u0105czenie oraz odporno\u015b\u0107 na zu\u017cycie. Konstrukcja gwarantuje brak luz\u00f3w i zachowanie p\u0142ynnego ci\u0105gu, co przek\u0142ada si\u0119 na komfortowe sesje.<\/p>\n","protected":false},"excerpt":{"rendered":"<p>Adapter pod dzban Blade to praktyczne akcesorium, kt\u00f3re pozwala zmieni\u0107 spos\u00f3b \u0142\u0105czenia shishy z dzbanem, zwi\u0119kszaj\u0105c jej uniwersalno\u015b\u0107 i mo\u017cliwo\u015bci konfiguracji. Adapter umo\u017cliwia przej\u015bcie z systemu gwintowanego na po\u0142\u0105czenie na uszczelk\u0119, dzi\u0119ki czemu mo\u017cna korzysta\u0107 z szerokiej gamy dzban\u00f3w kompatybilnych z klasycznym mocowaniem. To idealne rozwi\u0105zanie dla os\u00f3b, kt\u00f3re chc\u0105 dopasowa\u0107 wygl\u0105d swojej shishy lub [&hellip;]<\/p>\n","protected":false},"featured_media":692442,"template":"","meta":{"_acf_changed":false},"product_brand":[9380,9221],"product_cat":[398,171,224],"product_tag":[11834,8883,3331],"class_list":{"0":"post-692441","1":"product","2":"type-product","3":"status-publish","4":"has-post-thumbnail","6":"product_brand-akcesoria-blade","7":"product_brand-blade","8":"product_cat-adaptery","9":"product_cat-akcesoria-do-shishy","10":"product_cat-czesci-zamienne","11":"product_tag-adaper-dzbana","12":"product_tag-adapter-blade","13":"product_tag-blade","15":"first","16":"instock","17":"taxable","18":"shipping-taxable","19":"purchasable","20":"product-type-simple"},"acf":[],"yoast_head":"<!-- This site is optimized with the Yoast SEO Premium plugin v24.6 (Yoast SEO v27.4) - https:\/\/yoast.com\/product\/yoast-seo-premium-wordpress\/ -->\n<title>Adapter pod dzban Blade | \u0425\u043e\u0440\u043e\u0448\u0430\u044f \u0446\u0435\u043d\u0430 | \u0418\u043d\u0442\u0435\u0440\u043d\u0435\u0442 | Cybuchshisha.pl<\/title>\n<meta name=\"description\" content=\"CYBUCH SHISHA SKLEP \u27a4 Adapter pod dzban Blade \u043f\u043e \u043f\u0440\u0438\u0432\u043b\u0435\u043a\u0430\u0442\u0435\u043b\u044c\u043d\u043e\u0439 \u0446\u0435\u043d\u0435 \u2714\ufe0f \u0411\u044b\u0441\u0442\u0440\u0430\u044f \u0434\u043e\u0441\u0442\u0430\u0432\u043a\u0430 \u2714\ufe0f \u0411\u0435\u0441\u043f\u043b\u0430\u0442\u043d\u0430\u044f \u0434\u043e\u0441\u0442\u0430\u0432\u043a\u0430 \u043e\u0442 500 z\u0142 \u2b50 \u041a\u0443\u043f\u0438\u0442\u044c!\" \/>\n<meta name=\"robots\" content=\"index, follow, max-snippet:-1, max-image-preview:large, max-video-preview:-1\" \/>\n<link rel=\"canonical\" href=\"https:\/\/cybuchshisha.pl\/ru\/\u043c\u0430\u0433\u0430\u0437\u0438\u043d\/adapter-pod-dzban-blade\/\" \/>\n<meta property=\"og:locale\" content=\"ru_RU\" \/>\n<meta property=\"og:type\" content=\"article\" \/>\n<meta property=\"og:title\" content=\"Adapter pod dzban Blade\" \/>\n<meta property=\"og:description\" content=\"CYBUCH SHISHA SKLEP \u27a4 Adapter pod dzban Blade \u043f\u043e \u043f\u0440\u0438\u0432\u043b\u0435\u043a\u0430\u0442\u0435\u043b\u044c\u043d\u043e\u0439 \u0446\u0435\u043d\u0435 \u2714\ufe0f \u0411\u044b\u0441\u0442\u0440\u0430\u044f \u0434\u043e\u0441\u0442\u0430\u0432\u043a\u0430 \u2714\ufe0f \u0411\u0435\u0441\u043f\u043b\u0430\u0442\u043d\u0430\u044f \u0434\u043e\u0441\u0442\u0430\u0432\u043a\u0430 \u043e\u0442 500 z\u0142 \u2b50 \u041a\u0443\u043f\u0438\u0442\u044c!\" \/>\n<meta property=\"og:url\" content=\"https:\/\/cybuchshisha.pl\/ru\/\u043c\u0430\u0433\u0430\u0437\u0438\u043d\/adapter-pod-dzban-blade\/\" \/>\n<meta property=\"og:site_name\" content=\"Cybuch - Shisha Sklep\" \/>\n<meta property=\"article:publisher\" content=\"https:\/\/www.facebook.com\/cybuchshisha\/\" \/>\n<meta property=\"article:modified_time\" content=\"2026-04-14T14:31:54+00:00\" \/>\n<meta property=\"og:image\" content=\"https:\/\/cybuchshisha.pl\/wp-content\/uploads\/2026\/04\/Adapter-pod-dzban-Blade.jpg\" \/>\n\t<meta property=\"og:image:width\" content=\"1200\" \/>\n\t<meta property=\"og:image:height\" content=\"1200\" \/>\n\t<meta property=\"og:image:type\" content=\"image\/jpeg\" \/>\n<meta name=\"twitter:card\" content=\"summary_large_image\" \/>\n<meta name=\"twitter:label1\" content=\"\u041f\u0440\u0438\u043c\u0435\u0440\u043d\u043e\u0435 \u0432\u0440\u0435\u043c\u044f \u0434\u043b\u044f \u0447\u0442\u0435\u043d\u0438\u044f\" \/>\n\t<meta name=\"twitter:data1\" content=\"1 \u043c\u0438\u043d\u0443\u0442\u0430\" \/>\n<!-- \/ Yoast SEO Premium plugin. -->","yoast_head_json":{"title":"Adapter pod dzban Blade | \u0425\u043e\u0440\u043e\u0448\u0430\u044f \u0446\u0435\u043d\u0430 | \u0418\u043d\u0442\u0435\u0440\u043d\u0435\u0442 | Cybuchshisha.pl","description":"CYBUCH SHISHA SKLEP \u27a4 Adapter pod dzban Blade \u043f\u043e \u043f\u0440\u0438\u0432\u043b\u0435\u043a\u0430\u0442\u0435\u043b\u044c\u043d\u043e\u0439 \u0446\u0435\u043d\u0435 \u2714\ufe0f \u0411\u044b\u0441\u0442\u0440\u0430\u044f \u0434\u043e\u0441\u0442\u0430\u0432\u043a\u0430 \u2714\ufe0f \u0411\u0435\u0441\u043f\u043b\u0430\u0442\u043d\u0430\u044f \u0434\u043e\u0441\u0442\u0430\u0432\u043a\u0430 \u043e\u0442 500 z\u0142 \u2b50 \u041a\u0443\u043f\u0438\u0442\u044c!","robots":{"index":"index","follow":"follow","max-snippet":"max-snippet:-1","max-image-preview":"max-image-preview:large","max-video-preview":"max-video-preview:-1"},"canonical":"https:\/\/cybuchshisha.pl\/ru\/\u043c\u0430\u0433\u0430\u0437\u0438\u043d\/adapter-pod-dzban-blade\/","og_locale":"ru_RU","og_type":"article","og_title":"Adapter pod dzban Blade","og_description":"CYBUCH SHISHA SKLEP \u27a4 Adapter pod dzban Blade \u043f\u043e \u043f\u0440\u0438\u0432\u043b\u0435\u043a\u0430\u0442\u0435\u043b\u044c\u043d\u043e\u0439 \u0446\u0435\u043d\u0435 \u2714\ufe0f \u0411\u044b\u0441\u0442\u0440\u0430\u044f \u0434\u043e\u0441\u0442\u0430\u0432\u043a\u0430 \u2714\ufe0f \u0411\u0435\u0441\u043f\u043b\u0430\u0442\u043d\u0430\u044f \u0434\u043e\u0441\u0442\u0430\u0432\u043a\u0430 \u043e\u0442 500 z\u0142 \u2b50 \u041a\u0443\u043f\u0438\u0442\u044c!","og_url":"https:\/\/cybuchshisha.pl\/ru\/\u043c\u0430\u0433\u0430\u0437\u0438\u043d\/adapter-pod-dzban-blade\/","og_site_name":"Cybuch - Shisha Sklep","article_publisher":"https:\/\/www.facebook.com\/cybuchshisha\/","article_modified_time":"2026-04-14T14:31:54+00:00","og_image":[{"width":1200,"height":1200,"url":"https:\/\/cybuchshisha.pl\/wp-content\/uploads\/2026\/04\/Adapter-pod-dzban-Blade.jpg","type":"image\/jpeg"}],"twitter_card":"summary_large_image","twitter_misc":{"\u041f\u0440\u0438\u043c\u0435\u0440\u043d\u043e\u0435 \u0432\u0440\u0435\u043c\u044f \u0434\u043b\u044f \u0447\u0442\u0435\u043d\u0438\u044f":"1 \u043c\u0438\u043d\u0443\u0442\u0430"},"schema":{"@context":"https:\/\/schema.org","@graph":[{"@type":"WebPage","@id":"https:\/\/cybuchshisha.pl\/ru\/\u043c\u0430\u0433\u0430\u0437\u0438\u043d\/adapter-pod-dzban-blade\/","url":"https:\/\/cybuchshisha.pl\/ru\/\u043c\u0430\u0433\u0430\u0437\u0438\u043d\/adapter-pod-dzban-blade\/","name":"Adapter pod dzban Blade | \u0425\u043e\u0440\u043e\u0448\u0430\u044f \u0446\u0435\u043d\u0430 | \u0418\u043d\u0442\u0435\u0440\u043d\u0435\u0442-\u043c\u0430\u0433\u0430\u0437\u0438\u043d | \u0412\u0430\u0440\u0448\u0430\u0432\u0430 - CYBUCH SHISHA SKLEP","isPartOf":{"@id":"https:\/\/cybuchshisha.pl\/ru\/#website"},"primaryImageOfPage":{"@id":"https:\/\/cybuchshisha.pl\/ru\/\u043c\u0430\u0433\u0430\u0437\u0438\u043d\/adapter-pod-dzban-blade\/#primaryimage"},"image":{"@id":"https:\/\/cybuchshisha.pl\/ru\/\u043c\u0430\u0433\u0430\u0437\u0438\u043d\/adapter-pod-dzban-blade\/#primaryimage"},"thumbnailUrl":"https:\/\/cybuchshisha.pl\/wp-content\/uploads\/2026\/04\/Adapter-pod-dzban-Blade.jpg","datePublished":"2026-04-14T14:24:27+00:00","dateModified":"2026-04-14T14:31:54+00:00","description":"CYBUCH SHISHA SKLEP \u27a4 Adapter pod dzban Blade \u043f\u043e \u043f\u0440\u0438\u0432\u043b\u0435\u043a\u0430\u0442\u0435\u043b\u044c\u043d\u043e\u0439 \u0446\u0435\u043d\u0435 \u2714\ufe0f \u0411\u044b\u0441\u0442\u0440\u0430\u044f \u0434\u043e\u0441\u0442\u0430\u0432\u043a\u0430 \u2714\ufe0f \u0411\u0435\u0441\u043f\u043b\u0430\u0442\u043d\u0430\u044f \u0434\u043e\u0441\u0442\u0430\u0432\u043a\u0430 \u043e\u0442 500 z\u0142 \u2b50 \u041a\u0443\u043f\u0438\u0442\u044c!","breadcrumb":{"@id":"https:\/\/cybuchshisha.pl\/ru\/\u043c\u0430\u0433\u0430\u0437\u0438\u043d\/adapter-pod-dzban-blade\/#breadcrumb"},"inLanguage":"ru-RU","potentialAction":[{"@type":"ReadAction","target":["https:\/\/cybuchshisha.pl\/ru\/\u043c\u0430\u0433\u0430\u0437\u0438\u043d\/adapter-pod-dzban-blade\/"]}]},{"@type":"ImageObject","inLanguage":"ru-RU","@id":"https:\/\/cybuchshisha.pl\/ru\/\u043c\u0430\u0433\u0430\u0437\u0438\u043d\/adapter-pod-dzban-blade\/#primaryimage","url":"https:\/\/cybuchshisha.pl\/wp-content\/uploads\/2026\/04\/Adapter-pod-dzban-Blade.jpg","contentUrl":"https:\/\/cybuchshisha.pl\/wp-content\/uploads\/2026\/04\/Adapter-pod-dzban-Blade.jpg","width":1200,"height":1200},{"@type":"BreadcrumbList","@id":"https:\/\/cybuchshisha.pl\/ru\/\u043c\u0430\u0433\u0430\u0437\u0438\u043d\/adapter-pod-dzban-blade\/#breadcrumb","itemListElement":[{"@type":"ListItem","position":1,"name":"\u0413\u043b\u0430\u0432\u043d\u0430\u044f \u0441\u0442\u0440\u0430\u043d\u0438\u0446\u0430","item":"https:\/\/cybuchshisha.pl\/ru\/"},{"@type":"ListItem","position":2,"name":"\u041c\u0430\u0433\u0430\u0437\u0438\u043d","item":"https:\/\/cybuch.staging.seodev.agency\/sklep\/"},{"@type":"ListItem","position":3,"name":"Adapter pod dzban Blade"}]},{"@type":"WebSite","@id":"https:\/\/cybuchshisha.pl\/ru\/#website","url":"https:\/\/cybuchshisha.pl\/ru\/","name":"Cybuch - Shisha Sklep","description":"Shisha, szisza, fajka wodna, melasa i w\u0119gle do shishy","publisher":{"@id":"https:\/\/cybuchshisha.pl\/ru\/#organization"},"alternateName":"Cybuch","potentialAction":[{"@type":"SearchAction","target":{"@type":"EntryPoint","urlTemplate":"https:\/\/cybuchshisha.pl\/ru\/?s={search_term_string}"},"query-input":{"@type":"PropertyValueSpecification","valueRequired":true,"valueName":"search_term_string"}}],"inLanguage":"ru-RU"},{"@type":"Organization","@id":"https:\/\/cybuchshisha.pl\/ru\/#organization","name":"Cybuch - Shisha Sklep","alternateName":"Cybuch","url":"https:\/\/cybuchshisha.pl\/ru\/","logo":{"@type":"ImageObject","inLanguage":"ru-RU","@id":"https:\/\/cybuchshisha.pl\/ru\/#\/schema\/logo\/image\/","url":"https:\/\/cybuchshisha.pl\/wp-content\/uploads\/2023\/11\/kwadrat.png","contentUrl":"https:\/\/cybuchshisha.pl\/wp-content\/uploads\/2023\/11\/kwadrat.png","width":1300,"height":1300,"caption":"Cybuch - Shisha Sklep"},"image":{"@id":"https:\/\/cybuchshisha.pl\/ru\/#\/schema\/logo\/image\/"},"sameAs":["https:\/\/www.facebook.com\/cybuchshisha\/","https:\/\/www.instagram.com\/cybuchshisha\/","https:\/\/www.youtube.com\/channel\/UCEyCpnP1FkFHVh5F4TtkIOQ"]}]}},"_links":{"self":[{"href":"https:\/\/cybuchshisha.pl\/ru\/wp-json\/wp\/v2\/product\/692441","targetHints":{"allow":["GET"]}}],"collection":[{"href":"https:\/\/cybuchshisha.pl\/ru\/wp-json\/wp\/v2\/product"}],"about":[{"href":"https:\/\/cybuchshisha.pl\/ru\/wp-json\/wp\/v2\/types\/product"}],"wp:featuredmedia":[{"embeddable":true,"href":"https:\/\/cybuchshisha.pl\/ru\/wp-json\/wp\/v2\/media\/692442"}],"wp:attachment":[{"href":"https:\/\/cybuchshisha.pl\/ru\/wp-json\/wp\/v2\/media?parent=692441"}],"wp:term":[{"taxonomy":"product_brand","embeddable":true,"href":"https:\/\/cybuchshisha.pl\/ru\/wp-json\/wp\/v2\/product_brand?post=692441"},{"taxonomy":"product_cat","embeddable":true,"href":"https:\/\/cybuchshisha.pl\/ru\/wp-json\/wp\/v2\/product_cat?post=692441"},{"taxonomy":"product_tag","embeddable":true,"href":"https:\/\/cybuchshisha.pl\/ru\/wp-json\/wp\/v2\/product_tag?post=692441"}],"curies":[{"name":"wp","href":"https:\/\/api.w.org\/{rel}","templated":true}]}}