{"id":692239,"date":"2026-04-09T13:32:56","date_gmt":"2026-04-09T11:32:56","guid":{"rendered":"https:\/\/cybuchshisha.pl\/?post_type=product&#038;p=692239"},"modified":"2026-04-09T13:54:53","modified_gmt":"2026-04-09T11:54:53","slug":"ustnik-onmo-slim-silver","status":"publish","type":"product","link":"https:\/\/cybuchshisha.pl\/ru\/\u043c\u0430\u0433\u0430\u0437\u0438\u043d\/ustnik-onmo-slim-silver\/","title":{"rendered":"Ustnik ONMO Slim Silver"},"content":{"rendered":"<p data-start=\"142\" data-end=\"397\">ONMO Slim to elegancki, smuk\u0142y ustnik do shishy, zaprojektowany z my\u015bl\u0105 o minimalizmie, wygodzie i nowoczesnym wygl\u0105dzie. Jego cienka, wyd\u0142u\u017cona forma sprawia, \u017ce jest lekki i bardzo komfortowy w u\u017cytkowaniu, szczeg\u00f3lnie podczas d\u0142u\u017cszych sesji.<\/p>\n<p data-start=\"399\" data-end=\"666\">Ustnik dobrze le\u017cy w d\u0142oni, a jego prosta konstrukcja zapewnia wygodne prowadzenie dymu bez zb\u0119dnych udziwnie\u0144. Czarne wyko\u0144czenie nadaje mu uniwersalnego charakteru, dzi\u0119ki czemu \u015bwietnie komponuje si\u0119 z wi\u0119kszo\u015bci\u0105 setup\u00f3w \u2014 zar\u00f3wno klasycznych, jak i nowoczesnych.<\/p>\n","protected":false},"excerpt":{"rendered":"<p>ONMO Slim to elegancki, smuk\u0142y ustnik do shishy, zaprojektowany z my\u015bl\u0105 o minimalizmie, wygodzie i nowoczesnym wygl\u0105dzie. Jego cienka, wyd\u0142u\u017cona forma sprawia, \u017ce jest lekki i bardzo komfortowy w u\u017cytkowaniu, szczeg\u00f3lnie podczas d\u0142u\u017cszych sesji. Ustnik dobrze le\u017cy w d\u0142oni, a jego prosta konstrukcja zapewnia wygodne prowadzenie dymu bez zb\u0119dnych udziwnie\u0144. Czarne wyko\u0144czenie nadaje mu uniwersalnego [&hellip;]<\/p>\n","protected":false},"featured_media":692240,"template":"","meta":{"_acf_changed":false},"product_brand":[9314],"product_cat":[171,261,838,920],"product_tag":[7159,11823],"class_list":{"0":"post-692239","1":"product","2":"type-product","3":"status-publish","4":"has-post-thumbnail","6":"product_brand-onmo","7":"product_cat-akcesoria-do-shishy","8":"product_cat-ustniki-do-shishy","9":"product_cat-ustniki","10":"product_cat-stalowe-ustniki","11":"product_tag-onmo","12":"product_tag-ustnik-onmo","14":"first","15":"instock","16":"taxable","17":"shipping-taxable","18":"purchasable","19":"product-type-simple"},"acf":[],"yoast_head":"<!-- This site is optimized with the Yoast SEO Premium plugin v24.6 (Yoast SEO v27.3) - https:\/\/yoast.com\/product\/yoast-seo-premium-wordpress\/ -->\n<title>Ustnik ONMO Slim Silver | \u0425\u043e\u0440\u043e\u0448\u0430\u044f \u0446\u0435\u043d\u0430 | \u0418\u043d\u0442\u0435\u0440\u043d\u0435\u0442 | Cybuchshisha.pl<\/title>\n<meta name=\"description\" content=\"CYBUCH SHISHA SKLEP \u27a4 Ustnik ONMO Slim Silver \u043f\u043e \u043f\u0440\u0438\u0432\u043b\u0435\u043a\u0430\u0442\u0435\u043b\u044c\u043d\u043e\u0439 \u0446\u0435\u043d\u0435 \u2714\ufe0f \u0411\u044b\u0441\u0442\u0440\u0430\u044f \u0434\u043e\u0441\u0442\u0430\u0432\u043a\u0430 \u2714\ufe0f \u0411\u0435\u0441\u043f\u043b\u0430\u0442\u043d\u0430\u044f \u0434\u043e\u0441\u0442\u0430\u0432\u043a\u0430 \u043e\u0442 500 z\u0142 \u2b50 \u041a\u0443\u043f\u0438\u0442\u044c!\" \/>\n<meta name=\"robots\" content=\"index, follow, max-snippet:-1, max-image-preview:large, max-video-preview:-1\" \/>\n<link rel=\"canonical\" href=\"https:\/\/cybuchshisha.pl\/ru\/\u043c\u0430\u0433\u0430\u0437\u0438\u043d\/ustnik-onmo-slim-silver\/\" \/>\n<meta property=\"og:locale\" content=\"ru_RU\" \/>\n<meta property=\"og:type\" content=\"article\" \/>\n<meta property=\"og:title\" content=\"Ustnik ONMO Slim Silver\" \/>\n<meta property=\"og:description\" content=\"CYBUCH SHISHA SKLEP \u27a4 Ustnik ONMO Slim Silver \u043f\u043e \u043f\u0440\u0438\u0432\u043b\u0435\u043a\u0430\u0442\u0435\u043b\u044c\u043d\u043e\u0439 \u0446\u0435\u043d\u0435 \u2714\ufe0f \u0411\u044b\u0441\u0442\u0440\u0430\u044f \u0434\u043e\u0441\u0442\u0430\u0432\u043a\u0430 \u2714\ufe0f \u0411\u0435\u0441\u043f\u043b\u0430\u0442\u043d\u0430\u044f \u0434\u043e\u0441\u0442\u0430\u0432\u043a\u0430 \u043e\u0442 500 z\u0142 \u2b50 \u041a\u0443\u043f\u0438\u0442\u044c!\" \/>\n<meta property=\"og:url\" content=\"https:\/\/cybuchshisha.pl\/ru\/\u043c\u0430\u0433\u0430\u0437\u0438\u043d\/ustnik-onmo-slim-silver\/\" \/>\n<meta property=\"og:site_name\" content=\"Cybuch - Shisha Sklep\" \/>\n<meta property=\"article:publisher\" content=\"https:\/\/www.facebook.com\/cybuchshisha\/\" \/>\n<meta property=\"article:modified_time\" content=\"2026-04-09T11:54:53+00:00\" \/>\n<meta property=\"og:image\" content=\"https:\/\/cybuchshisha.pl\/wp-content\/uploads\/2026\/04\/Ustnik-ONMO-Slim-Silver.jpg\" \/>\n\t<meta property=\"og:image:width\" content=\"800\" \/>\n\t<meta property=\"og:image:height\" content=\"800\" \/>\n\t<meta property=\"og:image:type\" content=\"image\/jpeg\" \/>\n<meta name=\"twitter:card\" content=\"summary_large_image\" \/>\n<meta name=\"twitter:label1\" content=\"\u041f\u0440\u0438\u043c\u0435\u0440\u043d\u043e\u0435 \u0432\u0440\u0435\u043c\u044f \u0434\u043b\u044f \u0447\u0442\u0435\u043d\u0438\u044f\" \/>\n\t<meta name=\"twitter:data1\" content=\"1 \u043c\u0438\u043d\u0443\u0442\u0430\" \/>\n<!-- \/ Yoast SEO Premium plugin. -->","yoast_head_json":{"title":"Ustnik ONMO Slim Silver | \u0425\u043e\u0440\u043e\u0448\u0430\u044f \u0446\u0435\u043d\u0430 | \u0418\u043d\u0442\u0435\u0440\u043d\u0435\u0442 | Cybuchshisha.pl","description":"CYBUCH SHISHA SKLEP \u27a4 Ustnik ONMO Slim Silver \u043f\u043e \u043f\u0440\u0438\u0432\u043b\u0435\u043a\u0430\u0442\u0435\u043b\u044c\u043d\u043e\u0439 \u0446\u0435\u043d\u0435 \u2714\ufe0f \u0411\u044b\u0441\u0442\u0440\u0430\u044f \u0434\u043e\u0441\u0442\u0430\u0432\u043a\u0430 \u2714\ufe0f \u0411\u0435\u0441\u043f\u043b\u0430\u0442\u043d\u0430\u044f \u0434\u043e\u0441\u0442\u0430\u0432\u043a\u0430 \u043e\u0442 500 z\u0142 \u2b50 \u041a\u0443\u043f\u0438\u0442\u044c!","robots":{"index":"index","follow":"follow","max-snippet":"max-snippet:-1","max-image-preview":"max-image-preview:large","max-video-preview":"max-video-preview:-1"},"canonical":"https:\/\/cybuchshisha.pl\/ru\/\u043c\u0430\u0433\u0430\u0437\u0438\u043d\/ustnik-onmo-slim-silver\/","og_locale":"ru_RU","og_type":"article","og_title":"Ustnik ONMO Slim Silver","og_description":"CYBUCH SHISHA SKLEP \u27a4 Ustnik ONMO Slim Silver \u043f\u043e \u043f\u0440\u0438\u0432\u043b\u0435\u043a\u0430\u0442\u0435\u043b\u044c\u043d\u043e\u0439 \u0446\u0435\u043d\u0435 \u2714\ufe0f \u0411\u044b\u0441\u0442\u0440\u0430\u044f \u0434\u043e\u0441\u0442\u0430\u0432\u043a\u0430 \u2714\ufe0f \u0411\u0435\u0441\u043f\u043b\u0430\u0442\u043d\u0430\u044f \u0434\u043e\u0441\u0442\u0430\u0432\u043a\u0430 \u043e\u0442 500 z\u0142 \u2b50 \u041a\u0443\u043f\u0438\u0442\u044c!","og_url":"https:\/\/cybuchshisha.pl\/ru\/\u043c\u0430\u0433\u0430\u0437\u0438\u043d\/ustnik-onmo-slim-silver\/","og_site_name":"Cybuch - Shisha Sklep","article_publisher":"https:\/\/www.facebook.com\/cybuchshisha\/","article_modified_time":"2026-04-09T11:54:53+00:00","og_image":[{"width":800,"height":800,"url":"https:\/\/cybuchshisha.pl\/wp-content\/uploads\/2026\/04\/Ustnik-ONMO-Slim-Silver.jpg","type":"image\/jpeg"}],"twitter_card":"summary_large_image","twitter_misc":{"\u041f\u0440\u0438\u043c\u0435\u0440\u043d\u043e\u0435 \u0432\u0440\u0435\u043c\u044f \u0434\u043b\u044f \u0447\u0442\u0435\u043d\u0438\u044f":"1 \u043c\u0438\u043d\u0443\u0442\u0430"},"schema":{"@context":"https:\/\/schema.org","@graph":[{"@type":"WebPage","@id":"https:\/\/cybuchshisha.pl\/ru\/\u043c\u0430\u0433\u0430\u0437\u0438\u043d\/ustnik-onmo-slim-silver\/","url":"https:\/\/cybuchshisha.pl\/ru\/\u043c\u0430\u0433\u0430\u0437\u0438\u043d\/ustnik-onmo-slim-silver\/","name":"Ustnik ONMO Slim Silver | \u0425\u043e\u0440\u043e\u0448\u0430\u044f \u0446\u0435\u043d\u0430 | \u0418\u043d\u0442\u0435\u0440\u043d\u0435\u0442-\u043c\u0430\u0433\u0430\u0437\u0438\u043d | \u0412\u0430\u0440\u0448\u0430\u0432\u0430 - CYBUCH SHISHA SKLEP","isPartOf":{"@id":"https:\/\/cybuchshisha.pl\/ru\/#website"},"primaryImageOfPage":{"@id":"https:\/\/cybuchshisha.pl\/ru\/\u043c\u0430\u0433\u0430\u0437\u0438\u043d\/ustnik-onmo-slim-silver\/#primaryimage"},"image":{"@id":"https:\/\/cybuchshisha.pl\/ru\/\u043c\u0430\u0433\u0430\u0437\u0438\u043d\/ustnik-onmo-slim-silver\/#primaryimage"},"thumbnailUrl":"https:\/\/cybuchshisha.pl\/wp-content\/uploads\/2026\/04\/Ustnik-ONMO-Slim-Silver.jpg","datePublished":"2026-04-09T11:32:56+00:00","dateModified":"2026-04-09T11:54:53+00:00","description":"CYBUCH SHISHA SKLEP \u27a4 Ustnik ONMO Slim Silver \u043f\u043e \u043f\u0440\u0438\u0432\u043b\u0435\u043a\u0430\u0442\u0435\u043b\u044c\u043d\u043e\u0439 \u0446\u0435\u043d\u0435 \u2714\ufe0f \u0411\u044b\u0441\u0442\u0440\u0430\u044f \u0434\u043e\u0441\u0442\u0430\u0432\u043a\u0430 \u2714\ufe0f \u0411\u0435\u0441\u043f\u043b\u0430\u0442\u043d\u0430\u044f \u0434\u043e\u0441\u0442\u0430\u0432\u043a\u0430 \u043e\u0442 500 z\u0142 \u2b50 \u041a\u0443\u043f\u0438\u0442\u044c!","breadcrumb":{"@id":"https:\/\/cybuchshisha.pl\/ru\/\u043c\u0430\u0433\u0430\u0437\u0438\u043d\/ustnik-onmo-slim-silver\/#breadcrumb"},"inLanguage":"ru-RU","potentialAction":[{"@type":"ReadAction","target":["https:\/\/cybuchshisha.pl\/ru\/\u043c\u0430\u0433\u0430\u0437\u0438\u043d\/ustnik-onmo-slim-silver\/"]}]},{"@type":"ImageObject","inLanguage":"ru-RU","@id":"https:\/\/cybuchshisha.pl\/ru\/\u043c\u0430\u0433\u0430\u0437\u0438\u043d\/ustnik-onmo-slim-silver\/#primaryimage","url":"https:\/\/cybuchshisha.pl\/wp-content\/uploads\/2026\/04\/Ustnik-ONMO-Slim-Silver.jpg","contentUrl":"https:\/\/cybuchshisha.pl\/wp-content\/uploads\/2026\/04\/Ustnik-ONMO-Slim-Silver.jpg","width":800,"height":800,"caption":"CREATOR: gd-jpeg v1.0 (using IJG JPEG v62), quality = 80"},{"@type":"BreadcrumbList","@id":"https:\/\/cybuchshisha.pl\/ru\/\u043c\u0430\u0433\u0430\u0437\u0438\u043d\/ustnik-onmo-slim-silver\/#breadcrumb","itemListElement":[{"@type":"ListItem","position":1,"name":"\u0413\u043b\u0430\u0432\u043d\u0430\u044f \u0441\u0442\u0440\u0430\u043d\u0438\u0446\u0430","item":"https:\/\/cybuchshisha.pl\/ru\/"},{"@type":"ListItem","position":2,"name":"\u041c\u0430\u0433\u0430\u0437\u0438\u043d","item":"https:\/\/cybuch.staging.seodev.agency\/sklep\/"},{"@type":"ListItem","position":3,"name":"Ustnik ONMO Slim Silver"}]},{"@type":"WebSite","@id":"https:\/\/cybuchshisha.pl\/ru\/#website","url":"https:\/\/cybuchshisha.pl\/ru\/","name":"Cybuch - Shisha Sklep","description":"Shisha, szisza, fajka wodna, melasa i w\u0119gle do shishy","publisher":{"@id":"https:\/\/cybuchshisha.pl\/ru\/#organization"},"alternateName":"Cybuch","potentialAction":[{"@type":"SearchAction","target":{"@type":"EntryPoint","urlTemplate":"https:\/\/cybuchshisha.pl\/ru\/?s={search_term_string}"},"query-input":{"@type":"PropertyValueSpecification","valueRequired":true,"valueName":"search_term_string"}}],"inLanguage":"ru-RU"},{"@type":"Organization","@id":"https:\/\/cybuchshisha.pl\/ru\/#organization","name":"Cybuch - Shisha Sklep","alternateName":"Cybuch","url":"https:\/\/cybuchshisha.pl\/ru\/","logo":{"@type":"ImageObject","inLanguage":"ru-RU","@id":"https:\/\/cybuchshisha.pl\/ru\/#\/schema\/logo\/image\/","url":"https:\/\/cybuchshisha.pl\/wp-content\/uploads\/2023\/11\/kwadrat.png","contentUrl":"https:\/\/cybuchshisha.pl\/wp-content\/uploads\/2023\/11\/kwadrat.png","width":1300,"height":1300,"caption":"Cybuch - Shisha Sklep"},"image":{"@id":"https:\/\/cybuchshisha.pl\/ru\/#\/schema\/logo\/image\/"},"sameAs":["https:\/\/www.facebook.com\/cybuchshisha\/","https:\/\/www.instagram.com\/cybuchshisha\/","https:\/\/www.youtube.com\/channel\/UCEyCpnP1FkFHVh5F4TtkIOQ"]}]}},"_links":{"self":[{"href":"https:\/\/cybuchshisha.pl\/ru\/wp-json\/wp\/v2\/product\/692239","targetHints":{"allow":["GET"]}}],"collection":[{"href":"https:\/\/cybuchshisha.pl\/ru\/wp-json\/wp\/v2\/product"}],"about":[{"href":"https:\/\/cybuchshisha.pl\/ru\/wp-json\/wp\/v2\/types\/product"}],"wp:featuredmedia":[{"embeddable":true,"href":"https:\/\/cybuchshisha.pl\/ru\/wp-json\/wp\/v2\/media\/692240"}],"wp:attachment":[{"href":"https:\/\/cybuchshisha.pl\/ru\/wp-json\/wp\/v2\/media?parent=692239"}],"wp:term":[{"taxonomy":"product_brand","embeddable":true,"href":"https:\/\/cybuchshisha.pl\/ru\/wp-json\/wp\/v2\/product_brand?post=692239"},{"taxonomy":"product_cat","embeddable":true,"href":"https:\/\/cybuchshisha.pl\/ru\/wp-json\/wp\/v2\/product_cat?post=692239"},{"taxonomy":"product_tag","embeddable":true,"href":"https:\/\/cybuchshisha.pl\/ru\/wp-json\/wp\/v2\/product_tag?post=692239"}],"curies":[{"name":"wp","href":"https:\/\/api.w.org\/{rel}","templated":true}]}}