{"id":649764,"date":"2025-04-14T18:02:08","date_gmt":"2025-04-14T16:02:08","guid":{"rendered":"https:\/\/cybuch.staging.seodev.agency\/?post_type=product&#038;p=649764"},"modified":"2026-04-10T19:30:01","modified_gmt":"2026-04-10T17:30:01","slug":"herbata-czerwona-dian-hong-lincang-100g-2","status":"publish","type":"product","link":"https:\/\/cybuchshisha.pl\/ru\/\u043c\u0430\u0433\u0430\u0437\u0438\u043d\/herbata-czerwona-dian-hong-lincang-100g-2\/","title":{"rendered":"Herbata Czerwona Dian Hong Lincang 100g"},"content":{"rendered":"<p data-start=\"119\" data-end=\"199\">Herbata Czerwona Dian Hong Lincang \u2014 g\u0142\u0119bia Yunnanu w ka\u017cdej fili\u017cance<\/p>\n<p class=\"\" data-start=\"200\" data-end=\"288\">Pochodzenie: Lincang, prowincja Yunnan, Chiny<br data-start=\"249\" data-end=\"252\" \/>Typ: herbata czerwona (hong cha)<\/p>\n<p class=\"\" data-start=\"290\" data-end=\"555\">Dian Hong to klasyczna chi\u0144ska herbata czerwona, kt\u00f3rej historia si\u0119ga pocz\u0105tk\u00f3w XX wieku. Uprawiana i produkowana w g\u00f3rzystym regionie Lincang w prowincji Yunnan \u2014 miejscu uznawanym za kolebk\u0119 wielkich herbat \u2014 \u0142\u0105czy w sobie moc, elegancj\u0119 i naturaln\u0105 s\u0142odycz.<\/p>\n<p class=\"\" data-start=\"557\" data-end=\"834\">Herbata Dian Hong wyr\u00f3\u017cnia si\u0119 du\u017cymi, r\u0119cznie zbieranymi li\u015b\u0107mi, cz\u0119sto z widocznymi z\u0142otymi tipsami. Napar ma ciemnoczerwon\u0105 barw\u0119, a w smaku dominuje g\u0142adka s\u0142odycz z nutami miodu, suszonych owoc\u00f3w, kakao i przypraw. Aromat jest ciep\u0142y, otulaj\u0105cy i wyj\u0105tkowo trwa\u0142y.<\/p>\n<p class=\"\" data-start=\"836\" data-end=\"959\">Jest to herbata o \u0142agodnym dzia\u0142aniu pobudzaj\u0105cym, doskona\u0142a na poranek, do pracy lub do spokojnego popo\u0142udniowego relaksu.<\/p>\n<p><strong>Parzenie:<\/strong><\/p>\n<p>Metody parzenia s\u0105 podobne, g\u0142\u00f3wnie r\u00f3\u017cni\u0105 si\u0119 temperatur\u0105 i czasem parzenia mi\u0119dzy kolejnymi zalaniami.<\/p>\n<p>Oko\u0142o 7-9 gram\u00f3w wystarcza na 1 sesje, je\u015bli parzymy herbat\u0119 przelewami. Rekomendujemy parzy\u0107 herbat\u0119 wod\u0105 niskozmineralizowan\u0105.<\/p>\n<p>Pierwsze parzenie \u2013 wylewa si\u0119, aby przep\u0142uka\u0107 herbat\u0119 i pozwoli\u0107 jej si\u0119 otworzy\u0107. Nale\u017cy zala\u0107 wod\u0105 o temperaturze w\u0142a\u015bciwego parzenia i wyla\u0107 po 7 sekundach.<\/p>\n<p>W\u0142a\u015bciwe parzenie czerwonej herbaty \u2013 zalewamy herbat\u0119 wod\u0105 o temperaturze 95-100\u00b0C, parzymy od 10 do 30 sekund. W tym celu mo\u017cna pom\u00f3c sobie stoperem. Im d\u0142u\u017cszy czas parzenia, tym bardziej osi\u0105gniemy mocniejszy napar (czyli tzw. \u201eczifiru\u201d).<\/p>\n<p>W przypadku parze\u0144 po 10 sekund, jedna porcja herbaty wystarczy nam na ok. 18 parze\u0144. Dla parzenia po 30 sekund, wystarczy nam na ok. 7 parze\u0144.<\/p>\n<p><strong>Przechowywanie:<\/strong><\/p>\n<p>Trzyma\u0107 w suchym i ch\u0142odnym miejscu, z dala od bezpo\u015bredniego \u015bwiat\u0142a s\u0142onecznego.<\/p>\n<p>Przechowywa\u0107 w szczelnie zamkni\u0119tym opakowaniu, aby zapobiec dostaniu si\u0119 wilgoci i zapach\u00f3w z otoczenia.<\/p>\n<p>Unika\u0107 przechowywania herbaty w pobli\u017cu intensywnie pachn\u0105cych substancji, takich jak przyprawy czy kosmetyki, kt\u00f3re mog\u0105 wp\u0142yn\u0105\u0107 na jej aromat.<\/p>\n<p>Dzi\u0119ki tym zasadom herbata zachowa \u015bwie\u017co\u015b\u0107 i smak na d\u0142u\u017cej.<\/p>\n","protected":false},"excerpt":{"rendered":"<p>Herbata Czerwona Dian Hong Lincang \u2014 g\u0142\u0119bia Yunnanu w ka\u017cdej fili\u017cance Pochodzenie: Lincang, prowincja Yunnan, ChinyTyp: herbata czerwona (hong cha) Dian Hong to klasyczna chi\u0144ska herbata czerwona, kt\u00f3rej historia si\u0119ga pocz\u0105tk\u00f3w XX wieku. Uprawiana i produkowana w g\u00f3rzystym regionie Lincang w prowincji Yunnan \u2014 miejscu uznawanym za kolebk\u0119 wielkich herbat \u2014 \u0142\u0105czy w sobie moc, [&hellip;]<\/p>\n","protected":false},"featured_media":649765,"template":"","meta":{"_acf_changed":false},"product_brand":[],"product_cat":[8534,8647,8533],"product_tag":[8888,8889,8890],"class_list":{"0":"post-649764","1":"product","2":"type-product","3":"status-publish","4":"has-post-thumbnail","6":"product_cat-chinska-herbata","7":"product_cat-herbata-czerwona","8":"product_cat-herbaty","9":"product_tag-herbata","10":"product_tag-herbata-czerwona","11":"product_tag-zhengshan","13":"first","14":"instock","15":"taxable","16":"shipping-taxable","17":"purchasable","18":"product-type-simple"},"acf":[],"yoast_head":"<!-- This site is optimized with the Yoast SEO Premium plugin v24.6 (Yoast SEO v27.5) - https:\/\/yoast.com\/product\/yoast-seo-premium-wordpress\/ -->\n<title>Herbata Czerwona Dian Hong Lincang 100g | \u0425\u043e\u0440\u043e\u0448\u0430\u044f \u0446\u0435\u043d\u0430 | \u0418\u043d\u0442\u0435\u0440\u043d\u0435\u0442 | Cybuchshisha.pl<\/title>\n<meta name=\"description\" content=\"CYBUCH SHISHA SKLEP \u27a4 Herbata Czerwona Dian Hong Lincang 100g \u043f\u043e \u043f\u0440\u0438\u0432\u043b\u0435\u043a\u0430\u0442\u0435\u043b\u044c\u043d\u043e\u0439 \u0446\u0435\u043d\u0435 \u2714\ufe0f \u0411\u044b\u0441\u0442\u0440\u0430\u044f \u0434\u043e\u0441\u0442\u0430\u0432\u043a\u0430 \u2714\ufe0f \u0411\u0435\u0441\u043f\u043b\u0430\u0442\u043d\u0430\u044f \u0434\u043e\u0441\u0442\u0430\u0432\u043a\u0430 \u043e\u0442 500 z\u0142 \u2b50 \u041a\u0443\u043f\u0438\u0442\u044c!\" \/>\n<meta name=\"robots\" content=\"index, follow, max-snippet:-1, max-image-preview:large, max-video-preview:-1\" \/>\n<link rel=\"canonical\" href=\"https:\/\/cybuchshisha.pl\/ru\/\u043c\u0430\u0433\u0430\u0437\u0438\u043d\/herbata-czerwona-dian-hong-lincang-100g-2\/\" \/>\n<meta property=\"og:locale\" content=\"ru_RU\" \/>\n<meta property=\"og:type\" content=\"article\" \/>\n<meta property=\"og:title\" content=\"Herbata Czerwona Dian Hong Lincang 100g\" \/>\n<meta property=\"og:description\" content=\"CYBUCH SHISHA SKLEP \u27a4 Herbata Czerwona Dian Hong Lincang 100g \u043f\u043e \u043f\u0440\u0438\u0432\u043b\u0435\u043a\u0430\u0442\u0435\u043b\u044c\u043d\u043e\u0439 \u0446\u0435\u043d\u0435 \u2714\ufe0f \u0411\u044b\u0441\u0442\u0440\u0430\u044f \u0434\u043e\u0441\u0442\u0430\u0432\u043a\u0430 \u2714\ufe0f \u0411\u0435\u0441\u043f\u043b\u0430\u0442\u043d\u0430\u044f \u0434\u043e\u0441\u0442\u0430\u0432\u043a\u0430 \u043e\u0442 500 z\u0142 \u2b50 \u041a\u0443\u043f\u0438\u0442\u044c!\" \/>\n<meta property=\"og:url\" content=\"https:\/\/cybuchshisha.pl\/ru\/\u043c\u0430\u0433\u0430\u0437\u0438\u043d\/herbata-czerwona-dian-hong-lincang-100g-2\/\" \/>\n<meta property=\"og:site_name\" content=\"Cybuch - Shisha Sklep\" \/>\n<meta property=\"article:publisher\" content=\"https:\/\/www.facebook.com\/cybuchshisha\/\" \/>\n<meta property=\"article:modified_time\" content=\"2026-04-10T17:30:01+00:00\" \/>\n<meta property=\"og:image\" content=\"https:\/\/cybuchshisha.pl\/wp-content\/uploads\/2023\/11\/logo_fullcolor_rgb_3-1-scaled.png\" \/>\n\t<meta property=\"og:image:width\" content=\"1920\" \/>\n\t<meta property=\"og:image:height\" content=\"960\" \/>\n\t<meta property=\"og:image:type\" content=\"image\/png\" \/>\n<meta name=\"twitter:card\" content=\"summary_large_image\" \/>\n<meta name=\"twitter:label1\" content=\"\u041f\u0440\u0438\u043c\u0435\u0440\u043d\u043e\u0435 \u0432\u0440\u0435\u043c\u044f \u0434\u043b\u044f \u0447\u0442\u0435\u043d\u0438\u044f\" \/>\n\t<meta name=\"twitter:data1\" content=\"2 \u043c\u0438\u043d\u0443\u0442\u044b\" \/>\n<!-- \/ Yoast SEO Premium plugin. -->","yoast_head_json":{"title":"Herbata Czerwona Dian Hong Lincang 100g | \u0425\u043e\u0440\u043e\u0448\u0430\u044f \u0446\u0435\u043d\u0430 | \u0418\u043d\u0442\u0435\u0440\u043d\u0435\u0442 | Cybuchshisha.pl","description":"CYBUCH SHISHA SKLEP \u27a4 Herbata Czerwona Dian Hong Lincang 100g \u043f\u043e \u043f\u0440\u0438\u0432\u043b\u0435\u043a\u0430\u0442\u0435\u043b\u044c\u043d\u043e\u0439 \u0446\u0435\u043d\u0435 \u2714\ufe0f \u0411\u044b\u0441\u0442\u0440\u0430\u044f \u0434\u043e\u0441\u0442\u0430\u0432\u043a\u0430 \u2714\ufe0f \u0411\u0435\u0441\u043f\u043b\u0430\u0442\u043d\u0430\u044f \u0434\u043e\u0441\u0442\u0430\u0432\u043a\u0430 \u043e\u0442 500 z\u0142 \u2b50 \u041a\u0443\u043f\u0438\u0442\u044c!","robots":{"index":"index","follow":"follow","max-snippet":"max-snippet:-1","max-image-preview":"max-image-preview:large","max-video-preview":"max-video-preview:-1"},"canonical":"https:\/\/cybuchshisha.pl\/ru\/\u043c\u0430\u0433\u0430\u0437\u0438\u043d\/herbata-czerwona-dian-hong-lincang-100g-2\/","og_locale":"ru_RU","og_type":"article","og_title":"Herbata Czerwona Dian Hong Lincang 100g","og_description":"CYBUCH SHISHA SKLEP \u27a4 Herbata Czerwona Dian Hong Lincang 100g \u043f\u043e \u043f\u0440\u0438\u0432\u043b\u0435\u043a\u0430\u0442\u0435\u043b\u044c\u043d\u043e\u0439 \u0446\u0435\u043d\u0435 \u2714\ufe0f \u0411\u044b\u0441\u0442\u0440\u0430\u044f \u0434\u043e\u0441\u0442\u0430\u0432\u043a\u0430 \u2714\ufe0f \u0411\u0435\u0441\u043f\u043b\u0430\u0442\u043d\u0430\u044f \u0434\u043e\u0441\u0442\u0430\u0432\u043a\u0430 \u043e\u0442 500 z\u0142 \u2b50 \u041a\u0443\u043f\u0438\u0442\u044c!","og_url":"https:\/\/cybuchshisha.pl\/ru\/\u043c\u0430\u0433\u0430\u0437\u0438\u043d\/herbata-czerwona-dian-hong-lincang-100g-2\/","og_site_name":"Cybuch - Shisha Sklep","article_publisher":"https:\/\/www.facebook.com\/cybuchshisha\/","article_modified_time":"2026-04-10T17:30:01+00:00","og_image":[{"width":1920,"height":960,"url":"https:\/\/cybuchshisha.pl\/wp-content\/uploads\/2023\/11\/logo_fullcolor_rgb_3-1-scaled.png","type":"image\/png"}],"twitter_card":"summary_large_image","twitter_misc":{"\u041f\u0440\u0438\u043c\u0435\u0440\u043d\u043e\u0435 \u0432\u0440\u0435\u043c\u044f \u0434\u043b\u044f \u0447\u0442\u0435\u043d\u0438\u044f":"2 \u043c\u0438\u043d\u0443\u0442\u044b"},"schema":{"@context":"https:\/\/schema.org","@graph":[{"@type":"WebPage","@id":"https:\/\/cybuchshisha.pl\/ru\/\u043c\u0430\u0433\u0430\u0437\u0438\u043d\/herbata-czerwona-dian-hong-lincang-100g-2\/","url":"https:\/\/cybuchshisha.pl\/ru\/\u043c\u0430\u0433\u0430\u0437\u0438\u043d\/herbata-czerwona-dian-hong-lincang-100g-2\/","name":"Herbata Czerwona Dian Hong Lincang 100g | \u0425\u043e\u0440\u043e\u0448\u0430\u044f \u0446\u0435\u043d\u0430 | \u0418\u043d\u0442\u0435\u0440\u043d\u0435\u0442-\u043c\u0430\u0433\u0430\u0437\u0438\u043d | \u0412\u0430\u0440\u0448\u0430\u0432\u0430 - CYBUCH SHISHA SKLEP","isPartOf":{"@id":"https:\/\/cybuchshisha.pl\/ru\/#website"},"primaryImageOfPage":{"@id":"https:\/\/cybuchshisha.pl\/ru\/\u043c\u0430\u0433\u0430\u0437\u0438\u043d\/herbata-czerwona-dian-hong-lincang-100g-2\/#primaryimage"},"image":{"@id":"https:\/\/cybuchshisha.pl\/ru\/\u043c\u0430\u0433\u0430\u0437\u0438\u043d\/herbata-czerwona-dian-hong-lincang-100g-2\/#primaryimage"},"thumbnailUrl":"https:\/\/cybuchshisha.pl\/wp-content\/uploads\/2025\/10\/16315-Herbata-Czerwona-Dian-Hong-Lincang-100g-1-scaled.jpg","datePublished":"2025-04-14T16:02:08+00:00","dateModified":"2026-04-10T17:30:01+00:00","description":"CYBUCH SHISHA SKLEP \u27a4 Herbata Czerwona Dian Hong Lincang 100g \u043f\u043e \u043f\u0440\u0438\u0432\u043b\u0435\u043a\u0430\u0442\u0435\u043b\u044c\u043d\u043e\u0439 \u0446\u0435\u043d\u0435 \u2714\ufe0f \u0411\u044b\u0441\u0442\u0440\u0430\u044f \u0434\u043e\u0441\u0442\u0430\u0432\u043a\u0430 \u2714\ufe0f \u0411\u0435\u0441\u043f\u043b\u0430\u0442\u043d\u0430\u044f \u0434\u043e\u0441\u0442\u0430\u0432\u043a\u0430 \u043e\u0442 500 z\u0142 \u2b50 \u041a\u0443\u043f\u0438\u0442\u044c!","breadcrumb":{"@id":"https:\/\/cybuchshisha.pl\/ru\/\u043c\u0430\u0433\u0430\u0437\u0438\u043d\/herbata-czerwona-dian-hong-lincang-100g-2\/#breadcrumb"},"inLanguage":"ru-RU","potentialAction":[{"@type":"ReadAction","target":["https:\/\/cybuchshisha.pl\/ru\/\u043c\u0430\u0433\u0430\u0437\u0438\u043d\/herbata-czerwona-dian-hong-lincang-100g-2\/"]}]},{"@type":"ImageObject","inLanguage":"ru-RU","@id":"https:\/\/cybuchshisha.pl\/ru\/\u043c\u0430\u0433\u0430\u0437\u0438\u043d\/herbata-czerwona-dian-hong-lincang-100g-2\/#primaryimage","url":"https:\/\/cybuchshisha.pl\/wp-content\/uploads\/2025\/10\/16315-Herbata-Czerwona-Dian-Hong-Lincang-100g-1-scaled.jpg","contentUrl":"https:\/\/cybuchshisha.pl\/wp-content\/uploads\/2025\/10\/16315-Herbata-Czerwona-Dian-Hong-Lincang-100g-1-scaled.jpg","width":1920,"height":1920},{"@type":"BreadcrumbList","@id":"https:\/\/cybuchshisha.pl\/ru\/\u043c\u0430\u0433\u0430\u0437\u0438\u043d\/herbata-czerwona-dian-hong-lincang-100g-2\/#breadcrumb","itemListElement":[{"@type":"ListItem","position":1,"name":"\u0413\u043b\u0430\u0432\u043d\u0430\u044f \u0441\u0442\u0440\u0430\u043d\u0438\u0446\u0430","item":"https:\/\/cybuchshisha.pl\/ru\/"},{"@type":"ListItem","position":2,"name":"\u041c\u0430\u0433\u0430\u0437\u0438\u043d","item":"https:\/\/cybuch.staging.seodev.agency\/sklep\/"},{"@type":"ListItem","position":3,"name":"Herbata Czerwona Dian Hong Lincang 100g"}]},{"@type":"WebSite","@id":"https:\/\/cybuchshisha.pl\/ru\/#website","url":"https:\/\/cybuchshisha.pl\/ru\/","name":"Cybuch - Shisha Sklep","description":"Shisha, szisza, fajka wodna, melasa i w\u0119gle do shishy","publisher":{"@id":"https:\/\/cybuchshisha.pl\/ru\/#organization"},"alternateName":"Cybuch","potentialAction":[{"@type":"SearchAction","target":{"@type":"EntryPoint","urlTemplate":"https:\/\/cybuchshisha.pl\/ru\/?s={search_term_string}"},"query-input":{"@type":"PropertyValueSpecification","valueRequired":true,"valueName":"search_term_string"}}],"inLanguage":"ru-RU"},{"@type":"Organization","@id":"https:\/\/cybuchshisha.pl\/ru\/#organization","name":"Cybuch - Shisha Sklep","alternateName":"Cybuch","url":"https:\/\/cybuchshisha.pl\/ru\/","logo":{"@type":"ImageObject","inLanguage":"ru-RU","@id":"https:\/\/cybuchshisha.pl\/ru\/#\/schema\/logo\/image\/","url":"https:\/\/cybuchshisha.pl\/wp-content\/uploads\/2023\/11\/kwadrat.png","contentUrl":"https:\/\/cybuchshisha.pl\/wp-content\/uploads\/2023\/11\/kwadrat.png","width":1300,"height":1300,"caption":"Cybuch - Shisha Sklep"},"image":{"@id":"https:\/\/cybuchshisha.pl\/ru\/#\/schema\/logo\/image\/"},"sameAs":["https:\/\/www.facebook.com\/cybuchshisha\/","https:\/\/www.instagram.com\/cybuchshisha\/","https:\/\/www.youtube.com\/channel\/UCEyCpnP1FkFHVh5F4TtkIOQ"]}]}},"_links":{"self":[{"href":"https:\/\/cybuchshisha.pl\/ru\/wp-json\/wp\/v2\/product\/649764","targetHints":{"allow":["GET"]}}],"collection":[{"href":"https:\/\/cybuchshisha.pl\/ru\/wp-json\/wp\/v2\/product"}],"about":[{"href":"https:\/\/cybuchshisha.pl\/ru\/wp-json\/wp\/v2\/types\/product"}],"wp:featuredmedia":[{"embeddable":true,"href":"https:\/\/cybuchshisha.pl\/ru\/wp-json\/wp\/v2\/media\/649765"}],"wp:attachment":[{"href":"https:\/\/cybuchshisha.pl\/ru\/wp-json\/wp\/v2\/media?parent=649764"}],"wp:term":[{"taxonomy":"product_brand","embeddable":true,"href":"https:\/\/cybuchshisha.pl\/ru\/wp-json\/wp\/v2\/product_brand?post=649764"},{"taxonomy":"product_cat","embeddable":true,"href":"https:\/\/cybuchshisha.pl\/ru\/wp-json\/wp\/v2\/product_cat?post=649764"},{"taxonomy":"product_tag","embeddable":true,"href":"https:\/\/cybuchshisha.pl\/ru\/wp-json\/wp\/v2\/product_tag?post=649764"}],"curies":[{"name":"wp","href":"https:\/\/api.w.org\/{rel}","templated":true}]}}