{"id":625653,"date":"2025-02-07T14:48:45","date_gmt":"2025-02-07T13:48:45","guid":{"rendered":"https:\/\/cybuchshisha.pl\/?post_type=product&#038;p=625653"},"modified":"2026-03-24T14:30:03","modified_gmt":"2026-03-24T13:30:03","slug":"herbata-zielona-fujian-bi-luo-chun-2-10g","status":"publish","type":"product","link":"https:\/\/cybuchshisha.pl\/ru\/\u043c\u0430\u0433\u0430\u0437\u0438\u043d\/herbata-zielona-fujian-bi-luo-chun-2-10g\/","title":{"rendered":"Herbata Zielona Fujian Bi Luo Chun 2 10g"},"content":{"rendered":"<p><strong>Herbata zielona Fujian Bi Luo Chun<\/strong> \u2013 Szmaragdowe Spirale Wiosny, per\u0142\u0119 w\u015br\u00f3d zielonych herbat Chin, kt\u00f3rej nazwa doskonale oddaje zar\u00f3wno jej wygl\u0105d, jak i niezr\u00f3wnany smak.<\/p>\n<p>Ojczyzn\u0105 tej herbaty s\u0105 malownicze wzg\u00f3rza prowincji Fujian, rozci\u0105gaj\u0105ce si\u0119 wok\u00f3\u0142 jeziora Xihu, niedaleko urokliwego Suzhou. Ju\u017c od czas\u00f3w dynastii Tang miejscowi odkryli, \u017ce krzewy herbaciane na tych wzg\u00f3rzach wytwarzaj\u0105 li\u015bcie o wyj\u0105tkowej delikatno\u015bci i niezwykle pachn\u0105cym aromacie. Z biegiem lat Bi Luo Chun zyska\u0142a miano jednej z najbardziej cenionych herbat w Chinach, a jej renoma przekracza granice kraju.<\/p>\n<p><strong>Smak i aromat:<\/strong><\/p>\n<p>Delikatny, s\u0142odkawy smak z subteln\u0105 nut\u0105 goryczki oraz orze\u017awiaj\u0105cy posmak odkrywaj\u0105 w sobie aromatyczne akcenty kwiat\u00f3w \u2013 ja\u015bminu i liczi.<\/p>\n<p>Napar mieni si\u0119 jasnozielonym odcieniem, wzbogaconym z\u0142otym blaskiem, niczym obietnica odrodzenia natury.<\/p>\n<p>Wykonanie Fujian Bi Luo Chun to prawdziwa sztuka \u2013 li\u015bcie zbierane s\u0105 r\u0119cznie we wczesnej wio\u015bnie, gdy s\u0105 jeszcze m\u0142ode i pe\u0142ne \u017cycia. Natychmiast po zbiorze li\u015bcie poddawane s\u0105 procesom suszenia i pra\u017cenia, co pozwala zachowa\u0107 ich \u015bwie\u017co\u015b\u0107 i pe\u0142ni\u0119 aromatu. R\u0119czne skr\u0119canie w charakterystyczne spirale nadaje herbacianej kompozycji niepowtarzalny urok i g\u0142\u0119bi\u0119 smaku.<\/p>\n<p><strong>Specyfikacja:<\/strong><\/p>\n<p>Waga netto: 10g<\/p>\n<p>Rodzaj herbaty: zielona<\/p>\n<p>Region: Fujian (Chiny)<\/p>\n<p><strong>Parzenie:<\/strong><\/p>\n<p>Metody parzenia s\u0105 podobne, g\u0142\u00f3wnie r\u00f3\u017cni\u0105 si\u0119 temperatur\u0105 i czasem parzenia mi\u0119dzy kolejnymi zalaniami.<\/p>\n<p>Oko\u0142o 7-9 gram\u00f3w wystarcza na 1 sesje, je\u015bli parzymy herbat\u0119 przelewami. Rekomendujemy parzy\u0107 herbat\u0119 wod\u0105 niskozmineralizowan\u0105.<\/p>\n<p>Pierwsze parzenie &#8212; wylewa si\u0119, aby przep\u0142uka\u0107 herbat\u0119 i pozwoli\u0107 jej si\u0119 otworzy\u0107. Nale\u017cy zala\u0107 wod\u0105 o temperaturze w\u0142a\u015bciwego parzenia i wyla\u0107 po 7 sekundach.<\/p>\n<p>W\u0142a\u015bciwe parzenie zielonej herbaty &#8212; zalewamy herbat\u0119 wod\u0105 o temperaturze 70-80\u00b0C, parzymy od 10 do 30 sekund. W tym celu mo\u017cna pom\u00f3c sobie stoperem. Im d\u0142u\u017cszy czas parzenia, tym bardziej osi\u0105gniemy mocniejszy napar (czyli tzw. \u201eczifiru\u201d).<\/p>\n<p>W przypadku parze\u0144 po 10 sekund, jedna porcja herbaty wystarczy nam na ok. 11-14 parze\u0144. Dla parzenia po 30 sekund, wystarczy nam na ok. 4-5 parze\u0144.<\/p>\n<p><strong>Przechowywanie:<\/strong><\/p>\n<p>Trzyma\u0107 w suchym i ch\u0142odnym miejscu, z dala od bezpo\u015bredniego \u015bwiat\u0142a s\u0142onecznego.<\/p>\n<p>Przechowywa\u0107 w szczelnie zamkni\u0119tym opakowaniu, aby zapobiec dostaniu si\u0119 wilgoci i zapach\u00f3w z otoczenia.<\/p>\n<p>Unika\u0107 przechowywania herbaty w pobli\u017cu intensywnie pachn\u0105cych substancji, takich jak przyprawy czy kosmetyki, kt\u00f3re mog\u0105 wp\u0142yn\u0105\u0107 na jej aromat.<\/p>\n<p>Dzi\u0119ki tym zasadom herbata zachowa \u015bwie\u017co\u015b\u0107 i smak na d\u0142u\u017cej.<\/p>\n","protected":false},"excerpt":{"rendered":"<p>Herbata zielona Fujian Bi Luo Chun \u2013 Szmaragdowe Spirale Wiosny, per\u0142\u0119 w\u015br\u00f3d zielonych herbat Chin, kt\u00f3rej nazwa doskonale oddaje zar\u00f3wno jej wygl\u0105d, jak i niezr\u00f3wnany smak. Ojczyzn\u0105 tej herbaty s\u0105 malownicze wzg\u00f3rza prowincji Fujian, rozci\u0105gaj\u0105ce si\u0119 wok\u00f3\u0142 jeziora Xihu, niedaleko urokliwego Suzhou. Ju\u017c od czas\u00f3w dynastii Tang miejscowi odkryli, \u017ce krzewy herbaciane na tych wzg\u00f3rzach [&hellip;]<\/p>\n","protected":false},"featured_media":625654,"template":"","meta":{"_acf_changed":false},"product_brand":[],"product_cat":[8534,8684,8533],"product_tag":[8699,8695],"class_list":{"0":"post-625653","1":"product","2":"type-product","3":"status-publish","4":"has-post-thumbnail","6":"product_cat-chinska-herbata","7":"product_cat-herbata-zielona","8":"product_cat-herbaty","9":"product_tag-fujian-bi-luo-chun","10":"product_tag-herbata-zielona","12":"first","13":"instock","14":"taxable","15":"shipping-taxable","16":"purchasable","17":"product-type-simple"},"acf":[],"yoast_head":"<!-- This site is optimized with the Yoast SEO Premium plugin v24.6 (Yoast SEO v27.4) - https:\/\/yoast.com\/product\/yoast-seo-premium-wordpress\/ -->\n<title>Herbata Zielona Fujian Bi Luo Chun 2 10g | \u0425\u043e\u0440\u043e\u0448\u0430\u044f \u0446\u0435\u043d\u0430 | \u0418\u043d\u0442\u0435\u0440\u043d\u0435\u0442 | Cybuchshisha.pl<\/title>\n<meta name=\"description\" content=\"CYBUCH SHISHA SKLEP \u27a4 Herbata Zielona Fujian Bi Luo Chun 2 10g \u043f\u043e \u043f\u0440\u0438\u0432\u043b\u0435\u043a\u0430\u0442\u0435\u043b\u044c\u043d\u043e\u0439 \u0446\u0435\u043d\u0435 \u2714\ufe0f \u0411\u044b\u0441\u0442\u0440\u0430\u044f \u0434\u043e\u0441\u0442\u0430\u0432\u043a\u0430 \u2714\ufe0f \u0411\u0435\u0441\u043f\u043b\u0430\u0442\u043d\u0430\u044f \u0434\u043e\u0441\u0442\u0430\u0432\u043a\u0430 \u043e\u0442 500 z\u0142 \u2b50 \u041a\u0443\u043f\u0438\u0442\u044c!\" \/>\n<meta name=\"robots\" content=\"index, follow, max-snippet:-1, max-image-preview:large, max-video-preview:-1\" \/>\n<link rel=\"canonical\" href=\"https:\/\/cybuchshisha.pl\/ru\/\u043c\u0430\u0433\u0430\u0437\u0438\u043d\/herbata-zielona-fujian-bi-luo-chun-2-10g\/\" \/>\n<meta property=\"og:locale\" content=\"ru_RU\" \/>\n<meta property=\"og:type\" content=\"article\" \/>\n<meta property=\"og:title\" content=\"Herbata Zielona Fujian Bi Luo Chun 2 10g\" \/>\n<meta property=\"og:description\" content=\"CYBUCH SHISHA SKLEP \u27a4 Herbata Zielona Fujian Bi Luo Chun 2 10g \u043f\u043e \u043f\u0440\u0438\u0432\u043b\u0435\u043a\u0430\u0442\u0435\u043b\u044c\u043d\u043e\u0439 \u0446\u0435\u043d\u0435 \u2714\ufe0f \u0411\u044b\u0441\u0442\u0440\u0430\u044f \u0434\u043e\u0441\u0442\u0430\u0432\u043a\u0430 \u2714\ufe0f \u0411\u0435\u0441\u043f\u043b\u0430\u0442\u043d\u0430\u044f \u0434\u043e\u0441\u0442\u0430\u0432\u043a\u0430 \u043e\u0442 500 z\u0142 \u2b50 \u041a\u0443\u043f\u0438\u0442\u044c!\" \/>\n<meta property=\"og:url\" content=\"https:\/\/cybuchshisha.pl\/ru\/\u043c\u0430\u0433\u0430\u0437\u0438\u043d\/herbata-zielona-fujian-bi-luo-chun-2-10g\/\" \/>\n<meta property=\"og:site_name\" content=\"Cybuch - Shisha Sklep\" \/>\n<meta property=\"article:publisher\" content=\"https:\/\/www.facebook.com\/cybuchshisha\/\" \/>\n<meta property=\"article:modified_time\" content=\"2026-03-24T13:30:03+00:00\" \/>\n<meta property=\"og:image\" content=\"https:\/\/cybuch.staging.seodev.agency\/wp-content\/uploads\/2025\/02\/Herbata-Zielona-Fujian-Bi-Luo-Chun-2-10g.jpg\" \/>\n\t<meta property=\"og:image:width\" content=\"1200\" \/>\n\t<meta property=\"og:image:height\" content=\"1200\" \/>\n\t<meta property=\"og:image:type\" content=\"image\/jpeg\" \/>\n<meta name=\"twitter:card\" content=\"summary_large_image\" \/>\n<meta name=\"twitter:label1\" content=\"\u041f\u0440\u0438\u043c\u0435\u0440\u043d\u043e\u0435 \u0432\u0440\u0435\u043c\u044f \u0434\u043b\u044f \u0447\u0442\u0435\u043d\u0438\u044f\" \/>\n\t<meta name=\"twitter:data1\" content=\"3 \u043c\u0438\u043d\u0443\u0442\u044b\" \/>\n<!-- \/ Yoast SEO Premium plugin. -->","yoast_head_json":{"title":"Herbata Zielona Fujian Bi Luo Chun 2 10g | \u0425\u043e\u0440\u043e\u0448\u0430\u044f \u0446\u0435\u043d\u0430 | \u0418\u043d\u0442\u0435\u0440\u043d\u0435\u0442 | Cybuchshisha.pl","description":"CYBUCH SHISHA SKLEP \u27a4 Herbata Zielona Fujian Bi Luo Chun 2 10g \u043f\u043e \u043f\u0440\u0438\u0432\u043b\u0435\u043a\u0430\u0442\u0435\u043b\u044c\u043d\u043e\u0439 \u0446\u0435\u043d\u0435 \u2714\ufe0f \u0411\u044b\u0441\u0442\u0440\u0430\u044f \u0434\u043e\u0441\u0442\u0430\u0432\u043a\u0430 \u2714\ufe0f \u0411\u0435\u0441\u043f\u043b\u0430\u0442\u043d\u0430\u044f \u0434\u043e\u0441\u0442\u0430\u0432\u043a\u0430 \u043e\u0442 500 z\u0142 \u2b50 \u041a\u0443\u043f\u0438\u0442\u044c!","robots":{"index":"index","follow":"follow","max-snippet":"max-snippet:-1","max-image-preview":"max-image-preview:large","max-video-preview":"max-video-preview:-1"},"canonical":"https:\/\/cybuchshisha.pl\/ru\/\u043c\u0430\u0433\u0430\u0437\u0438\u043d\/herbata-zielona-fujian-bi-luo-chun-2-10g\/","og_locale":"ru_RU","og_type":"article","og_title":"Herbata Zielona Fujian Bi Luo Chun 2 10g","og_description":"CYBUCH SHISHA SKLEP \u27a4 Herbata Zielona Fujian Bi Luo Chun 2 10g \u043f\u043e \u043f\u0440\u0438\u0432\u043b\u0435\u043a\u0430\u0442\u0435\u043b\u044c\u043d\u043e\u0439 \u0446\u0435\u043d\u0435 \u2714\ufe0f \u0411\u044b\u0441\u0442\u0440\u0430\u044f \u0434\u043e\u0441\u0442\u0430\u0432\u043a\u0430 \u2714\ufe0f \u0411\u0435\u0441\u043f\u043b\u0430\u0442\u043d\u0430\u044f \u0434\u043e\u0441\u0442\u0430\u0432\u043a\u0430 \u043e\u0442 500 z\u0142 \u2b50 \u041a\u0443\u043f\u0438\u0442\u044c!","og_url":"https:\/\/cybuchshisha.pl\/ru\/\u043c\u0430\u0433\u0430\u0437\u0438\u043d\/herbata-zielona-fujian-bi-luo-chun-2-10g\/","og_site_name":"Cybuch - Shisha Sklep","article_publisher":"https:\/\/www.facebook.com\/cybuchshisha\/","article_modified_time":"2026-03-24T13:30:03+00:00","og_image":[{"width":1200,"height":1200,"url":"https:\/\/cybuch.staging.seodev.agency\/wp-content\/uploads\/2025\/02\/Herbata-Zielona-Fujian-Bi-Luo-Chun-2-10g.jpg","type":"image\/jpeg"}],"twitter_card":"summary_large_image","twitter_misc":{"\u041f\u0440\u0438\u043c\u0435\u0440\u043d\u043e\u0435 \u0432\u0440\u0435\u043c\u044f \u0434\u043b\u044f \u0447\u0442\u0435\u043d\u0438\u044f":"3 \u043c\u0438\u043d\u0443\u0442\u044b"},"schema":{"@context":"https:\/\/schema.org","@graph":[{"@type":"WebPage","@id":"https:\/\/cybuchshisha.pl\/ru\/\u043c\u0430\u0433\u0430\u0437\u0438\u043d\/herbata-zielona-fujian-bi-luo-chun-2-10g\/","url":"https:\/\/cybuchshisha.pl\/ru\/\u043c\u0430\u0433\u0430\u0437\u0438\u043d\/herbata-zielona-fujian-bi-luo-chun-2-10g\/","name":"Herbata Zielona Fujian Bi Luo Chun 2 10g | \u0425\u043e\u0440\u043e\u0448\u0430\u044f \u0446\u0435\u043d\u0430 | \u0418\u043d\u0442\u0435\u0440\u043d\u0435\u0442-\u043c\u0430\u0433\u0430\u0437\u0438\u043d | \u0412\u0430\u0440\u0448\u0430\u0432\u0430 - CYBUCH SHISHA SKLEP","isPartOf":{"@id":"https:\/\/cybuchshisha.pl\/ru\/#website"},"primaryImageOfPage":{"@id":"https:\/\/cybuchshisha.pl\/ru\/\u043c\u0430\u0433\u0430\u0437\u0438\u043d\/herbata-zielona-fujian-bi-luo-chun-2-10g\/#primaryimage"},"image":{"@id":"https:\/\/cybuchshisha.pl\/ru\/\u043c\u0430\u0433\u0430\u0437\u0438\u043d\/herbata-zielona-fujian-bi-luo-chun-2-10g\/#primaryimage"},"thumbnailUrl":"https:\/\/cybuchshisha.pl\/wp-content\/uploads\/2025\/02\/Herbata-Zielona-Fujian-Bi-Luo-Chun-2-10g.jpg","datePublished":"2025-02-07T13:48:45+00:00","dateModified":"2026-03-24T13:30:03+00:00","description":"CYBUCH SHISHA SKLEP \u27a4 Herbata Zielona Fujian Bi Luo Chun 2 10g \u043f\u043e \u043f\u0440\u0438\u0432\u043b\u0435\u043a\u0430\u0442\u0435\u043b\u044c\u043d\u043e\u0439 \u0446\u0435\u043d\u0435 \u2714\ufe0f \u0411\u044b\u0441\u0442\u0440\u0430\u044f \u0434\u043e\u0441\u0442\u0430\u0432\u043a\u0430 \u2714\ufe0f \u0411\u0435\u0441\u043f\u043b\u0430\u0442\u043d\u0430\u044f \u0434\u043e\u0441\u0442\u0430\u0432\u043a\u0430 \u043e\u0442 500 z\u0142 \u2b50 \u041a\u0443\u043f\u0438\u0442\u044c!","breadcrumb":{"@id":"https:\/\/cybuchshisha.pl\/ru\/\u043c\u0430\u0433\u0430\u0437\u0438\u043d\/herbata-zielona-fujian-bi-luo-chun-2-10g\/#breadcrumb"},"inLanguage":"ru-RU","potentialAction":[{"@type":"ReadAction","target":["https:\/\/cybuchshisha.pl\/ru\/\u043c\u0430\u0433\u0430\u0437\u0438\u043d\/herbata-zielona-fujian-bi-luo-chun-2-10g\/"]}]},{"@type":"ImageObject","inLanguage":"ru-RU","@id":"https:\/\/cybuchshisha.pl\/ru\/\u043c\u0430\u0433\u0430\u0437\u0438\u043d\/herbata-zielona-fujian-bi-luo-chun-2-10g\/#primaryimage","url":"https:\/\/cybuchshisha.pl\/wp-content\/uploads\/2025\/02\/Herbata-Zielona-Fujian-Bi-Luo-Chun-2-10g.jpg","contentUrl":"https:\/\/cybuchshisha.pl\/wp-content\/uploads\/2025\/02\/Herbata-Zielona-Fujian-Bi-Luo-Chun-2-10g.jpg","width":1200,"height":1200},{"@type":"BreadcrumbList","@id":"https:\/\/cybuchshisha.pl\/ru\/\u043c\u0430\u0433\u0430\u0437\u0438\u043d\/herbata-zielona-fujian-bi-luo-chun-2-10g\/#breadcrumb","itemListElement":[{"@type":"ListItem","position":1,"name":"\u0413\u043b\u0430\u0432\u043d\u0430\u044f \u0441\u0442\u0440\u0430\u043d\u0438\u0446\u0430","item":"https:\/\/cybuchshisha.pl\/ru\/"},{"@type":"ListItem","position":2,"name":"\u041c\u0430\u0433\u0430\u0437\u0438\u043d","item":"https:\/\/cybuch.staging.seodev.agency\/sklep\/"},{"@type":"ListItem","position":3,"name":"Herbata Zielona Fujian Bi Luo Chun 2 10g"}]},{"@type":"WebSite","@id":"https:\/\/cybuchshisha.pl\/ru\/#website","url":"https:\/\/cybuchshisha.pl\/ru\/","name":"Cybuch - Shisha Sklep","description":"Shisha, szisza, fajka wodna, melasa i w\u0119gle do shishy","publisher":{"@id":"https:\/\/cybuchshisha.pl\/ru\/#organization"},"alternateName":"Cybuch","potentialAction":[{"@type":"SearchAction","target":{"@type":"EntryPoint","urlTemplate":"https:\/\/cybuchshisha.pl\/ru\/?s={search_term_string}"},"query-input":{"@type":"PropertyValueSpecification","valueRequired":true,"valueName":"search_term_string"}}],"inLanguage":"ru-RU"},{"@type":"Organization","@id":"https:\/\/cybuchshisha.pl\/ru\/#organization","name":"Cybuch - Shisha Sklep","alternateName":"Cybuch","url":"https:\/\/cybuchshisha.pl\/ru\/","logo":{"@type":"ImageObject","inLanguage":"ru-RU","@id":"https:\/\/cybuchshisha.pl\/ru\/#\/schema\/logo\/image\/","url":"https:\/\/cybuchshisha.pl\/wp-content\/uploads\/2023\/11\/kwadrat.png","contentUrl":"https:\/\/cybuchshisha.pl\/wp-content\/uploads\/2023\/11\/kwadrat.png","width":1300,"height":1300,"caption":"Cybuch - Shisha Sklep"},"image":{"@id":"https:\/\/cybuchshisha.pl\/ru\/#\/schema\/logo\/image\/"},"sameAs":["https:\/\/www.facebook.com\/cybuchshisha\/","https:\/\/www.instagram.com\/cybuchshisha\/","https:\/\/www.youtube.com\/channel\/UCEyCpnP1FkFHVh5F4TtkIOQ"]}]}},"_links":{"self":[{"href":"https:\/\/cybuchshisha.pl\/ru\/wp-json\/wp\/v2\/product\/625653","targetHints":{"allow":["GET"]}}],"collection":[{"href":"https:\/\/cybuchshisha.pl\/ru\/wp-json\/wp\/v2\/product"}],"about":[{"href":"https:\/\/cybuchshisha.pl\/ru\/wp-json\/wp\/v2\/types\/product"}],"wp:featuredmedia":[{"embeddable":true,"href":"https:\/\/cybuchshisha.pl\/ru\/wp-json\/wp\/v2\/media\/625654"}],"wp:attachment":[{"href":"https:\/\/cybuchshisha.pl\/ru\/wp-json\/wp\/v2\/media?parent=625653"}],"wp:term":[{"taxonomy":"product_brand","embeddable":true,"href":"https:\/\/cybuchshisha.pl\/ru\/wp-json\/wp\/v2\/product_brand?post=625653"},{"taxonomy":"product_cat","embeddable":true,"href":"https:\/\/cybuchshisha.pl\/ru\/wp-json\/wp\/v2\/product_cat?post=625653"},{"taxonomy":"product_tag","embeddable":true,"href":"https:\/\/cybuchshisha.pl\/ru\/wp-json\/wp\/v2\/product_tag?post=625653"}],"curies":[{"name":"wp","href":"https:\/\/api.w.org\/{rel}","templated":true}]}}