{"id":619054,"date":"2024-11-14T17:07:42","date_gmt":"2024-11-14T16:07:42","guid":{"rendered":"https:\/\/cybuchshisha.pl\/?post_type=product&#038;p=619054"},"modified":"2026-04-14T14:09:36","modified_gmt":"2026-04-14T12:09:36","slug":"%d0%ba%d0%b0%d0%bb%d1%8c%d1%8f%d0%bd-aladin-alux-8-copper","status":"publish","type":"product","link":"https:\/\/cybuchshisha.pl\/ru\/\u043c\u0430\u0433\u0430\u0437\u0438\u043d\/%d0%ba%d0%b0%d0%bb%d1%8c%d1%8f%d0%bd-aladin-alux-8-copper\/","title":{"rendered":"\u041a\u0430\u043b\u044c\u044f\u043d Aladin Alux 8 Copper"},"content":{"rendered":"<p><span style=\"vertical-align: inherit;\"><span style=\"vertical-align: inherit;\">Shisha marki Aladin znane s\u0105 na ca\u0142ym \u015bwiecie ze swojej wysokiej jako\u015bci wykonania i rozwi\u0105za\u0144 maj\u0105cych na celu dostarczanie maksymalnej przyjemno\u015bci z palenia. Alux 8 to bud\u017cetowa propozycja niemieckiego producenta, kt\u00f3ra pomimo niskiej ceny niczym nie odbiega jako\u015bci\u0105 palenia od wielu dro\u017cszych produkt\u00f3w.<\/span><\/span><\/p>\n<p><span style=\"vertical-align: inherit;\"><span style=\"vertical-align: inherit;\">&#8212; Aladin Alux to idealny prezent dla pocz\u0105tkuj\u0105cego mi\u0142o\u015bnika shishy dzi\u0119ki kompletnemu zestawowi akcesori\u00f3w i narz\u0119dzi, kt\u00f3ry pozwoli Ci przygotowa\u0107 si\u0119 do sesji od razu po wyj\u0119ciu z pude\u0142ka. Za p\u0142ynno\u015b\u0107 zaci\u0105gania si\u0119 odpowiada trio sk\u0142adaj\u0105ce si\u0119 z silikonowego w\u0119\u017cyka, aluminiowego ustnika oraz spr\u0119\u017cyny usztywniaj\u0105cej, kt\u00f3ra zapobiega skr\u0119caniu si\u0119 w\u0119\u017cyka i blokowaniu przep\u0142ywu dymu. Dodatkowo w zestawie znajduje si\u0119 tradycyjny gliniany kubek z kontrolerem badcha umo\u017cliwiaj\u0105cym lepsz\u0105 kontrol\u0119 temperatury w\u0119dzenia. Wszystko to pozwala na osi\u0105gni\u0119cie naprawd\u0119 komfortowych i przyjemnych dozna\u0144.<\/span><\/span><\/p>\n<p><span style=\"vertical-align: inherit;\"><span style=\"vertical-align: inherit;\">&#8212; Gwarancja komfortu &#8212; Wszystkie zaawansowane innowacje zapewniaj\u0105ce komfort, z kt\u00f3rych s\u0142ynie Aladin, znalaz\u0142y swoje miejsce w modelu Alux 8. Regulowany dyfuzor ca\u0142kowicie t\u0142umi bulgotanie wody, dzi\u0119ki czemu mo\u017cesz spokojnie ogl\u0105da\u0107 film, ciesz\u0105c si\u0119 jednocze\u015bnie czystym, g\u0119stym dymem.<\/span><\/span><\/p>\n<p><span style=\"vertical-align: inherit;\"><span style=\"vertical-align: inherit;\">&#8212; Najwy\u017csza jako\u015b\u0107 &#8212; Dzi\u0119ki aluminiowej konstrukcji ta wysoka i majestatyczna fajka wodna wa\u017cy mniej ni\u017c jej stalowe odpowiedniki, a jednocze\u015bnie jest r\u00f3wnie \u0142atwa w utrzymaniu. Wysoka jako\u015b\u0107 metalu zabezpiecza go przed uszkodzeniami mechanicznymi i korozj\u0105. Szisza wykonana jest z solidnych i idealnie dopasowanych cz\u0119\u015bci &#8212; kr\u00f3tki gwint \u0142\u0105cz\u0105cy podstaw\u0119 z kolb\u0105 eliminuje mo\u017cliwo\u015b\u0107 przeciekania.<\/span><\/span><\/p>\n<p><span style=\"vertical-align: inherit;\"><span style=\"vertical-align: inherit;\">Zestaw dostarczany:<\/span><\/span><\/p>\n<p><span style=\"vertical-align: inherit;\"><span style=\"vertical-align: inherit;\">&#8212; 1 szklana kolba<\/span><\/span><\/p>\n<p><span style=\"vertical-align: inherit;\"><span style=\"vertical-align: inherit;\">&#8212; 1 aluminiowa podstawa systemu zamkni\u0119tej komory<\/span><\/span><\/p>\n<p><span style=\"vertical-align: inherit;\"><span style=\"vertical-align: inherit;\">&#8212; 1 korpus aluminiowy<\/span><\/span><\/p>\n<p><span style=\"vertical-align: inherit;\"><span style=\"vertical-align: inherit;\">&#8212; 1 p\u0142yta aluminiowa<\/span><\/span><\/p>\n<p><span style=\"vertical-align: inherit;\"><span style=\"vertical-align: inherit;\">&#8212; 1 rurka zanurzeniowa ze stali nierdzewnej z regulowanym dyfuzorem<\/span><\/span><\/p>\n<p><span style=\"vertical-align: inherit;\"><span style=\"vertical-align: inherit;\">&#8212; 1 gliniana fili\u017canka<\/span><\/span><\/p>\n<p><span style=\"vertical-align: inherit;\"><span style=\"vertical-align: inherit;\">&#8212; 1 Kontroler ciep\u0142a Aladin Mockingbird<\/span><\/span><\/p>\n<p><span style=\"vertical-align: inherit;\"><span style=\"vertical-align: inherit;\">&#8212; 1 czarny w\u0105\u017c silikonowy<\/span><\/span><\/p>\n<p><span style=\"vertical-align: inherit;\"><span style=\"vertical-align: inherit;\">&#8212; 1 ustnik aluminiowy<\/span><\/span><\/p>\n<p><span style=\"vertical-align: inherit;\"><span style=\"vertical-align: inherit;\">&#8212; 1 spr\u0119\u017cyna do w\u0119\u017ca<\/span><\/span><\/p>\n<p><span style=\"vertical-align: inherit;\"><span style=\"vertical-align: inherit;\">&#8212; 4 adaptery w\u0119\u017cy<\/span><\/span><\/p>\n<p><span style=\"vertical-align: inherit;\"><span style=\"vertical-align: inherit;\">&#8212; 1 szczypce<\/span><\/span><\/p>\n<p><span style=\"vertical-align: inherit;\"><span style=\"vertical-align: inherit;\">&#8212; komplet uszczelek<\/span><\/span><\/p>\n<p><span style=\"vertical-align: inherit;\"><span style=\"vertical-align: inherit;\">Dane techniczne:<\/span><\/span><\/p>\n<p><span style=\"vertical-align: inherit;\"><span style=\"vertical-align: inherit;\">Masa: 2,73 kg<\/span><\/span><\/p>\n<p><span style=\"vertical-align: inherit;\"><span style=\"vertical-align: inherit;\">Wysoko\u015b\u0107 ca\u0142kowita: 645 mm<\/span><\/span><\/p>\n<p><span style=\"vertical-align: inherit;\"><span style=\"vertical-align: inherit;\">Wysoko\u015b\u0107 kolby: 292 mm<\/span><\/span><\/p>\n<p><span style=\"vertical-align: inherit;\"><span style=\"vertical-align: inherit;\">Obw\u00f3d kolby: 224mm<\/span><\/span><\/p>\n<p><span style=\"vertical-align: inherit;\"><span style=\"vertical-align: inherit;\">D\u0142ugo\u015b\u0107 rurki zanurzeniowej: 230mm<\/span><\/span><\/p>\n<p>&nbsp;<\/p>\n","protected":false},"excerpt":{"rendered":"<p>Shisha marki Aladin znane s\u0105 na ca\u0142ym \u015bwiecie ze swojej wysokiej jako\u015bci wykonania i rozwi\u0105za\u0144 maj\u0105cych na celu dostarczanie maksymalnej przyjemno\u015bci z palenia. Alux 8 to bud\u017cetowa propozycja niemieckiego producenta, kt\u00f3ra pomimo niskiej ceny niczym nie odbiega jako\u015bci\u0105 palenia od wielu dro\u017cszych produkt\u00f3w. &#8212; Aladin Alux to idealny prezent dla pocz\u0105tkuj\u0105cego mi\u0142o\u015bnika shishy dzi\u0119ki kompletnemu [&hellip;]<\/p>\n","protected":false},"featured_media":619050,"template":"","meta":{"_acf_changed":false},"product_brand":[9497,9689],"product_cat":[2460,7677,2490],"product_tag":[3262,3785],"class_list":{"0":"post-619054","1":"product","2":"type-product","3":"status-publish","4":"has-post-thumbnail","6":"product_brand-aladin-ru","7":"product_brand--aladin","8":"product_cat-2460","9":"product_cat-7677","10":"product_cat-2490","11":"product_tag-aladin-ru","12":"product_tag-aladin-alux-8-ru","14":"first","15":"outofstock","16":"taxable","17":"shipping-taxable","18":"purchasable","19":"product-type-simple"},"acf":[],"yoast_head":"<!-- This site is optimized with the Yoast SEO Premium plugin v24.6 (Yoast SEO v27.6) - https:\/\/yoast.com\/product\/yoast-seo-premium-wordpress\/ -->\n<title>\u041a\u0430\u043b\u044c\u044f\u043d Aladin Alux 8 Copper | Cybuchshisha.pl<\/title>\n<meta name=\"description\" content=\"Aladin Alux 8 - \u0431\u044e\u0434\u0436\u0435\u0442\u043d\u043e\u0435 \u043f\u0440\u0435\u0434\u043b\u043e\u0436\u0435\u043d\u0438\u0435 \u043e\u0442 \u043d\u0435\u043c\u0435\u0446\u043a\u043e\u0433\u043e \u043f\u0440\u043e\u0438\u0437\u0432\u043e\u0434\u0438\u0442\u0435\u043b\u044f, \u043a\u043e\u0442\u043e\u0440\u043e\u0435, \u043d\u0435\u0441\u043c\u043e\u0442\u0440\u044f \u043d\u0430 \u0431\u043e\u043b\u0435\u0435 \u043d\u0438\u0437\u043a\u0443\u044e \u0446\u0435\u043d\u0443, \u043d\u0435 \u0432\u044b\u0434\u0435\u043b\u044f\u0435\u0442\u0441\u044f \u043f\u043e \u043a\u0430\u0447\u0435\u0441\u0442\u0432\u0443 \u043a\u0443\u0440\u0435\u043d\u0438\u044f \u043d\u0430 \u0444\u043e\u043d\u0435 \u043c\u043d\u043e\u0433\u0438\u0445 \u0431\u043e\u043b\u0435\u0435 \u0434\u043e\u0440\u043e\u0433\u0438\u0445 \u043f\u0440\u043e\u0434\u0443\u043a\u0442\u043e\u0432.\" \/>\n<meta name=\"robots\" content=\"index, follow, max-snippet:-1, max-image-preview:large, max-video-preview:-1\" \/>\n<link rel=\"canonical\" href=\"https:\/\/cybuchshisha.pl\/ru\/\u043c\u0430\u0433\u0430\u0437\u0438\u043d\/%d0%ba%d0%b0%d0%bb%d1%8c%d1%8f%d0%bd-aladin-alux-8-copper\/\" \/>\n<meta property=\"og:locale\" content=\"ru_RU\" \/>\n<meta property=\"og:type\" content=\"article\" \/>\n<meta property=\"og:title\" content=\"\u041a\u0430\u043b\u044c\u044f\u043d Aladin Alux 8 Copper\" \/>\n<meta property=\"og:description\" content=\"Aladin Alux 8 - \u0431\u044e\u0434\u0436\u0435\u0442\u043d\u043e\u0435 \u043f\u0440\u0435\u0434\u043b\u043e\u0436\u0435\u043d\u0438\u0435 \u043e\u0442 \u043d\u0435\u043c\u0435\u0446\u043a\u043e\u0433\u043e \u043f\u0440\u043e\u0438\u0437\u0432\u043e\u0434\u0438\u0442\u0435\u043b\u044f, \u043a\u043e\u0442\u043e\u0440\u043e\u0435, \u043d\u0435\u0441\u043c\u043e\u0442\u0440\u044f \u043d\u0430 \u0431\u043e\u043b\u0435\u0435 \u043d\u0438\u0437\u043a\u0443\u044e \u0446\u0435\u043d\u0443, \u043d\u0435 \u0432\u044b\u0434\u0435\u043b\u044f\u0435\u0442\u0441\u044f \u043f\u043e \u043a\u0430\u0447\u0435\u0441\u0442\u0432\u0443 \u043a\u0443\u0440\u0435\u043d\u0438\u044f \u043d\u0430 \u0444\u043e\u043d\u0435 \u043c\u043d\u043e\u0433\u0438\u0445 \u0431\u043e\u043b\u0435\u0435 \u0434\u043e\u0440\u043e\u0433\u0438\u0445 \u043f\u0440\u043e\u0434\u0443\u043a\u0442\u043e\u0432.\" \/>\n<meta property=\"og:url\" content=\"https:\/\/cybuchshisha.pl\/ru\/\u043c\u0430\u0433\u0430\u0437\u0438\u043d\/%d0%ba%d0%b0%d0%bb%d1%8c%d1%8f%d0%bd-aladin-alux-8-copper\/\" \/>\n<meta property=\"og:site_name\" content=\"Cybuch - Shisha Sklep\" \/>\n<meta property=\"article:publisher\" content=\"https:\/\/www.facebook.com\/cybuchshisha\/\" \/>\n<meta property=\"article:modified_time\" content=\"2026-04-14T12:09:36+00:00\" \/>\n<meta property=\"og:image\" content=\"https:\/\/cybuch.staging.seodev.agency\/wp-content\/uploads\/2024\/11\/shisha_aladin_alux_8_copper.jpg\" \/>\n\t<meta property=\"og:image:width\" content=\"1200\" \/>\n\t<meta property=\"og:image:height\" content=\"1200\" \/>\n\t<meta property=\"og:image:type\" content=\"image\/jpeg\" \/>\n<meta name=\"twitter:card\" content=\"summary_large_image\" \/>\n<meta name=\"twitter:label1\" content=\"\u041f\u0440\u0438\u043c\u0435\u0440\u043d\u043e\u0435 \u0432\u0440\u0435\u043c\u044f \u0434\u043b\u044f \u0447\u0442\u0435\u043d\u0438\u044f\" \/>\n\t<meta name=\"twitter:data1\" content=\"2 \u043c\u0438\u043d\u0443\u0442\u044b\" \/>\n<!-- \/ Yoast SEO Premium plugin. -->","yoast_head_json":{"title":"\u041a\u0430\u043b\u044c\u044f\u043d Aladin Alux 8 Copper | Cybuchshisha.pl","description":"Aladin Alux 8 - \u0431\u044e\u0434\u0436\u0435\u0442\u043d\u043e\u0435 \u043f\u0440\u0435\u0434\u043b\u043e\u0436\u0435\u043d\u0438\u0435 \u043e\u0442 \u043d\u0435\u043c\u0435\u0446\u043a\u043e\u0433\u043e \u043f\u0440\u043e\u0438\u0437\u0432\u043e\u0434\u0438\u0442\u0435\u043b\u044f, \u043a\u043e\u0442\u043e\u0440\u043e\u0435, \u043d\u0435\u0441\u043c\u043e\u0442\u0440\u044f \u043d\u0430 \u0431\u043e\u043b\u0435\u0435 \u043d\u0438\u0437\u043a\u0443\u044e \u0446\u0435\u043d\u0443, \u043d\u0435 \u0432\u044b\u0434\u0435\u043b\u044f\u0435\u0442\u0441\u044f \u043f\u043e \u043a\u0430\u0447\u0435\u0441\u0442\u0432\u0443 \u043a\u0443\u0440\u0435\u043d\u0438\u044f \u043d\u0430 \u0444\u043e\u043d\u0435 \u043c\u043d\u043e\u0433\u0438\u0445 \u0431\u043e\u043b\u0435\u0435 \u0434\u043e\u0440\u043e\u0433\u0438\u0445 \u043f\u0440\u043e\u0434\u0443\u043a\u0442\u043e\u0432.","robots":{"index":"index","follow":"follow","max-snippet":"max-snippet:-1","max-image-preview":"max-image-preview:large","max-video-preview":"max-video-preview:-1"},"canonical":"https:\/\/cybuchshisha.pl\/ru\/\u043c\u0430\u0433\u0430\u0437\u0438\u043d\/%d0%ba%d0%b0%d0%bb%d1%8c%d1%8f%d0%bd-aladin-alux-8-copper\/","og_locale":"ru_RU","og_type":"article","og_title":"\u041a\u0430\u043b\u044c\u044f\u043d Aladin Alux 8 Copper","og_description":"Aladin Alux 8 - \u0431\u044e\u0434\u0436\u0435\u0442\u043d\u043e\u0435 \u043f\u0440\u0435\u0434\u043b\u043e\u0436\u0435\u043d\u0438\u0435 \u043e\u0442 \u043d\u0435\u043c\u0435\u0446\u043a\u043e\u0433\u043e \u043f\u0440\u043e\u0438\u0437\u0432\u043e\u0434\u0438\u0442\u0435\u043b\u044f, \u043a\u043e\u0442\u043e\u0440\u043e\u0435, \u043d\u0435\u0441\u043c\u043e\u0442\u0440\u044f \u043d\u0430 \u0431\u043e\u043b\u0435\u0435 \u043d\u0438\u0437\u043a\u0443\u044e \u0446\u0435\u043d\u0443, \u043d\u0435 \u0432\u044b\u0434\u0435\u043b\u044f\u0435\u0442\u0441\u044f \u043f\u043e \u043a\u0430\u0447\u0435\u0441\u0442\u0432\u0443 \u043a\u0443\u0440\u0435\u043d\u0438\u044f \u043d\u0430 \u0444\u043e\u043d\u0435 \u043c\u043d\u043e\u0433\u0438\u0445 \u0431\u043e\u043b\u0435\u0435 \u0434\u043e\u0440\u043e\u0433\u0438\u0445 \u043f\u0440\u043e\u0434\u0443\u043a\u0442\u043e\u0432.","og_url":"https:\/\/cybuchshisha.pl\/ru\/\u043c\u0430\u0433\u0430\u0437\u0438\u043d\/%d0%ba%d0%b0%d0%bb%d1%8c%d1%8f%d0%bd-aladin-alux-8-copper\/","og_site_name":"Cybuch - Shisha Sklep","article_publisher":"https:\/\/www.facebook.com\/cybuchshisha\/","article_modified_time":"2026-04-14T12:09:36+00:00","og_image":[{"width":1200,"height":1200,"url":"https:\/\/cybuch.staging.seodev.agency\/wp-content\/uploads\/2024\/11\/shisha_aladin_alux_8_copper.jpg","type":"image\/jpeg"}],"twitter_card":"summary_large_image","twitter_misc":{"\u041f\u0440\u0438\u043c\u0435\u0440\u043d\u043e\u0435 \u0432\u0440\u0435\u043c\u044f \u0434\u043b\u044f \u0447\u0442\u0435\u043d\u0438\u044f":"2 \u043c\u0438\u043d\u0443\u0442\u044b"},"schema":{"@context":"https:\/\/schema.org","@graph":[{"@type":"WebPage","@id":"https:\/\/cybuchshisha.pl\/ru\/\u043c\u0430\u0433\u0430\u0437\u0438\u043d\/%d0%ba%d0%b0%d0%bb%d1%8c%d1%8f%d0%bd-aladin-alux-8-copper\/","url":"https:\/\/cybuchshisha.pl\/ru\/\u043c\u0430\u0433\u0430\u0437\u0438\u043d\/%d0%ba%d0%b0%d0%bb%d1%8c%d1%8f%d0%bd-aladin-alux-8-copper\/","name":"\u041a\u0430\u043b\u044c\u044f\u043d Aladin Alux 8 Copper - sklep online | Cybuchshisha.pl","isPartOf":{"@id":"https:\/\/cybuchshisha.pl\/ru\/#website"},"primaryImageOfPage":{"@id":"https:\/\/cybuchshisha.pl\/ru\/\u043c\u0430\u0433\u0430\u0437\u0438\u043d\/%d0%ba%d0%b0%d0%bb%d1%8c%d1%8f%d0%bd-aladin-alux-8-copper\/#primaryimage"},"image":{"@id":"https:\/\/cybuchshisha.pl\/ru\/\u043c\u0430\u0433\u0430\u0437\u0438\u043d\/%d0%ba%d0%b0%d0%bb%d1%8c%d1%8f%d0%bd-aladin-alux-8-copper\/#primaryimage"},"thumbnailUrl":"https:\/\/cybuchshisha.pl\/wp-content\/uploads\/2024\/11\/shisha_aladin_alux_8_copper.jpg","datePublished":"2024-11-14T16:07:42+00:00","dateModified":"2026-04-14T12:09:36+00:00","description":"Aladin Alux 8 - \u0431\u044e\u0434\u0436\u0435\u0442\u043d\u043e\u0435 \u043f\u0440\u0435\u0434\u043b\u043e\u0436\u0435\u043d\u0438\u0435 \u043e\u0442 \u043d\u0435\u043c\u0435\u0446\u043a\u043e\u0433\u043e \u043f\u0440\u043e\u0438\u0437\u0432\u043e\u0434\u0438\u0442\u0435\u043b\u044f, \u043a\u043e\u0442\u043e\u0440\u043e\u0435, \u043d\u0435\u0441\u043c\u043e\u0442\u0440\u044f \u043d\u0430 \u0431\u043e\u043b\u0435\u0435 \u043d\u0438\u0437\u043a\u0443\u044e \u0446\u0435\u043d\u0443, \u043d\u0435 \u0432\u044b\u0434\u0435\u043b\u044f\u0435\u0442\u0441\u044f \u043f\u043e \u043a\u0430\u0447\u0435\u0441\u0442\u0432\u0443 \u043a\u0443\u0440\u0435\u043d\u0438\u044f \u043d\u0430 \u0444\u043e\u043d\u0435 \u043c\u043d\u043e\u0433\u0438\u0445 \u0431\u043e\u043b\u0435\u0435 \u0434\u043e\u0440\u043e\u0433\u0438\u0445 \u043f\u0440\u043e\u0434\u0443\u043a\u0442\u043e\u0432.","breadcrumb":{"@id":"https:\/\/cybuchshisha.pl\/ru\/\u043c\u0430\u0433\u0430\u0437\u0438\u043d\/%d0%ba%d0%b0%d0%bb%d1%8c%d1%8f%d0%bd-aladin-alux-8-copper\/#breadcrumb"},"inLanguage":"ru-RU","potentialAction":[{"@type":"ReadAction","target":["https:\/\/cybuchshisha.pl\/ru\/\u043c\u0430\u0433\u0430\u0437\u0438\u043d\/%d0%ba%d0%b0%d0%bb%d1%8c%d1%8f%d0%bd-aladin-alux-8-copper\/"]}]},{"@type":"ImageObject","inLanguage":"ru-RU","@id":"https:\/\/cybuchshisha.pl\/ru\/\u043c\u0430\u0433\u0430\u0437\u0438\u043d\/%d0%ba%d0%b0%d0%bb%d1%8c%d1%8f%d0%bd-aladin-alux-8-copper\/#primaryimage","url":"https:\/\/cybuchshisha.pl\/wp-content\/uploads\/2024\/11\/shisha_aladin_alux_8_copper.jpg","contentUrl":"https:\/\/cybuchshisha.pl\/wp-content\/uploads\/2024\/11\/shisha_aladin_alux_8_copper.jpg","width":1200,"height":1200,"caption":"Aladin Alux 8 Copper"},{"@type":"BreadcrumbList","@id":"https:\/\/cybuchshisha.pl\/ru\/\u043c\u0430\u0433\u0430\u0437\u0438\u043d\/%d0%ba%d0%b0%d0%bb%d1%8c%d1%8f%d0%bd-aladin-alux-8-copper\/#breadcrumb","itemListElement":[{"@type":"ListItem","position":1,"name":"\u0413\u043b\u0430\u0432\u043d\u0430\u044f \u0441\u0442\u0440\u0430\u043d\u0438\u0446\u0430","item":"https:\/\/cybuchshisha.pl\/ru\/"},{"@type":"ListItem","position":2,"name":"\u041c\u0430\u0433\u0430\u0437\u0438\u043d","item":"https:\/\/cybuch.staging.seodev.agency\/sklep\/"},{"@type":"ListItem","position":3,"name":"\u041a\u0430\u043b\u044c\u044f\u043d Aladin Alux 8 Copper"}]},{"@type":"WebSite","@id":"https:\/\/cybuchshisha.pl\/ru\/#website","url":"https:\/\/cybuchshisha.pl\/ru\/","name":"Cybuch - Shisha Sklep","description":"Shisha, szisza, fajka wodna, melasa i w\u0119gle do shishy","publisher":{"@id":"https:\/\/cybuchshisha.pl\/ru\/#organization"},"alternateName":"Cybuch","potentialAction":[{"@type":"SearchAction","target":{"@type":"EntryPoint","urlTemplate":"https:\/\/cybuchshisha.pl\/ru\/?s={search_term_string}"},"query-input":{"@type":"PropertyValueSpecification","valueRequired":true,"valueName":"search_term_string"}}],"inLanguage":"ru-RU"},{"@type":"Organization","@id":"https:\/\/cybuchshisha.pl\/ru\/#organization","name":"Cybuch - Shisha Sklep","alternateName":"Cybuch","url":"https:\/\/cybuchshisha.pl\/ru\/","logo":{"@type":"ImageObject","inLanguage":"ru-RU","@id":"https:\/\/cybuchshisha.pl\/ru\/#\/schema\/logo\/image\/","url":"https:\/\/cybuchshisha.pl\/wp-content\/uploads\/2023\/11\/kwadrat.png","contentUrl":"https:\/\/cybuchshisha.pl\/wp-content\/uploads\/2023\/11\/kwadrat.png","width":1300,"height":1300,"caption":"Cybuch - Shisha Sklep"},"image":{"@id":"https:\/\/cybuchshisha.pl\/ru\/#\/schema\/logo\/image\/"},"sameAs":["https:\/\/www.facebook.com\/cybuchshisha\/","https:\/\/www.instagram.com\/cybuchshisha\/","https:\/\/www.youtube.com\/channel\/UCEyCpnP1FkFHVh5F4TtkIOQ"]}]}},"_links":{"self":[{"href":"https:\/\/cybuchshisha.pl\/ru\/wp-json\/wp\/v2\/product\/619054","targetHints":{"allow":["GET"]}}],"collection":[{"href":"https:\/\/cybuchshisha.pl\/ru\/wp-json\/wp\/v2\/product"}],"about":[{"href":"https:\/\/cybuchshisha.pl\/ru\/wp-json\/wp\/v2\/types\/product"}],"wp:featuredmedia":[{"embeddable":true,"href":"https:\/\/cybuchshisha.pl\/ru\/wp-json\/wp\/v2\/media\/619050"}],"wp:attachment":[{"href":"https:\/\/cybuchshisha.pl\/ru\/wp-json\/wp\/v2\/media?parent=619054"}],"wp:term":[{"taxonomy":"product_brand","embeddable":true,"href":"https:\/\/cybuchshisha.pl\/ru\/wp-json\/wp\/v2\/product_brand?post=619054"},{"taxonomy":"product_cat","embeddable":true,"href":"https:\/\/cybuchshisha.pl\/ru\/wp-json\/wp\/v2\/product_cat?post=619054"},{"taxonomy":"product_tag","embeddable":true,"href":"https:\/\/cybuchshisha.pl\/ru\/wp-json\/wp\/v2\/product_tag?post=619054"}],"curies":[{"name":"wp","href":"https:\/\/api.w.org\/{rel}","templated":true}]}}