{"id":605651,"date":"2021-08-16T12:16:06","date_gmt":"2021-08-16T10:16:06","guid":{"rendered":"https:\/\/cybuchshisha.pl\/sklep\/%d0%ba%d0%b0%d0%bb%d1%8c%d1%8f%d0%bd-hoob-code\/"},"modified":"2026-03-24T10:28:22","modified_gmt":"2026-03-24T09:28:22","slug":"%d0%ba%d0%b0%d0%bb%d1%8c%d1%8f%d0%bd-hoob-code","status":"publish","type":"product","link":"https:\/\/cybuchshisha.pl\/ru\/\u043c\u0430\u0433\u0430\u0437\u0438\u043d\/%d0%ba%d0%b0%d0%bb%d1%8c%d1%8f%d0%bd-hoob-code\/","title":{"rendered":"\u041a\u0430\u043b\u044c\u044f\u043d Hoob Code"},"content":{"rendered":"","protected":false},"excerpt":{"rendered":"","protected":false},"featured_media":75375,"template":"","meta":{"_acf_changed":false},"product_brand":[9502,9704],"product_cat":[2460,7680,2490],"product_tag":[3812,5462],"class_list":{"0":"post-605651","1":"product","2":"type-product","3":"status-publish","4":"has-post-thumbnail","6":"product_brand-hoob-ru","7":"product_brand--hoob","8":"product_cat-2460","9":"product_cat-7680","10":"product_cat-2490","11":"product_tag-hoob-ru","12":"product_tag-hoob-futurist-ru","14":"first","15":"outofstock","16":"taxable","17":"shipping-taxable","18":"purchasable","19":"product-type-simple"},"acf":[],"yoast_head":"<!-- This site is optimized with the Yoast SEO Premium plugin v24.6 (Yoast SEO v27.3) - https:\/\/yoast.com\/product\/yoast-seo-premium-wordpress\/ -->\n<title>\u041a\u0430\u043b\u044c\u044f\u043d Hoob Code | \u0425\u043e\u0440\u043e\u0448\u0430\u044f \u0446\u0435\u043d\u0430 | \u0418\u043d\u0442\u0435\u0440\u043d\u0435\u0442 | Cybuchshisha.pl<\/title>\n<meta name=\"description\" content=\"Hoob Code to imponuj\u0105cy monument wsp\u00f3\u0142czesnego designu, a jego wykonanie z dba\u0142o\u015bci\u0105 o najmniejsze szczeg\u00f3\u0142y zachwyci nawet najsurowszych koneser\u00f3w fajki wodnej.\" \/>\n<meta name=\"robots\" content=\"index, follow, max-snippet:-1, max-image-preview:large, max-video-preview:-1\" \/>\n<link rel=\"canonical\" href=\"https:\/\/cybuchshisha.pl\/ru\/\u043c\u0430\u0433\u0430\u0437\u0438\u043d\/%d0%ba%d0%b0%d0%bb%d1%8c%d1%8f%d0%bd-hoob-code\/\" \/>\n<meta property=\"og:locale\" content=\"ru_RU\" \/>\n<meta property=\"og:type\" content=\"article\" \/>\n<meta property=\"og:title\" content=\"\u041a\u0430\u043b\u044c\u044f\u043d Hoob Code\" \/>\n<meta property=\"og:description\" content=\"Hoob Code to imponuj\u0105cy monument wsp\u00f3\u0142czesnego designu, a jego wykonanie z dba\u0142o\u015bci\u0105 o najmniejsze szczeg\u00f3\u0142y zachwyci nawet najsurowszych koneser\u00f3w fajki wodnej.\" \/>\n<meta property=\"og:url\" content=\"https:\/\/cybuchshisha.pl\/ru\/\u043c\u0430\u0433\u0430\u0437\u0438\u043d\/%d0%ba%d0%b0%d0%bb%d1%8c%d1%8f%d0%bd-hoob-code\/\" \/>\n<meta property=\"og:site_name\" content=\"Cybuch - Shisha Sklep\" \/>\n<meta property=\"article:publisher\" content=\"https:\/\/www.facebook.com\/cybuchshisha\/\" \/>\n<meta property=\"article:modified_time\" content=\"2026-03-24T09:28:22+00:00\" \/>\n<meta property=\"og:image\" content=\"https:\/\/cybuch.staging.seodev.agency\/wp-content\/uploads\/2021\/08\/hookah-hoob-code.jpg\" \/>\n\t<meta property=\"og:image:width\" content=\"1000\" \/>\n\t<meta property=\"og:image:height\" content=\"1000\" \/>\n\t<meta property=\"og:image:type\" content=\"image\/jpeg\" \/>\n<meta name=\"twitter:card\" content=\"summary_large_image\" \/>\n<!-- \/ Yoast SEO Premium plugin. -->","yoast_head_json":{"title":"\u041a\u0430\u043b\u044c\u044f\u043d Hoob Code | \u0425\u043e\u0440\u043e\u0448\u0430\u044f \u0446\u0435\u043d\u0430 | \u0418\u043d\u0442\u0435\u0440\u043d\u0435\u0442 | Cybuchshisha.pl","description":"Hoob Code to imponuj\u0105cy monument wsp\u00f3\u0142czesnego designu, a jego wykonanie z dba\u0142o\u015bci\u0105 o najmniejsze szczeg\u00f3\u0142y zachwyci nawet najsurowszych koneser\u00f3w fajki wodnej.","robots":{"index":"index","follow":"follow","max-snippet":"max-snippet:-1","max-image-preview":"max-image-preview:large","max-video-preview":"max-video-preview:-1"},"canonical":"https:\/\/cybuchshisha.pl\/ru\/\u043c\u0430\u0433\u0430\u0437\u0438\u043d\/%d0%ba%d0%b0%d0%bb%d1%8c%d1%8f%d0%bd-hoob-code\/","og_locale":"ru_RU","og_type":"article","og_title":"\u041a\u0430\u043b\u044c\u044f\u043d Hoob Code","og_description":"Hoob Code to imponuj\u0105cy monument wsp\u00f3\u0142czesnego designu, a jego wykonanie z dba\u0142o\u015bci\u0105 o najmniejsze szczeg\u00f3\u0142y zachwyci nawet najsurowszych koneser\u00f3w fajki wodnej.","og_url":"https:\/\/cybuchshisha.pl\/ru\/\u043c\u0430\u0433\u0430\u0437\u0438\u043d\/%d0%ba%d0%b0%d0%bb%d1%8c%d1%8f%d0%bd-hoob-code\/","og_site_name":"Cybuch - Shisha Sklep","article_publisher":"https:\/\/www.facebook.com\/cybuchshisha\/","article_modified_time":"2026-03-24T09:28:22+00:00","og_image":[{"width":1000,"height":1000,"url":"https:\/\/cybuch.staging.seodev.agency\/wp-content\/uploads\/2021\/08\/hookah-hoob-code.jpg","type":"image\/jpeg"}],"twitter_card":"summary_large_image","schema":{"@context":"https:\/\/schema.org","@graph":[{"@type":"WebPage","@id":"https:\/\/cybuchshisha.pl\/ru\/\u043c\u0430\u0433\u0430\u0437\u0438\u043d\/%d0%ba%d0%b0%d0%bb%d1%8c%d1%8f%d0%bd-hoob-code\/","url":"https:\/\/cybuchshisha.pl\/ru\/\u043c\u0430\u0433\u0430\u0437\u0438\u043d\/%d0%ba%d0%b0%d0%bb%d1%8c%d1%8f%d0%bd-hoob-code\/","name":"\u041a\u0430\u043b\u044c\u044f\u043d Hoob Code | \u0425\u043e\u0440\u043e\u0448\u0430\u044f \u0446\u0435\u043d\u0430 | \u0418\u043d\u0442\u0435\u0440\u043d\u0435\u0442-\u043c\u0430\u0433\u0430\u0437\u0438\u043d | \u0412\u0430\u0440\u0448\u0430\u0432\u0430 - CYBUCH SHISHA SKLEP","isPartOf":{"@id":"https:\/\/cybuchshisha.pl\/ru\/#website"},"primaryImageOfPage":{"@id":"https:\/\/cybuchshisha.pl\/ru\/\u043c\u0430\u0433\u0430\u0437\u0438\u043d\/%d0%ba%d0%b0%d0%bb%d1%8c%d1%8f%d0%bd-hoob-code\/#primaryimage"},"image":{"@id":"https:\/\/cybuchshisha.pl\/ru\/\u043c\u0430\u0433\u0430\u0437\u0438\u043d\/%d0%ba%d0%b0%d0%bb%d1%8c%d1%8f%d0%bd-hoob-code\/#primaryimage"},"thumbnailUrl":"https:\/\/cybuchshisha.pl\/wp-content\/uploads\/2021\/08\/hookah-hoob-code.jpg","datePublished":"2021-08-16T10:16:06+00:00","dateModified":"2026-03-24T09:28:22+00:00","description":"Hoob Code to imponuj\u0105cy monument wsp\u00f3\u0142czesnego designu, a jego wykonanie z dba\u0142o\u015bci\u0105 o najmniejsze szczeg\u00f3\u0142y zachwyci nawet najsurowszych koneser\u00f3w fajki wodnej.","breadcrumb":{"@id":"https:\/\/cybuchshisha.pl\/ru\/\u043c\u0430\u0433\u0430\u0437\u0438\u043d\/%d0%ba%d0%b0%d0%bb%d1%8c%d1%8f%d0%bd-hoob-code\/#breadcrumb"},"inLanguage":"ru-RU","potentialAction":[{"@type":"ReadAction","target":["https:\/\/cybuchshisha.pl\/ru\/\u043c\u0430\u0433\u0430\u0437\u0438\u043d\/%d0%ba%d0%b0%d0%bb%d1%8c%d1%8f%d0%bd-hoob-code\/"]}]},{"@type":"ImageObject","inLanguage":"ru-RU","@id":"https:\/\/cybuchshisha.pl\/ru\/\u043c\u0430\u0433\u0430\u0437\u0438\u043d\/%d0%ba%d0%b0%d0%bb%d1%8c%d1%8f%d0%bd-hoob-code\/#primaryimage","url":"https:\/\/cybuchshisha.pl\/wp-content\/uploads\/2021\/08\/hookah-hoob-code.jpg","contentUrl":"https:\/\/cybuchshisha.pl\/wp-content\/uploads\/2021\/08\/hookah-hoob-code.jpg","width":1000,"height":1000},{"@type":"BreadcrumbList","@id":"https:\/\/cybuchshisha.pl\/ru\/\u043c\u0430\u0433\u0430\u0437\u0438\u043d\/%d0%ba%d0%b0%d0%bb%d1%8c%d1%8f%d0%bd-hoob-code\/#breadcrumb","itemListElement":[{"@type":"ListItem","position":1,"name":"\u0413\u043b\u0430\u0432\u043d\u0430\u044f \u0441\u0442\u0440\u0430\u043d\u0438\u0446\u0430","item":"https:\/\/cybuchshisha.pl\/ru\/"},{"@type":"ListItem","position":2,"name":"\u041c\u0430\u0433\u0430\u0437\u0438\u043d","item":"https:\/\/cybuch.staging.seodev.agency\/sklep\/"},{"@type":"ListItem","position":3,"name":"\u041a\u0430\u043b\u044c\u044f\u043d Hoob Code"}]},{"@type":"WebSite","@id":"https:\/\/cybuchshisha.pl\/ru\/#website","url":"https:\/\/cybuchshisha.pl\/ru\/","name":"Cybuch - Shisha Sklep","description":"Shisha, szisza, fajka wodna, melasa i w\u0119gle do shishy","publisher":{"@id":"https:\/\/cybuchshisha.pl\/ru\/#organization"},"alternateName":"Cybuch","potentialAction":[{"@type":"SearchAction","target":{"@type":"EntryPoint","urlTemplate":"https:\/\/cybuchshisha.pl\/ru\/?s={search_term_string}"},"query-input":{"@type":"PropertyValueSpecification","valueRequired":true,"valueName":"search_term_string"}}],"inLanguage":"ru-RU"},{"@type":"Organization","@id":"https:\/\/cybuchshisha.pl\/ru\/#organization","name":"Cybuch - Shisha Sklep","alternateName":"Cybuch","url":"https:\/\/cybuchshisha.pl\/ru\/","logo":{"@type":"ImageObject","inLanguage":"ru-RU","@id":"https:\/\/cybuchshisha.pl\/ru\/#\/schema\/logo\/image\/","url":"https:\/\/cybuchshisha.pl\/wp-content\/uploads\/2023\/11\/kwadrat.png","contentUrl":"https:\/\/cybuchshisha.pl\/wp-content\/uploads\/2023\/11\/kwadrat.png","width":1300,"height":1300,"caption":"Cybuch - Shisha Sklep"},"image":{"@id":"https:\/\/cybuchshisha.pl\/ru\/#\/schema\/logo\/image\/"},"sameAs":["https:\/\/www.facebook.com\/cybuchshisha\/","https:\/\/www.instagram.com\/cybuchshisha\/","https:\/\/www.youtube.com\/channel\/UCEyCpnP1FkFHVh5F4TtkIOQ"]}]}},"_links":{"self":[{"href":"https:\/\/cybuchshisha.pl\/ru\/wp-json\/wp\/v2\/product\/605651","targetHints":{"allow":["GET"]}}],"collection":[{"href":"https:\/\/cybuchshisha.pl\/ru\/wp-json\/wp\/v2\/product"}],"about":[{"href":"https:\/\/cybuchshisha.pl\/ru\/wp-json\/wp\/v2\/types\/product"}],"wp:featuredmedia":[{"embeddable":true,"href":"https:\/\/cybuchshisha.pl\/ru\/wp-json\/wp\/v2\/media\/75375"}],"wp:attachment":[{"href":"https:\/\/cybuchshisha.pl\/ru\/wp-json\/wp\/v2\/media?parent=605651"}],"wp:term":[{"taxonomy":"product_brand","embeddable":true,"href":"https:\/\/cybuchshisha.pl\/ru\/wp-json\/wp\/v2\/product_brand?post=605651"},{"taxonomy":"product_cat","embeddable":true,"href":"https:\/\/cybuchshisha.pl\/ru\/wp-json\/wp\/v2\/product_cat?post=605651"},{"taxonomy":"product_tag","embeddable":true,"href":"https:\/\/cybuchshisha.pl\/ru\/wp-json\/wp\/v2\/product_tag?post=605651"}],"curies":[{"name":"wp","href":"https:\/\/api.w.org\/{rel}","templated":true}]}}