{"id":593127,"date":"2023-07-29T21:09:04","date_gmt":"2023-07-29T19:09:04","guid":{"rendered":"https:\/\/cybuchshisha.pl\/sklep\/%d0%ba%d0%be%d1%80%d0%b7%d0%b8%d0%bd%d0%b0-%d0%b4%d0%bb%d1%8f-%d1%83%d0%b3%d0%bb%d0%b5%d0%b9-ao\/"},"modified":"2026-03-24T14:06:23","modified_gmt":"2026-03-24T13:06:23","slug":"%d0%ba%d0%be%d1%80%d0%b7%d0%b8%d0%bd%d0%b0-%d0%b4%d0%bb%d1%8f-%d1%83%d0%b3%d0%bb%d0%b5%d0%b9-ao","status":"publish","type":"product","link":"https:\/\/cybuchshisha.pl\/ru\/\u043c\u0430\u0433\u0430\u0437\u0438\u043d\/%d0%ba%d0%be%d1%80%d0%b7%d0%b8%d0%bd%d0%b0-%d0%b4%d0%bb%d1%8f-%d1%83%d0%b3%d0%bb%d0%b5%d0%b9-ao\/","title":{"rendered":"\u041a\u043e\u0440\u0437\u0438\u043d\u0430 \u0434\u043b\u044f \u0443\u0433\u043b\u0435\u0439 AO"},"content":{"rendered":"<p>\u041a\u043e\u0440\u0437\u0438\u043d\u0430 \u0434\u043b\u044f \u0443\u0433\u043b\u0435\u0439 \u043e\u0442 AO.<\/p>\n<p>\u041e\u0441\u043d\u0430\u0449\u0435\u043d \u043a\u0440\u044e\u0447\u043a\u043e\u043c \u0434\u043b\u044f \u043f\u043e\u0434\u0432\u0435\u0448\u0438\u0432\u0430\u043d\u0438\u044f \u0449\u0438\u043f\u0446\u043e\u0432.<\/p>\n<p>\u0418\u0437\u0433\u043e\u0442\u043e\u0432\u043b\u0435\u043d \u0438\u0437 \u043d\u0435\u0440\u0436\u0430\u0432\u0435\u044e\u0449\u0435\u0439 \u0441\u0442\u0430\u043b\u0438.<\/p>\n<p>\u0425\u0430\u0440\u0430\u043a\u0442\u0435\u0440\u0438\u0441\u0442\u0438\u043a\u0438:<\/p>\n<p>\u0412\u044b\u0441\u043e\u0442\u0430: \u043e\u043a. 34 \u0441\u043c.<\/p>\n<p>\u0414\u0438\u0430\u043c\u0435\u0442\u0440 \u043a\u043e\u043d\u0442\u0435\u0439\u043d\u0435\u0440\u0430 \u0434\u043b\u044f \u0443\u0433\u043b\u0435\u0439: \u043e\u043a. 16 \u0441\u043c<\/p>\n<p>\u0413\u043b\u0443\u0431\u0438\u043d\u0430 \u043a\u043e\u043d\u0442\u0435\u0439\u043d\u0435\u0440\u0430 \u0434\u043b\u044f \u0443\u0433\u043b\u044f: \u043e\u043a\u043e\u043b\u043e 8 \u0441\u043c<\/p>\n","protected":false},"excerpt":{"rendered":"<p>\u041a\u043e\u0440\u0437\u0438\u043d\u0430 \u0434\u043b\u044f \u0443\u0433\u043b\u0435\u0439 \u043e\u0442 AO. \u041e\u0441\u043d\u0430\u0449\u0435\u043d \u043a\u0440\u044e\u0447\u043a\u043e\u043c \u0434\u043b\u044f \u043f\u043e\u0434\u0432\u0435\u0448\u0438\u0432\u0430\u043d\u0438\u044f \u0449\u0438\u043f\u0446\u043e\u0432. \u0418\u0437\u0433\u043e\u0442\u043e\u0432\u043b\u0435\u043d \u0438\u0437 \u043d\u0435\u0440\u0436\u0430\u0432\u0435\u044e\u0449\u0435\u0439 \u0441\u0442\u0430\u043b\u0438. \u0425\u0430\u0440\u0430\u043a\u0442\u0435\u0440\u0438\u0441\u0442\u0438\u043a\u0438: \u0412\u044b\u0441\u043e\u0442\u0430: \u043e\u043a. 34 \u0441\u043c. \u0414\u0438\u0430\u043c\u0435\u0442\u0440 \u043a\u043e\u043d\u0442\u0435\u0439\u043d\u0435\u0440\u0430 \u0434\u043b\u044f \u0443\u0433\u043b\u0435\u0439: \u043e\u043a. 16 \u0441\u043c \u0413\u043b\u0443\u0431\u0438\u043d\u0430 \u043a\u043e\u043d\u0442\u0435\u0439\u043d\u0435\u0440\u0430 \u0434\u043b\u044f \u0443\u0433\u043b\u044f: \u043e\u043a\u043e\u043b\u043e 8 \u0441\u043c<\/p>\n","protected":false},"featured_media":92358,"template":"","meta":{"_acf_changed":false},"product_brand":[9545],"product_cat":[2425,2514,2513],"product_tag":[3039],"class_list":{"0":"post-593127","1":"product","2":"type-product","3":"status-publish","4":"has-post-thumbnail","6":"product_brand-ao-ru","7":"product_cat-2425","8":"product_cat-2514","9":"product_cat-2513","10":"product_tag-3039","12":"first","13":"outofstock","14":"taxable","15":"shipping-taxable","16":"purchasable","17":"product-type-simple"},"acf":[],"yoast_head":"<!-- This site is optimized with the Yoast SEO Premium plugin v24.6 (Yoast SEO v27.3) - https:\/\/yoast.com\/product\/yoast-seo-premium-wordpress\/ -->\n<title>\u041a\u043e\u0440\u0437\u0438\u043d\u0430 \u0434\u043b\u044f \u0443\u0433\u043b\u0435\u0439 AO | \u0425\u043e\u0440\u043e\u0448\u0430\u044f \u0446\u0435\u043d\u0430 | \u0418\u043d\u0442\u0435\u0440\u043d\u0435\u0442 | Cybuchshisha.pl<\/title>\n<meta name=\"description\" content=\"Noside\u0142ko na w\u0119gielki du\u017ce firmy AO. Wyposa\u017cone w haczyk do zawieszenia szczypiec. Wykonane ze stali nierdzewnej.\" \/>\n<meta name=\"robots\" content=\"index, follow, max-snippet:-1, max-image-preview:large, max-video-preview:-1\" \/>\n<link rel=\"canonical\" href=\"https:\/\/cybuchshisha.pl\/ru\/\u043c\u0430\u0433\u0430\u0437\u0438\u043d\/%d0%ba%d0%be%d1%80%d0%b7%d0%b8%d0%bd%d0%b0-%d0%b4%d0%bb%d1%8f-%d1%83%d0%b3%d0%bb%d0%b5%d0%b9-ao\/\" \/>\n<meta property=\"og:locale\" content=\"ru_RU\" \/>\n<meta property=\"og:type\" content=\"article\" \/>\n<meta property=\"og:title\" content=\"\u041a\u043e\u0440\u0437\u0438\u043d\u0430 \u0434\u043b\u044f \u0443\u0433\u043b\u0435\u0439 AO\" \/>\n<meta property=\"og:description\" content=\"Noside\u0142ko na w\u0119gielki du\u017ce firmy AO. Wyposa\u017cone w haczyk do zawieszenia szczypiec. Wykonane ze stali nierdzewnej.\" \/>\n<meta property=\"og:url\" content=\"https:\/\/cybuchshisha.pl\/ru\/\u043c\u0430\u0433\u0430\u0437\u0438\u043d\/%d0%ba%d0%be%d1%80%d0%b7%d0%b8%d0%bd%d0%b0-%d0%b4%d0%bb%d1%8f-%d1%83%d0%b3%d0%bb%d0%b5%d0%b9-ao\/\" \/>\n<meta property=\"og:site_name\" content=\"Cybuch - Shisha Sklep\" \/>\n<meta property=\"article:publisher\" content=\"https:\/\/www.facebook.com\/cybuchshisha\/\" \/>\n<meta property=\"article:modified_time\" content=\"2026-03-24T13:06:23+00:00\" \/>\n<meta property=\"og:image\" content=\"https:\/\/cybuch.staging.seodev.agency\/wp-content\/uploads\/2023\/07\/nosidelko-ao-duze.jpg\" \/>\n\t<meta property=\"og:image:width\" content=\"2000\" \/>\n\t<meta property=\"og:image:height\" content=\"2000\" \/>\n\t<meta property=\"og:image:type\" content=\"image\/jpeg\" \/>\n<meta name=\"twitter:card\" content=\"summary_large_image\" \/>\n<!-- \/ Yoast SEO Premium plugin. -->","yoast_head_json":{"title":"\u041a\u043e\u0440\u0437\u0438\u043d\u0430 \u0434\u043b\u044f \u0443\u0433\u043b\u0435\u0439 AO | \u0425\u043e\u0440\u043e\u0448\u0430\u044f \u0446\u0435\u043d\u0430 | \u0418\u043d\u0442\u0435\u0440\u043d\u0435\u0442 | Cybuchshisha.pl","description":"Noside\u0142ko na w\u0119gielki du\u017ce firmy AO. Wyposa\u017cone w haczyk do zawieszenia szczypiec. Wykonane ze stali nierdzewnej.","robots":{"index":"index","follow":"follow","max-snippet":"max-snippet:-1","max-image-preview":"max-image-preview:large","max-video-preview":"max-video-preview:-1"},"canonical":"https:\/\/cybuchshisha.pl\/ru\/\u043c\u0430\u0433\u0430\u0437\u0438\u043d\/%d0%ba%d0%be%d1%80%d0%b7%d0%b8%d0%bd%d0%b0-%d0%b4%d0%bb%d1%8f-%d1%83%d0%b3%d0%bb%d0%b5%d0%b9-ao\/","og_locale":"ru_RU","og_type":"article","og_title":"\u041a\u043e\u0440\u0437\u0438\u043d\u0430 \u0434\u043b\u044f \u0443\u0433\u043b\u0435\u0439 AO","og_description":"Noside\u0142ko na w\u0119gielki du\u017ce firmy AO. Wyposa\u017cone w haczyk do zawieszenia szczypiec. Wykonane ze stali nierdzewnej.","og_url":"https:\/\/cybuchshisha.pl\/ru\/\u043c\u0430\u0433\u0430\u0437\u0438\u043d\/%d0%ba%d0%be%d1%80%d0%b7%d0%b8%d0%bd%d0%b0-%d0%b4%d0%bb%d1%8f-%d1%83%d0%b3%d0%bb%d0%b5%d0%b9-ao\/","og_site_name":"Cybuch - Shisha Sklep","article_publisher":"https:\/\/www.facebook.com\/cybuchshisha\/","article_modified_time":"2026-03-24T13:06:23+00:00","og_image":[{"width":2000,"height":2000,"url":"https:\/\/cybuch.staging.seodev.agency\/wp-content\/uploads\/2023\/07\/nosidelko-ao-duze.jpg","type":"image\/jpeg"}],"twitter_card":"summary_large_image","schema":{"@context":"https:\/\/schema.org","@graph":[{"@type":"WebPage","@id":"https:\/\/cybuchshisha.pl\/ru\/\u043c\u0430\u0433\u0430\u0437\u0438\u043d\/%d0%ba%d0%be%d1%80%d0%b7%d0%b8%d0%bd%d0%b0-%d0%b4%d0%bb%d1%8f-%d1%83%d0%b3%d0%bb%d0%b5%d0%b9-ao\/","url":"https:\/\/cybuchshisha.pl\/ru\/\u043c\u0430\u0433\u0430\u0437\u0438\u043d\/%d0%ba%d0%be%d1%80%d0%b7%d0%b8%d0%bd%d0%b0-%d0%b4%d0%bb%d1%8f-%d1%83%d0%b3%d0%bb%d0%b5%d0%b9-ao\/","name":"\u041a\u043e\u0440\u0437\u0438\u043d\u0430 \u0434\u043b\u044f \u0443\u0433\u043b\u0435\u0439 AO | \u0425\u043e\u0440\u043e\u0448\u0430\u044f \u0446\u0435\u043d\u0430 | \u0418\u043d\u0442\u0435\u0440\u043d\u0435\u0442-\u043c\u0430\u0433\u0430\u0437\u0438\u043d | \u0412\u0430\u0440\u0448\u0430\u0432\u0430 - CYBUCH SHISHA SKLEP","isPartOf":{"@id":"https:\/\/cybuchshisha.pl\/ru\/#website"},"primaryImageOfPage":{"@id":"https:\/\/cybuchshisha.pl\/ru\/\u043c\u0430\u0433\u0430\u0437\u0438\u043d\/%d0%ba%d0%be%d1%80%d0%b7%d0%b8%d0%bd%d0%b0-%d0%b4%d0%bb%d1%8f-%d1%83%d0%b3%d0%bb%d0%b5%d0%b9-ao\/#primaryimage"},"image":{"@id":"https:\/\/cybuchshisha.pl\/ru\/\u043c\u0430\u0433\u0430\u0437\u0438\u043d\/%d0%ba%d0%be%d1%80%d0%b7%d0%b8%d0%bd%d0%b0-%d0%b4%d0%bb%d1%8f-%d1%83%d0%b3%d0%bb%d0%b5%d0%b9-ao\/#primaryimage"},"thumbnailUrl":"https:\/\/cybuchshisha.pl\/wp-content\/uploads\/2023\/07\/nosidelko-ao-duze-scaled.jpg","datePublished":"2023-07-29T19:09:04+00:00","dateModified":"2026-03-24T13:06:23+00:00","description":"Noside\u0142ko na w\u0119gielki du\u017ce firmy AO. Wyposa\u017cone w haczyk do zawieszenia szczypiec. Wykonane ze stali nierdzewnej.","breadcrumb":{"@id":"https:\/\/cybuchshisha.pl\/ru\/\u043c\u0430\u0433\u0430\u0437\u0438\u043d\/%d0%ba%d0%be%d1%80%d0%b7%d0%b8%d0%bd%d0%b0-%d0%b4%d0%bb%d1%8f-%d1%83%d0%b3%d0%bb%d0%b5%d0%b9-ao\/#breadcrumb"},"inLanguage":"ru-RU","potentialAction":[{"@type":"ReadAction","target":["https:\/\/cybuchshisha.pl\/ru\/\u043c\u0430\u0433\u0430\u0437\u0438\u043d\/%d0%ba%d0%be%d1%80%d0%b7%d0%b8%d0%bd%d0%b0-%d0%b4%d0%bb%d1%8f-%d1%83%d0%b3%d0%bb%d0%b5%d0%b9-ao\/"]}]},{"@type":"ImageObject","inLanguage":"ru-RU","@id":"https:\/\/cybuchshisha.pl\/ru\/\u043c\u0430\u0433\u0430\u0437\u0438\u043d\/%d0%ba%d0%be%d1%80%d0%b7%d0%b8%d0%bd%d0%b0-%d0%b4%d0%bb%d1%8f-%d1%83%d0%b3%d0%bb%d0%b5%d0%b9-ao\/#primaryimage","url":"https:\/\/cybuchshisha.pl\/wp-content\/uploads\/2023\/07\/nosidelko-ao-duze-scaled.jpg","contentUrl":"https:\/\/cybuchshisha.pl\/wp-content\/uploads\/2023\/07\/nosidelko-ao-duze-scaled.jpg","width":1920,"height":1920,"caption":"Noside\u0142ko AO Du\u017ce"},{"@type":"BreadcrumbList","@id":"https:\/\/cybuchshisha.pl\/ru\/\u043c\u0430\u0433\u0430\u0437\u0438\u043d\/%d0%ba%d0%be%d1%80%d0%b7%d0%b8%d0%bd%d0%b0-%d0%b4%d0%bb%d1%8f-%d1%83%d0%b3%d0%bb%d0%b5%d0%b9-ao\/#breadcrumb","itemListElement":[{"@type":"ListItem","position":1,"name":"\u0413\u043b\u0430\u0432\u043d\u0430\u044f \u0441\u0442\u0440\u0430\u043d\u0438\u0446\u0430","item":"https:\/\/cybuchshisha.pl\/ru\/"},{"@type":"ListItem","position":2,"name":"\u041c\u0430\u0433\u0430\u0437\u0438\u043d","item":"https:\/\/cybuch.staging.seodev.agency\/sklep\/"},{"@type":"ListItem","position":3,"name":"\u041a\u043e\u0440\u0437\u0438\u043d\u0430 \u0434\u043b\u044f \u0443\u0433\u043b\u0435\u0439 AO"}]},{"@type":"WebSite","@id":"https:\/\/cybuchshisha.pl\/ru\/#website","url":"https:\/\/cybuchshisha.pl\/ru\/","name":"Cybuch - Shisha Sklep","description":"Shisha, szisza, fajka wodna, melasa i w\u0119gle do shishy","publisher":{"@id":"https:\/\/cybuchshisha.pl\/ru\/#organization"},"alternateName":"Cybuch","potentialAction":[{"@type":"SearchAction","target":{"@type":"EntryPoint","urlTemplate":"https:\/\/cybuchshisha.pl\/ru\/?s={search_term_string}"},"query-input":{"@type":"PropertyValueSpecification","valueRequired":true,"valueName":"search_term_string"}}],"inLanguage":"ru-RU"},{"@type":"Organization","@id":"https:\/\/cybuchshisha.pl\/ru\/#organization","name":"Cybuch - Shisha Sklep","alternateName":"Cybuch","url":"https:\/\/cybuchshisha.pl\/ru\/","logo":{"@type":"ImageObject","inLanguage":"ru-RU","@id":"https:\/\/cybuchshisha.pl\/ru\/#\/schema\/logo\/image\/","url":"https:\/\/cybuchshisha.pl\/wp-content\/uploads\/2023\/11\/kwadrat.png","contentUrl":"https:\/\/cybuchshisha.pl\/wp-content\/uploads\/2023\/11\/kwadrat.png","width":1300,"height":1300,"caption":"Cybuch - Shisha Sklep"},"image":{"@id":"https:\/\/cybuchshisha.pl\/ru\/#\/schema\/logo\/image\/"},"sameAs":["https:\/\/www.facebook.com\/cybuchshisha\/","https:\/\/www.instagram.com\/cybuchshisha\/","https:\/\/www.youtube.com\/channel\/UCEyCpnP1FkFHVh5F4TtkIOQ"]}]}},"_links":{"self":[{"href":"https:\/\/cybuchshisha.pl\/ru\/wp-json\/wp\/v2\/product\/593127","targetHints":{"allow":["GET"]}}],"collection":[{"href":"https:\/\/cybuchshisha.pl\/ru\/wp-json\/wp\/v2\/product"}],"about":[{"href":"https:\/\/cybuchshisha.pl\/ru\/wp-json\/wp\/v2\/types\/product"}],"wp:featuredmedia":[{"embeddable":true,"href":"https:\/\/cybuchshisha.pl\/ru\/wp-json\/wp\/v2\/media\/92358"}],"wp:attachment":[{"href":"https:\/\/cybuchshisha.pl\/ru\/wp-json\/wp\/v2\/media?parent=593127"}],"wp:term":[{"taxonomy":"product_brand","embeddable":true,"href":"https:\/\/cybuchshisha.pl\/ru\/wp-json\/wp\/v2\/product_brand?post=593127"},{"taxonomy":"product_cat","embeddable":true,"href":"https:\/\/cybuchshisha.pl\/ru\/wp-json\/wp\/v2\/product_cat?post=593127"},{"taxonomy":"product_tag","embeddable":true,"href":"https:\/\/cybuchshisha.pl\/ru\/wp-json\/wp\/v2\/product_tag?post=593127"}],"curies":[{"name":"wp","href":"https:\/\/api.w.org\/{rel}","templated":true}]}}