{"id":591568,"date":"2022-06-08T10:34:27","date_gmt":"2022-06-08T08:34:27","guid":{"rendered":"https:\/\/cybuchshisha.pl\/sklep\/%d0%ba%d0%b0%d0%bb%d1%8c%d1%8f%d0%bd-izzy-prime-aluminium-yellow\/"},"modified":"2025-12-16T13:59:03","modified_gmt":"2025-12-16T12:59:03","slug":"%d0%ba%d0%b0%d0%bb%d1%8c%d1%8f%d0%bd-izzy-prime-aluminium-yellow","status":"publish","type":"product","link":"https:\/\/cybuchshisha.pl\/ru\/\u043c\u0430\u0433\u0430\u0437\u0438\u043d\/%d0%ba%d0%b0%d0%bb%d1%8c%d1%8f%d0%bd-izzy-prime-aluminium-yellow\/","title":{"rendered":"\u041a\u0430\u043b\u044c\u044f\u043d Izzy Prime Aluminium Yellow"},"content":{"rendered":"<p>\u041f\u0440\u0438 \u0441\u043e\u0437\u0434\u0430\u043d\u0438\u0438 \u043c\u043e\u0434\u0435\u043b\u0438 Prime \u043a\u043e\u043c\u043f\u0430\u043d\u0438\u044f Izzy \u043f\u0440\u0435\u0441\u043b\u0435\u0434\u043e\u0432\u0430\u043b\u0430 \u0446\u0435\u043b\u044c \u0441\u043e\u0437\u0434\u0430\u0442\u044c \u0438\u0434\u0435\u0430\u043b\u044c\u043d\u044b\u0439 \u0432\u0430\u0440\u0438\u0430\u043d\u0442 \u043a\u0430\u043b\u044c\u044f\u043d\u0430 \u0434\u043b\u044f \u0442\u0435\u0445, \u043a\u0442\u043e \u0442\u043e\u043b\u044c\u043a\u043e \u043d\u0430\u0447\u0438\u043d\u0430\u0435\u0442 \u0438\u043d\u0442\u0435\u0440\u0435\u0441\u043e\u0432\u0430\u0442\u044c\u0441\u044f \u043a\u0443\u0440\u0435\u043d\u0438\u0435\u043c \u043a\u0430\u043b\u044c\u044f\u043d\u0430 \u0438 \u0432\u0441\u0435\u0439 \u043a\u0443\u043b\u044c\u0442\u0443\u0440\u043e\u0439, \u0432\u044b\u0440\u043e\u0441\u0448\u0435\u0439 \u0432\u043e\u043a\u0440\u0443\u0433 \u044d\u0442\u043e\u0433\u043e \u0432\u0438\u0434\u0430 \u0432\u0440\u0435\u043c\u044f\u043f\u0440\u0435\u043f\u0440\u043e\u0432\u043e\u0436\u0434\u0435\u043d\u0438\u044f. \u041f\u0440\u043e\u0441\u0442\u043e\u0442\u0430, \u0434\u043e\u0441\u0442\u0443\u043f\u043d\u043e\u0441\u0442\u044c, \u0430 \u0442\u0430\u043a\u0436\u0435 \u0440\u044f\u0434 \u0438\u043d\u043d\u043e\u0432\u0430\u0446\u0438\u043e\u043d\u043d\u044b\u0445 \u0444\u0443\u043d\u043a\u0446\u0438\u0439 &#8212; \u0432\u0441\u0435 \u044d\u0442\u043e \u0434\u0435\u043b\u0430\u0435\u0442 Izzy Prime \u043e\u0431\u0440\u0430\u0437\u0446\u043e\u0432\u044b\u043c \u043f\u043e\u0434\u0430\u0440\u043a\u043e\u043c \u0434\u043b\u044f \u043d\u043e\u0432\u0438\u0447\u043a\u043e\u0432.<\/p>\n<p>&#8212; \u041c\u0438\u043d\u0438\u043c\u0430\u043b\u0438\u0441\u0442\u0438\u0447\u043d\u044b\u0439 \u0434\u0438\u0437\u0430\u0439\u043d &#8212; \u0444\u0443\u043d\u043a\u0446\u0438\u043e\u043d\u0430\u043b\u044c\u043d\u0430\u044f \u0434\u043e\u0441\u0442\u0443\u043f\u043d\u043e\u0441\u0442\u044c \u041a\u0430\u043b\u044c\u044f\u043d\u0430 \u0441\u043e\u0447\u0435\u0442\u0430\u0435\u0442\u0441\u044f \u0441 \u0435\u0433\u043e \u0443\u043d\u0438\u0432\u0435\u0440\u0441\u0430\u043b\u044c\u043d\u043e\u0439, \u043c\u0438\u043d\u0438\u043c\u0430\u043b\u0438\u0441\u0442\u0438\u0447\u043d\u043e\u0439 \u044d\u0441\u0442\u0435\u0442\u0438\u043a\u043e\u0439. \u0411\u043b\u0430\u0433\u043e\u0434\u0430\u0440\u044f \u0442\u043e\u043d\u043a\u043e\u0439, \u0445\u043e\u043b\u043e\u0434\u043d\u043e \u0431\u043b\u0435\u0441\u0442\u044f\u0449\u0435\u0439 \u0432\u0435\u0440\u0445\u043d\u0435\u0439 \u0447\u0430\u0441\u0442\u0438 \u0448\u0430\u0445\u0442\u044b \u0434\u0430\u0436\u0435 \u043a\u043e\u043b\u0431\u0430 \u043f\u0440\u0438\u0447\u0443\u0434\u043b\u0438\u0432\u043e\u0439 \u0444\u043e\u0440\u043c\u044b \u043a\u0430\u0436\u0435\u0442\u0441\u044f \u043e\u0447\u0435\u043d\u044c \u044d\u0444\u0444\u0435\u043a\u0442\u043d\u043e\u0439. \u0422\u0432\u043e\u0440\u0447\u0435\u0441\u043a\u0438\u0435 \u043b\u0438\u0447\u043d\u043e\u0441\u0442\u0438 \u043c\u043e\u0433\u0443\u0442 \u043d\u0430\u0439\u0442\u0438 \u0432\u044b\u0445\u043e\u0434 \u0441\u0432\u043e\u0435\u0439 \u043a\u0440\u0435\u0430\u0442\u0438\u0432\u043d\u043e\u0441\u0442\u0438 \u0438 \u0441\u0432\u043e\u0431\u043e\u0434\u043d\u043e \u0438\u0437\u043c\u0435\u043d\u044f\u0442\u044c \u043e\u0431\u043b\u0438\u043a \u041a\u0430\u043b\u044c\u044f\u043d\u0430 \u043f\u043e \u0441\u0432\u043e\u0435\u043c\u0443 \u0443\u0441\u043c\u043e\u0442\u0440\u0435\u043d\u0438\u044e. \u041d\u0430 \u044d\u0442\u043e\u0442 \u0432\u043f\u0435\u0447\u0430\u0442\u043b\u044f\u044e\u0449\u0438\u0439 \u041a\u0430\u043b\u044c\u044f\u043d \u0442\u0440\u0443\u0434\u043d\u043e \u043d\u0435 \u043e\u0431\u0440\u0430\u0442\u0438\u0442\u044c \u0432\u043d\u0438\u043c\u0430\u043d\u0438\u0435, \u0430 \u0431\u043b\u0430\u0433\u043e\u0434\u0430\u0440\u044f \u043b\u0430\u043a\u043e\u043d\u0438\u0447\u043d\u043e\u043c\u0443 \u0434\u0438\u0437\u0430\u0439\u043d\u0443 \u043e\u043d \u043d\u0430\u0439\u0434\u0435\u0442 \u0441\u0432\u043e\u0435 \u043c\u0435\u0441\u0442\u043e \u0432 \u043b\u044e\u0431\u043e\u043c \u0438\u043d\u0442\u0435\u0440\u044c\u0435\u0440\u0435.<\/p>\n<p>&#8212; \u0411\u043b\u0430\u0433\u043e\u0440\u043e\u0434\u043d\u044b\u0435 \u043c\u0430\u0442\u0435\u0440\u0438\u0430\u043b\u044b &#8212; \u0411\u043b\u0430\u0433\u043e\u0434\u0430\u0440\u044f \u0442\u0449\u0430\u0442\u0435\u043b\u044c\u043d\u043e\u043c\u0443 \u043f\u043e\u0434\u0431\u043e\u0440\u0443 \u0432\u044b\u0441\u043e\u043a\u043e\u043a\u0430\u0447\u0435\u0441\u0442\u0432\u0435\u043d\u043d\u044b\u0445 \u043c\u0430\u0442\u0435\u0440\u0438\u0430\u043b\u043e\u0432, \u0442\u0440\u0443\u0431\u043a\u0438 \u0441\u0435\u0440\u0438\u0438 Starter Prime \u043e\u0442\u043b\u0438\u0447\u0430\u044e\u0442\u0441\u044f \u0434\u043e\u043b\u0433\u0438\u043c \u0441\u0440\u043e\u043a\u043e\u043c \u0441\u043b\u0443\u0436\u0431\u044b. \u0414\u0430\u0436\u0435 \u043f\u043e\u0441\u043b\u0435 \u043c\u043d\u043e\u0433\u0438\u0445 \u043b\u0435\u0442 \u0438\u0441\u043f\u043e\u043b\u044c\u0437\u043e\u0432\u0430\u043d\u0438\u044f \u043f\u0440\u0430\u0432\u0438\u043b\u044c\u043d\u043e \u0443\u0445\u043e\u0436\u0435\u043d\u043d\u044b\u0439 \u041a\u0430\u043b\u044c\u044f\u043d \u0431\u0443\u0434\u0435\u0442 \u0432\u044b\u0433\u043b\u044f\u0434\u0435\u0442\u044c \u0438 \u0444\u0443\u043d\u043a\u0446\u0438\u043e\u043d\u0438\u0440\u043e\u0432\u0430\u0442\u044c, \u043a\u0430\u043a \u0431\u0443\u0434\u0442\u043e \u0442\u043e\u043b\u044c\u043a\u043e \u0447\u0442\u043e \u0438\u0437 \u043a\u043e\u0440\u043e\u0431\u043a\u0438. \u0412 \u043f\u0440\u043e\u0438\u0437\u0432\u043e\u0434\u0441\u0442\u0432\u0435 \u043d\u0435 \u0438\u0441\u043f\u043e\u043b\u044c\u0437\u0443\u0435\u0442\u0441\u044f \u043f\u043b\u0430\u0441\u0442\u0438\u043a \u0438\u043b\u0438 \u043a\u0440\u0430\u0441\u043a\u0430, \u043f\u043e\u044d\u0442\u043e\u043c\u0443 \u0432\u043a\u0443\u0441 \u0434\u044b\u043c\u0430 \u043e\u0441\u0442\u0430\u0435\u0442\u0441\u044f \u0431\u0435\u0437\u0443\u043f\u0440\u0435\u0447\u043d\u044b\u043c.<\/p>\n","protected":false},"excerpt":{"rendered":"<p>\u041f\u0440\u0438 \u0441\u043e\u0437\u0434\u0430\u043d\u0438\u0438 \u043c\u043e\u0434\u0435\u043b\u0438 Prime \u043a\u043e\u043c\u043f\u0430\u043d\u0438\u044f Izzy \u043f\u0440\u0435\u0441\u043b\u0435\u0434\u043e\u0432\u0430\u043b\u0430 \u0446\u0435\u043b\u044c \u0441\u043e\u0437\u0434\u0430\u0442\u044c \u0438\u0434\u0435\u0430\u043b\u044c\u043d\u044b\u0439 \u0432\u0430\u0440\u0438\u0430\u043d\u0442 \u043a\u0430\u043b\u044c\u044f\u043d\u0430 \u0434\u043b\u044f \u0442\u0435\u0445, \u043a\u0442\u043e \u0442\u043e\u043b\u044c\u043a\u043e \u043d\u0430\u0447\u0438\u043d\u0430\u0435\u0442 \u0438\u043d\u0442\u0435\u0440\u0435\u0441\u043e\u0432\u0430\u0442\u044c\u0441\u044f \u043a\u0443\u0440\u0435\u043d\u0438\u0435\u043c \u043a\u0430\u043b\u044c\u044f\u043d\u0430 \u0438 \u0432\u0441\u0435\u0439 \u043a\u0443\u043b\u044c\u0442\u0443\u0440\u043e\u0439, \u0432\u044b\u0440\u043e\u0441\u0448\u0435\u0439 \u0432\u043e\u043a\u0440\u0443\u0433 \u044d\u0442\u043e\u0433\u043e \u0432\u0438\u0434\u0430 \u0432\u0440\u0435\u043c\u044f\u043f\u0440\u0435\u043f\u0440\u043e\u0432\u043e\u0436\u0434\u0435\u043d\u0438\u044f. \u041f\u0440\u043e\u0441\u0442\u043e\u0442\u0430, \u0434\u043e\u0441\u0442\u0443\u043f\u043d\u043e\u0441\u0442\u044c, \u0430 \u0442\u0430\u043a\u0436\u0435 \u0440\u044f\u0434 \u0438\u043d\u043d\u043e\u0432\u0430\u0446\u0438\u043e\u043d\u043d\u044b\u0445 \u0444\u0443\u043d\u043a\u0446\u0438\u0439 &#8212; \u0432\u0441\u0435 \u044d\u0442\u043e \u0434\u0435\u043b\u0430\u0435\u0442 Izzy Prime \u043e\u0431\u0440\u0430\u0437\u0446\u043e\u0432\u044b\u043c \u043f\u043e\u0434\u0430\u0440\u043a\u043e\u043c \u0434\u043b\u044f \u043d\u043e\u0432\u0438\u0447\u043a\u043e\u0432. &#8212; \u041c\u0438\u043d\u0438\u043c\u0430\u043b\u0438\u0441\u0442\u0438\u0447\u043d\u044b\u0439 \u0434\u0438\u0437\u0430\u0439\u043d &#8212; \u0444\u0443\u043d\u043a\u0446\u0438\u043e\u043d\u0430\u043b\u044c\u043d\u0430\u044f \u0434\u043e\u0441\u0442\u0443\u043f\u043d\u043e\u0441\u0442\u044c \u041a\u0430\u043b\u044c\u044f\u043d\u0430 \u0441\u043e\u0447\u0435\u0442\u0430\u0435\u0442\u0441\u044f \u0441 \u0435\u0433\u043e [&hellip;]<\/p>\n","protected":false},"featured_media":77126,"template":"","meta":{"_acf_changed":false},"product_brand":[9601],"product_cat":[2460,7676,2462],"product_tag":[3817,3818],"class_list":{"0":"post-591568","1":"product","2":"type-product","3":"status-publish","4":"has-post-thumbnail","6":"product_brand-izzy-ru","7":"product_cat-2460","8":"product_cat-7676","9":"product_cat-2462","10":"product_tag-izzy-ru","11":"product_tag-izzy-prime-ru","13":"first","14":"outofstock","15":"taxable","16":"shipping-taxable","17":"purchasable","18":"product-type-simple"},"acf":[],"yoast_head":"<!-- This site is optimized with the Yoast SEO Premium plugin v24.6 (Yoast SEO v27.5) - https:\/\/yoast.com\/product\/yoast-seo-premium-wordpress\/ -->\n<title>\u041a\u0430\u043b\u044c\u044f\u043d Izzy Prime Aluminium Yellow | \u0425\u043e\u0440\u043e\u0448\u0430\u044f \u0446\u0435\u043d\u0430 | \u0418\u043d\u0442\u0435\u0440\u043d\u0435\u0442 | Cybuchshisha.pl<\/title>\n<meta name=\"description\" content=\"Prostota, przyst\u0119pno\u015b\u0107, ale r\u00f3wnie\u017c gar\u015b\u0107 nowatorskich rozwi\u0105za\u0144 - to wszystko sprawia, \u017ce Izzy Prime stanowi wzorowy prezent dla pocz\u0105tkuj\u0105cych.\" \/>\n<meta name=\"robots\" content=\"index, follow, max-snippet:-1, max-image-preview:large, max-video-preview:-1\" \/>\n<link rel=\"canonical\" href=\"https:\/\/cybuchshisha.pl\/ru\/\u043c\u0430\u0433\u0430\u0437\u0438\u043d\/%d0%ba%d0%b0%d0%bb%d1%8c%d1%8f%d0%bd-izzy-prime-aluminium-yellow\/\" \/>\n<meta property=\"og:locale\" content=\"ru_RU\" \/>\n<meta property=\"og:type\" content=\"article\" \/>\n<meta property=\"og:title\" content=\"\u041a\u0430\u043b\u044c\u044f\u043d Izzy Prime Aluminium Yellow\" \/>\n<meta property=\"og:description\" content=\"Prostota, przyst\u0119pno\u015b\u0107, ale r\u00f3wnie\u017c gar\u015b\u0107 nowatorskich rozwi\u0105za\u0144 - to wszystko sprawia, \u017ce Izzy Prime stanowi wzorowy prezent dla pocz\u0105tkuj\u0105cych.\" \/>\n<meta property=\"og:url\" content=\"https:\/\/cybuchshisha.pl\/ru\/\u043c\u0430\u0433\u0430\u0437\u0438\u043d\/%d0%ba%d0%b0%d0%bb%d1%8c%d1%8f%d0%bd-izzy-prime-aluminium-yellow\/\" \/>\n<meta property=\"og:site_name\" content=\"Cybuch - Shisha Sklep\" \/>\n<meta property=\"article:publisher\" content=\"https:\/\/www.facebook.com\/cybuchshisha\/\" \/>\n<meta property=\"article:modified_time\" content=\"2025-12-16T12:59:03+00:00\" \/>\n<meta property=\"og:image\" content=\"https:\/\/cybuchshisha.pl\/wp-content\/uploads\/2022\/06\/izzy-takie-ladne-yellow-scaled.jpg\" \/>\n\t<meta property=\"og:image:width\" content=\"1920\" \/>\n\t<meta property=\"og:image:height\" content=\"1920\" \/>\n\t<meta property=\"og:image:type\" content=\"image\/jpeg\" \/>\n<meta name=\"twitter:card\" content=\"summary_large_image\" \/>\n<!-- \/ Yoast SEO Premium plugin. -->","yoast_head_json":{"title":"\u041a\u0430\u043b\u044c\u044f\u043d Izzy Prime Aluminium Yellow | \u0425\u043e\u0440\u043e\u0448\u0430\u044f \u0446\u0435\u043d\u0430 | \u0418\u043d\u0442\u0435\u0440\u043d\u0435\u0442 | Cybuchshisha.pl","description":"Prostota, przyst\u0119pno\u015b\u0107, ale r\u00f3wnie\u017c gar\u015b\u0107 nowatorskich rozwi\u0105za\u0144 - to wszystko sprawia, \u017ce Izzy Prime stanowi wzorowy prezent dla pocz\u0105tkuj\u0105cych.","robots":{"index":"index","follow":"follow","max-snippet":"max-snippet:-1","max-image-preview":"max-image-preview:large","max-video-preview":"max-video-preview:-1"},"canonical":"https:\/\/cybuchshisha.pl\/ru\/\u043c\u0430\u0433\u0430\u0437\u0438\u043d\/%d0%ba%d0%b0%d0%bb%d1%8c%d1%8f%d0%bd-izzy-prime-aluminium-yellow\/","og_locale":"ru_RU","og_type":"article","og_title":"\u041a\u0430\u043b\u044c\u044f\u043d Izzy Prime Aluminium Yellow","og_description":"Prostota, przyst\u0119pno\u015b\u0107, ale r\u00f3wnie\u017c gar\u015b\u0107 nowatorskich rozwi\u0105za\u0144 - to wszystko sprawia, \u017ce Izzy Prime stanowi wzorowy prezent dla pocz\u0105tkuj\u0105cych.","og_url":"https:\/\/cybuchshisha.pl\/ru\/\u043c\u0430\u0433\u0430\u0437\u0438\u043d\/%d0%ba%d0%b0%d0%bb%d1%8c%d1%8f%d0%bd-izzy-prime-aluminium-yellow\/","og_site_name":"Cybuch - Shisha Sklep","article_publisher":"https:\/\/www.facebook.com\/cybuchshisha\/","article_modified_time":"2025-12-16T12:59:03+00:00","og_image":[{"width":1920,"height":1920,"url":"https:\/\/cybuchshisha.pl\/wp-content\/uploads\/2022\/06\/izzy-takie-ladne-yellow-scaled.jpg","type":"image\/jpeg"}],"twitter_card":"summary_large_image","schema":{"@context":"https:\/\/schema.org","@graph":[{"@type":"WebPage","@id":"https:\/\/cybuchshisha.pl\/ru\/\u043c\u0430\u0433\u0430\u0437\u0438\u043d\/%d0%ba%d0%b0%d0%bb%d1%8c%d1%8f%d0%bd-izzy-prime-aluminium-yellow\/","url":"https:\/\/cybuchshisha.pl\/ru\/\u043c\u0430\u0433\u0430\u0437\u0438\u043d\/%d0%ba%d0%b0%d0%bb%d1%8c%d1%8f%d0%bd-izzy-prime-aluminium-yellow\/","name":"\u041a\u0430\u043b\u044c\u044f\u043d Izzy Prime Aluminium Yellow | \u0425\u043e\u0440\u043e\u0448\u0430\u044f \u0446\u0435\u043d\u0430 | \u0418\u043d\u0442\u0435\u0440\u043d\u0435\u0442-\u043c\u0430\u0433\u0430\u0437\u0438\u043d | \u0412\u0430\u0440\u0448\u0430\u0432\u0430 - CYBUCH SHISHA SKLEP","isPartOf":{"@id":"https:\/\/cybuchshisha.pl\/ru\/#website"},"primaryImageOfPage":{"@id":"https:\/\/cybuchshisha.pl\/ru\/\u043c\u0430\u0433\u0430\u0437\u0438\u043d\/%d0%ba%d0%b0%d0%bb%d1%8c%d1%8f%d0%bd-izzy-prime-aluminium-yellow\/#primaryimage"},"image":{"@id":"https:\/\/cybuchshisha.pl\/ru\/\u043c\u0430\u0433\u0430\u0437\u0438\u043d\/%d0%ba%d0%b0%d0%bb%d1%8c%d1%8f%d0%bd-izzy-prime-aluminium-yellow\/#primaryimage"},"thumbnailUrl":"https:\/\/cybuchshisha.pl\/wp-content\/uploads\/2022\/06\/izzy-takie-ladne-yellow-scaled.jpg","datePublished":"2022-06-08T08:34:27+00:00","dateModified":"2025-12-16T12:59:03+00:00","description":"Prostota, przyst\u0119pno\u015b\u0107, ale r\u00f3wnie\u017c gar\u015b\u0107 nowatorskich rozwi\u0105za\u0144 - to wszystko sprawia, \u017ce Izzy Prime stanowi wzorowy prezent dla pocz\u0105tkuj\u0105cych.","breadcrumb":{"@id":"https:\/\/cybuchshisha.pl\/ru\/\u043c\u0430\u0433\u0430\u0437\u0438\u043d\/%d0%ba%d0%b0%d0%bb%d1%8c%d1%8f%d0%bd-izzy-prime-aluminium-yellow\/#breadcrumb"},"inLanguage":"ru-RU","potentialAction":[{"@type":"ReadAction","target":["https:\/\/cybuchshisha.pl\/ru\/\u043c\u0430\u0433\u0430\u0437\u0438\u043d\/%d0%ba%d0%b0%d0%bb%d1%8c%d1%8f%d0%bd-izzy-prime-aluminium-yellow\/"]}]},{"@type":"ImageObject","inLanguage":"ru-RU","@id":"https:\/\/cybuchshisha.pl\/ru\/\u043c\u0430\u0433\u0430\u0437\u0438\u043d\/%d0%ba%d0%b0%d0%bb%d1%8c%d1%8f%d0%bd-izzy-prime-aluminium-yellow\/#primaryimage","url":"https:\/\/cybuchshisha.pl\/wp-content\/uploads\/2022\/06\/izzy-takie-ladne-yellow-scaled.jpg","contentUrl":"https:\/\/cybuchshisha.pl\/wp-content\/uploads\/2022\/06\/izzy-takie-ladne-yellow-scaled.jpg","width":1920,"height":1920},{"@type":"BreadcrumbList","@id":"https:\/\/cybuchshisha.pl\/ru\/\u043c\u0430\u0433\u0430\u0437\u0438\u043d\/%d0%ba%d0%b0%d0%bb%d1%8c%d1%8f%d0%bd-izzy-prime-aluminium-yellow\/#breadcrumb","itemListElement":[{"@type":"ListItem","position":1,"name":"\u0413\u043b\u0430\u0432\u043d\u0430\u044f \u0441\u0442\u0440\u0430\u043d\u0438\u0446\u0430","item":"https:\/\/cybuchshisha.pl\/ru\/"},{"@type":"ListItem","position":2,"name":"\u041c\u0430\u0433\u0430\u0437\u0438\u043d","item":"https:\/\/cybuch.staging.seodev.agency\/sklep\/"},{"@type":"ListItem","position":3,"name":"\u041a\u0430\u043b\u044c\u044f\u043d Izzy Prime Aluminium Yellow"}]},{"@type":"WebSite","@id":"https:\/\/cybuchshisha.pl\/ru\/#website","url":"https:\/\/cybuchshisha.pl\/ru\/","name":"Cybuch - Shisha Sklep","description":"Shisha, szisza, fajka wodna, melasa i w\u0119gle do shishy","publisher":{"@id":"https:\/\/cybuchshisha.pl\/ru\/#organization"},"alternateName":"Cybuch","potentialAction":[{"@type":"SearchAction","target":{"@type":"EntryPoint","urlTemplate":"https:\/\/cybuchshisha.pl\/ru\/?s={search_term_string}"},"query-input":{"@type":"PropertyValueSpecification","valueRequired":true,"valueName":"search_term_string"}}],"inLanguage":"ru-RU"},{"@type":"Organization","@id":"https:\/\/cybuchshisha.pl\/ru\/#organization","name":"Cybuch - Shisha Sklep","alternateName":"Cybuch","url":"https:\/\/cybuchshisha.pl\/ru\/","logo":{"@type":"ImageObject","inLanguage":"ru-RU","@id":"https:\/\/cybuchshisha.pl\/ru\/#\/schema\/logo\/image\/","url":"https:\/\/cybuchshisha.pl\/wp-content\/uploads\/2023\/11\/kwadrat.png","contentUrl":"https:\/\/cybuchshisha.pl\/wp-content\/uploads\/2023\/11\/kwadrat.png","width":1300,"height":1300,"caption":"Cybuch - Shisha Sklep"},"image":{"@id":"https:\/\/cybuchshisha.pl\/ru\/#\/schema\/logo\/image\/"},"sameAs":["https:\/\/www.facebook.com\/cybuchshisha\/","https:\/\/www.instagram.com\/cybuchshisha\/","https:\/\/www.youtube.com\/channel\/UCEyCpnP1FkFHVh5F4TtkIOQ"]}]}},"_links":{"self":[{"href":"https:\/\/cybuchshisha.pl\/ru\/wp-json\/wp\/v2\/product\/591568","targetHints":{"allow":["GET"]}}],"collection":[{"href":"https:\/\/cybuchshisha.pl\/ru\/wp-json\/wp\/v2\/product"}],"about":[{"href":"https:\/\/cybuchshisha.pl\/ru\/wp-json\/wp\/v2\/types\/product"}],"wp:featuredmedia":[{"embeddable":true,"href":"https:\/\/cybuchshisha.pl\/ru\/wp-json\/wp\/v2\/media\/77126"}],"wp:attachment":[{"href":"https:\/\/cybuchshisha.pl\/ru\/wp-json\/wp\/v2\/media?parent=591568"}],"wp:term":[{"taxonomy":"product_brand","embeddable":true,"href":"https:\/\/cybuchshisha.pl\/ru\/wp-json\/wp\/v2\/product_brand?post=591568"},{"taxonomy":"product_cat","embeddable":true,"href":"https:\/\/cybuchshisha.pl\/ru\/wp-json\/wp\/v2\/product_cat?post=591568"},{"taxonomy":"product_tag","embeddable":true,"href":"https:\/\/cybuchshisha.pl\/ru\/wp-json\/wp\/v2\/product_tag?post=591568"}],"curies":[{"name":"wp","href":"https:\/\/api.w.org\/{rel}","templated":true}]}}