{"id":467456,"date":"2021-08-16T11:43:54","date_gmt":"2021-08-16T09:43:54","guid":{"rendered":"https:\/\/cybuchshisha.pl\/sklep\/ks-appo-fusion-%d1%8d%d1%82%d0%be-%d0%b3%d0%bb%d0%b8%d0%bd%d1%8f%d0%bd%d0%b0%d1%8f-%d1%87%d0%b0%d1%88%d0%b0-%d1%82%d0%b8%d0%bf%d0%b0-%d0%bc%d0%b0%d1%81%d1%82%d0%b0-%d0%b8%d0%b7%d0%b3%d0%be%d1%82\/"},"modified":"2026-03-19T17:13:40","modified_gmt":"2026-03-19T16:13:40","slug":"ks-appo-fusion-%d1%8d%d1%82%d0%be-%d0%b3%d0%bb%d0%b8%d0%bd%d1%8f%d0%bd%d0%b0%d1%8f-%d1%87%d0%b0%d1%88%d0%b0-%d1%82%d0%b8%d0%bf%d0%b0-%d0%bc%d0%b0%d1%81%d1%82%d0%b0-%d0%b8%d0%b7%d0%b3%d0%be%d1%82","status":"publish","type":"product","link":"https:\/\/cybuchshisha.pl\/ru\/\u043c\u0430\u0433\u0430\u0437\u0438\u043d\/ks-appo-fusion-%d1%8d%d1%82%d0%be-%d0%b3%d0%bb%d0%b8%d0%bd%d1%8f%d0%bd%d0%b0%d1%8f-%d1%87%d0%b0%d1%88%d0%b0-%d1%82%d0%b8%d0%bf%d0%b0-%d0%bc%d0%b0%d1%81%d1%82%d0%b0-%d0%b8%d0%b7%d0%b3%d0%be%d1%82\/","title":{"rendered":"\u0427\u0430\u0448\u0430 KS Appo Fusion Purple"},"content":{"rendered":"<p>KS Appo Fusion to gliniano-kamionkowy cybuch typu masta, wyprodukowany r\u0119cznie z niemieck\u0105 staranno\u015bci\u0105. Swoj\u0105 niedo\u015bcignion\u0105 popularno\u015b\u0107 zawdzi\u0119cza nie tylko atrakcyjnej aparycji, ale r\u00f3wnie\u017c zdolno\u015bci utrzymywania odpowiedniej temperatury spalania przez ca\u0142\u0105 sesj\u0119.<\/p>\n<p>\u2013 Rzemie\u015blniczy kunszt \u2013 Cybuchy KS Appo wyrabiane s\u0105 r\u0119cznie przez mistrz\u00f3w ceramik\u00f3w z Niemiec z czystych naturalnych surowc\u00f3w, specjalnej kompozycji gliny i kamionki. Wypalanie w wysokiej temperaturze gwarantuje trwa\u0142o\u015b\u0107, a brak ubytk\u00f3w i por\u00f3w jest wyr\u00f3\u017cnikiem wysokiej jako\u015bci.<\/p>\n<p>\u2013 Wygoda i estetyka \u2013 Fuzja w nazwie tej edycji cybuch\u00f3w KS Appo nawi\u0105zuje do unikalnego po\u0142\u0105czenia materia\u0142\u00f3w, z jakich zosta\u0142a wykonana &#8212; lakoniczne oblicze glinianej figury kontrastuje z jaskrawym, kolorowym silikonowym pier\u015bcieniem wok\u00f3\u0142 niej. Obr\u0119cz z tworzywa sztucznego ma r\u00f3wnie\u017c za zadanie chroni\u0107 d\u0142onie przed poparzeniem przy zak\u0142adaniu i zdejmowaniu rozgrzanego cybucha.<\/p>\n<p>\u2013 Znakomity smak \u2013 KS Appo Fusion to cybuchy dedykowane dla os\u00f3b szukaj\u0105cych mocnego i wyrazistego smaku. Masywna g\u0142owica \u015bwietnie rozprowadza i utrzymuje ciep\u0142o, dzi\u0119ki czemu tyto\u0144 jest r\u00f3wnomiernie ogrzewany, a smak sesji rozwija si\u0119 harmonijnie.<\/p>\n<h4 style=\"text-align: justify;\">\n","protected":false},"excerpt":{"rendered":"<p>KS Appo Fusion to gliniano-kamionkowy cybuch typu masta, wyprodukowany r\u0119cznie z niemieck\u0105 staranno\u015bci\u0105. Swoj\u0105 niedo\u015bcignion\u0105 popularno\u015b\u0107 zawdzi\u0119cza nie tylko atrakcyjnej aparycji, ale r\u00f3wnie\u017c zdolno\u015bci utrzymywania odpowiedniej temperatury spalania przez ca\u0142\u0105 sesj\u0119. \u2013 Rzemie\u015blniczy kunszt \u2013 Cybuchy KS Appo wyrabiane s\u0105 r\u0119cznie przez mistrz\u00f3w ceramik\u00f3w z Niemiec z czystych naturalnych surowc\u00f3w, specjalnej kompozycji gliny i kamionki. [&hellip;]<\/p>\n","protected":false},"featured_media":77703,"template":"","meta":{"_acf_changed":false},"product_brand":[9595],"product_cat":[2425,7665,7669,2444],"product_tag":[3271,5054],"class_list":{"0":"post-467456","1":"product","2":"type-product","3":"status-publish","4":"has-post-thumbnail","6":"product_brand-ks-ru","7":"product_cat-2425","8":"product_cat-7665","9":"product_cat-7669","10":"product_cat-2444","11":"product_tag-ks-appo-ru","12":"product_tag-ks-appo-fusion-ru","14":"first","15":"outofstock","16":"taxable","17":"shipping-taxable","18":"purchasable","19":"product-type-simple"},"acf":[],"yoast_head":"<!-- This site is optimized with the Yoast SEO Premium plugin v24.6 (Yoast SEO v27.5) - https:\/\/yoast.com\/product\/yoast-seo-premium-wordpress\/ -->\n<title>\u0427\u0430\u0448\u0430 KS Appo Fusion Purple | \u0425\u043e\u0440\u043e\u0448\u0430\u044f \u0446\u0435\u043d\u0430 | \u0418\u043d\u0442\u0435\u0440\u043d\u0435\u0442 | Cybuchshisha.pl<\/title>\n<meta name=\"description\" content=\"\u0427\u0430\u0448\u0430 KS Appo Fusion Purple. \u0420\u0443\u0447\u043d\u0430\u044f \u0440\u0430\u0431\u043e\u0442\u0430 \u0441 \u0432\u044b\u0441\u043e\u0447\u0430\u0439\u0448\u0438\u043c \u0432\u043d\u0438\u043c\u0430\u043d\u0438\u0435\u043c \u043a \u0434\u0435\u0442\u0430\u043b\u044f\u043c. \u0421\u043e\u0437\u0434\u0430\u0435\u0442 \u0432\u044b\u0441\u043e\u043a\u0443\u044e \u0442\u0435\u043c\u043f\u0435\u0440\u0430\u0442\u0443\u0440\u0443, \u043f\u0440\u0435\u0434\u043d\u0430\u0437\u043d\u0430\u0447\u0435\u043d \u0434\u043b\u044f \u0442\u0435\u043c\u043d\u044b\u0445 \u0442\u0430\u0431\u0430\u043a\u043e\u0432, \u0442\u0440\u0435\u0431\u0443\u044e\u0449\u0438\u0445 \u0431\u043e\u043b\u0435\u0435 \u0432\u044b\u0441\u043e\u043a\u043e\u0439 \u0442\u0435\u043c\u043f\u0435\u0440\u0430\u0442\u0443\u0440\u044b.\" \/>\n<meta name=\"robots\" content=\"index, follow, max-snippet:-1, max-image-preview:large, max-video-preview:-1\" \/>\n<link rel=\"canonical\" href=\"https:\/\/cybuchshisha.pl\/ru\/\u043c\u0430\u0433\u0430\u0437\u0438\u043d\/ks-appo-fusion-%d1%8d%d1%82%d0%be-%d0%b3%d0%bb%d0%b8%d0%bd%d1%8f%d0%bd%d0%b0%d1%8f-%d1%87%d0%b0%d1%88%d0%b0-%d1%82%d0%b8%d0%bf%d0%b0-%d0%bc%d0%b0%d1%81%d1%82%d0%b0-%d0%b8%d0%b7%d0%b3%d0%be%d1%82\/\" \/>\n<meta property=\"og:locale\" content=\"ru_RU\" \/>\n<meta property=\"og:type\" content=\"article\" \/>\n<meta property=\"og:title\" content=\"\u0427\u0430\u0448\u0430 KS Appo Fusion Purple\" \/>\n<meta property=\"og:description\" content=\"\u0427\u0430\u0448\u0430 KS Appo Fusion Purple. \u0420\u0443\u0447\u043d\u0430\u044f \u0440\u0430\u0431\u043e\u0442\u0430 \u0441 \u0432\u044b\u0441\u043e\u0447\u0430\u0439\u0448\u0438\u043c \u0432\u043d\u0438\u043c\u0430\u043d\u0438\u0435\u043c \u043a \u0434\u0435\u0442\u0430\u043b\u044f\u043c. \u0421\u043e\u0437\u0434\u0430\u0435\u0442 \u0432\u044b\u0441\u043e\u043a\u0443\u044e \u0442\u0435\u043c\u043f\u0435\u0440\u0430\u0442\u0443\u0440\u0443, \u043f\u0440\u0435\u0434\u043d\u0430\u0437\u043d\u0430\u0447\u0435\u043d \u0434\u043b\u044f \u0442\u0435\u043c\u043d\u044b\u0445 \u0442\u0430\u0431\u0430\u043a\u043e\u0432, \u0442\u0440\u0435\u0431\u0443\u044e\u0449\u0438\u0445 \u0431\u043e\u043b\u0435\u0435 \u0432\u044b\u0441\u043e\u043a\u043e\u0439 \u0442\u0435\u043c\u043f\u0435\u0440\u0430\u0442\u0443\u0440\u044b.\" \/>\n<meta property=\"og:url\" content=\"https:\/\/cybuchshisha.pl\/ru\/\u043c\u0430\u0433\u0430\u0437\u0438\u043d\/ks-appo-fusion-%d1%8d%d1%82%d0%be-%d0%b3%d0%bb%d0%b8%d0%bd%d1%8f%d0%bd%d0%b0%d1%8f-%d1%87%d0%b0%d1%88%d0%b0-%d1%82%d0%b8%d0%bf%d0%b0-%d0%bc%d0%b0%d1%81%d1%82%d0%b0-%d0%b8%d0%b7%d0%b3%d0%be%d1%82\/\" \/>\n<meta property=\"og:site_name\" content=\"Cybuch - Shisha Sklep\" \/>\n<meta property=\"article:publisher\" content=\"https:\/\/www.facebook.com\/cybuchshisha\/\" \/>\n<meta property=\"article:modified_time\" content=\"2026-03-19T16:13:40+00:00\" \/>\n<meta property=\"og:image\" content=\"https:\/\/cybuchshisha.pl\/wp-content\/uploads\/2021\/08\/KS-Appo-Fusion-Purple-cybuch-scaled.jpg\" \/>\n\t<meta property=\"og:image:width\" content=\"1920\" \/>\n\t<meta property=\"og:image:height\" content=\"1920\" \/>\n\t<meta property=\"og:image:type\" content=\"image\/jpeg\" \/>\n<meta name=\"twitter:card\" content=\"summary_large_image\" \/>\n<meta name=\"twitter:label1\" content=\"\u041f\u0440\u0438\u043c\u0435\u0440\u043d\u043e\u0435 \u0432\u0440\u0435\u043c\u044f \u0434\u043b\u044f \u0447\u0442\u0435\u043d\u0438\u044f\" \/>\n\t<meta name=\"twitter:data1\" content=\"1 \u043c\u0438\u043d\u0443\u0442\u0430\" \/>\n<!-- \/ Yoast SEO Premium plugin. -->","yoast_head_json":{"title":"\u0427\u0430\u0448\u0430 KS Appo Fusion Purple | \u0425\u043e\u0440\u043e\u0448\u0430\u044f \u0446\u0435\u043d\u0430 | \u0418\u043d\u0442\u0435\u0440\u043d\u0435\u0442 | Cybuchshisha.pl","description":"\u0427\u0430\u0448\u0430 KS Appo Fusion Purple. \u0420\u0443\u0447\u043d\u0430\u044f \u0440\u0430\u0431\u043e\u0442\u0430 \u0441 \u0432\u044b\u0441\u043e\u0447\u0430\u0439\u0448\u0438\u043c \u0432\u043d\u0438\u043c\u0430\u043d\u0438\u0435\u043c \u043a \u0434\u0435\u0442\u0430\u043b\u044f\u043c. \u0421\u043e\u0437\u0434\u0430\u0435\u0442 \u0432\u044b\u0441\u043e\u043a\u0443\u044e \u0442\u0435\u043c\u043f\u0435\u0440\u0430\u0442\u0443\u0440\u0443, \u043f\u0440\u0435\u0434\u043d\u0430\u0437\u043d\u0430\u0447\u0435\u043d \u0434\u043b\u044f \u0442\u0435\u043c\u043d\u044b\u0445 \u0442\u0430\u0431\u0430\u043a\u043e\u0432, \u0442\u0440\u0435\u0431\u0443\u044e\u0449\u0438\u0445 \u0431\u043e\u043b\u0435\u0435 \u0432\u044b\u0441\u043e\u043a\u043e\u0439 \u0442\u0435\u043c\u043f\u0435\u0440\u0430\u0442\u0443\u0440\u044b.","robots":{"index":"index","follow":"follow","max-snippet":"max-snippet:-1","max-image-preview":"max-image-preview:large","max-video-preview":"max-video-preview:-1"},"canonical":"https:\/\/cybuchshisha.pl\/ru\/\u043c\u0430\u0433\u0430\u0437\u0438\u043d\/ks-appo-fusion-%d1%8d%d1%82%d0%be-%d0%b3%d0%bb%d0%b8%d0%bd%d1%8f%d0%bd%d0%b0%d1%8f-%d1%87%d0%b0%d1%88%d0%b0-%d1%82%d0%b8%d0%bf%d0%b0-%d0%bc%d0%b0%d1%81%d1%82%d0%b0-%d0%b8%d0%b7%d0%b3%d0%be%d1%82\/","og_locale":"ru_RU","og_type":"article","og_title":"\u0427\u0430\u0448\u0430 KS Appo Fusion Purple","og_description":"\u0427\u0430\u0448\u0430 KS Appo Fusion Purple. \u0420\u0443\u0447\u043d\u0430\u044f \u0440\u0430\u0431\u043e\u0442\u0430 \u0441 \u0432\u044b\u0441\u043e\u0447\u0430\u0439\u0448\u0438\u043c \u0432\u043d\u0438\u043c\u0430\u043d\u0438\u0435\u043c \u043a \u0434\u0435\u0442\u0430\u043b\u044f\u043c. \u0421\u043e\u0437\u0434\u0430\u0435\u0442 \u0432\u044b\u0441\u043e\u043a\u0443\u044e \u0442\u0435\u043c\u043f\u0435\u0440\u0430\u0442\u0443\u0440\u0443, \u043f\u0440\u0435\u0434\u043d\u0430\u0437\u043d\u0430\u0447\u0435\u043d \u0434\u043b\u044f \u0442\u0435\u043c\u043d\u044b\u0445 \u0442\u0430\u0431\u0430\u043a\u043e\u0432, \u0442\u0440\u0435\u0431\u0443\u044e\u0449\u0438\u0445 \u0431\u043e\u043b\u0435\u0435 \u0432\u044b\u0441\u043e\u043a\u043e\u0439 \u0442\u0435\u043c\u043f\u0435\u0440\u0430\u0442\u0443\u0440\u044b.","og_url":"https:\/\/cybuchshisha.pl\/ru\/\u043c\u0430\u0433\u0430\u0437\u0438\u043d\/ks-appo-fusion-%d1%8d%d1%82%d0%be-%d0%b3%d0%bb%d0%b8%d0%bd%d1%8f%d0%bd%d0%b0%d1%8f-%d1%87%d0%b0%d1%88%d0%b0-%d1%82%d0%b8%d0%bf%d0%b0-%d0%bc%d0%b0%d1%81%d1%82%d0%b0-%d0%b8%d0%b7%d0%b3%d0%be%d1%82\/","og_site_name":"Cybuch - Shisha Sklep","article_publisher":"https:\/\/www.facebook.com\/cybuchshisha\/","article_modified_time":"2026-03-19T16:13:40+00:00","og_image":[{"width":1920,"height":1920,"url":"https:\/\/cybuchshisha.pl\/wp-content\/uploads\/2021\/08\/KS-Appo-Fusion-Purple-cybuch-scaled.jpg","type":"image\/jpeg"}],"twitter_card":"summary_large_image","twitter_misc":{"\u041f\u0440\u0438\u043c\u0435\u0440\u043d\u043e\u0435 \u0432\u0440\u0435\u043c\u044f \u0434\u043b\u044f \u0447\u0442\u0435\u043d\u0438\u044f":"1 \u043c\u0438\u043d\u0443\u0442\u0430"},"schema":{"@context":"https:\/\/schema.org","@graph":[{"@type":"WebPage","@id":"https:\/\/cybuchshisha.pl\/ru\/\u043c\u0430\u0433\u0430\u0437\u0438\u043d\/ks-appo-fusion-%d1%8d%d1%82%d0%be-%d0%b3%d0%bb%d0%b8%d0%bd%d1%8f%d0%bd%d0%b0%d1%8f-%d1%87%d0%b0%d1%88%d0%b0-%d1%82%d0%b8%d0%bf%d0%b0-%d0%bc%d0%b0%d1%81%d1%82%d0%b0-%d0%b8%d0%b7%d0%b3%d0%be%d1%82\/","url":"https:\/\/cybuchshisha.pl\/ru\/\u043c\u0430\u0433\u0430\u0437\u0438\u043d\/ks-appo-fusion-%d1%8d%d1%82%d0%be-%d0%b3%d0%bb%d0%b8%d0%bd%d1%8f%d0%bd%d0%b0%d1%8f-%d1%87%d0%b0%d1%88%d0%b0-%d1%82%d0%b8%d0%bf%d0%b0-%d0%bc%d0%b0%d1%81%d1%82%d0%b0-%d0%b8%d0%b7%d0%b3%d0%be%d1%82\/","name":"\u0427\u0430\u0448\u0430 KS Appo Fusion Purple | \u0425\u043e\u0440\u043e\u0448\u0430\u044f \u0446\u0435\u043d\u0430 | \u0418\u043d\u0442\u0435\u0440\u043d\u0435\u0442-\u043c\u0430\u0433\u0430\u0437\u0438\u043d | \u0412\u0430\u0440\u0448\u0430\u0432\u0430 - CYBUCH SHISHA SKLEP","isPartOf":{"@id":"https:\/\/cybuchshisha.pl\/ru\/#website"},"primaryImageOfPage":{"@id":"https:\/\/cybuchshisha.pl\/ru\/\u043c\u0430\u0433\u0430\u0437\u0438\u043d\/ks-appo-fusion-%d1%8d%d1%82%d0%be-%d0%b3%d0%bb%d0%b8%d0%bd%d1%8f%d0%bd%d0%b0%d1%8f-%d1%87%d0%b0%d1%88%d0%b0-%d1%82%d0%b8%d0%bf%d0%b0-%d0%bc%d0%b0%d1%81%d1%82%d0%b0-%d0%b8%d0%b7%d0%b3%d0%be%d1%82\/#primaryimage"},"image":{"@id":"https:\/\/cybuchshisha.pl\/ru\/\u043c\u0430\u0433\u0430\u0437\u0438\u043d\/ks-appo-fusion-%d1%8d%d1%82%d0%be-%d0%b3%d0%bb%d0%b8%d0%bd%d1%8f%d0%bd%d0%b0%d1%8f-%d1%87%d0%b0%d1%88%d0%b0-%d1%82%d0%b8%d0%bf%d0%b0-%d0%bc%d0%b0%d1%81%d1%82%d0%b0-%d0%b8%d0%b7%d0%b3%d0%be%d1%82\/#primaryimage"},"thumbnailUrl":"https:\/\/cybuchshisha.pl\/wp-content\/uploads\/2021\/08\/KS-Appo-Fusion-Purple-cybuch-scaled.jpg","datePublished":"2021-08-16T09:43:54+00:00","dateModified":"2026-03-19T16:13:40+00:00","description":"\u0427\u0430\u0448\u0430 KS Appo Fusion Purple. \u0420\u0443\u0447\u043d\u0430\u044f \u0440\u0430\u0431\u043e\u0442\u0430 \u0441 \u0432\u044b\u0441\u043e\u0447\u0430\u0439\u0448\u0438\u043c \u0432\u043d\u0438\u043c\u0430\u043d\u0438\u0435\u043c \u043a \u0434\u0435\u0442\u0430\u043b\u044f\u043c. \u0421\u043e\u0437\u0434\u0430\u0435\u0442 \u0432\u044b\u0441\u043e\u043a\u0443\u044e \u0442\u0435\u043c\u043f\u0435\u0440\u0430\u0442\u0443\u0440\u0443, \u043f\u0440\u0435\u0434\u043d\u0430\u0437\u043d\u0430\u0447\u0435\u043d \u0434\u043b\u044f \u0442\u0435\u043c\u043d\u044b\u0445 \u0442\u0430\u0431\u0430\u043a\u043e\u0432, \u0442\u0440\u0435\u0431\u0443\u044e\u0449\u0438\u0445 \u0431\u043e\u043b\u0435\u0435 \u0432\u044b\u0441\u043e\u043a\u043e\u0439 \u0442\u0435\u043c\u043f\u0435\u0440\u0430\u0442\u0443\u0440\u044b.","breadcrumb":{"@id":"https:\/\/cybuchshisha.pl\/ru\/\u043c\u0430\u0433\u0430\u0437\u0438\u043d\/ks-appo-fusion-%d1%8d%d1%82%d0%be-%d0%b3%d0%bb%d0%b8%d0%bd%d1%8f%d0%bd%d0%b0%d1%8f-%d1%87%d0%b0%d1%88%d0%b0-%d1%82%d0%b8%d0%bf%d0%b0-%d0%bc%d0%b0%d1%81%d1%82%d0%b0-%d0%b8%d0%b7%d0%b3%d0%be%d1%82\/#breadcrumb"},"inLanguage":"ru-RU","potentialAction":[{"@type":"ReadAction","target":["https:\/\/cybuchshisha.pl\/ru\/\u043c\u0430\u0433\u0430\u0437\u0438\u043d\/ks-appo-fusion-%d1%8d%d1%82%d0%be-%d0%b3%d0%bb%d0%b8%d0%bd%d1%8f%d0%bd%d0%b0%d1%8f-%d1%87%d0%b0%d1%88%d0%b0-%d1%82%d0%b8%d0%bf%d0%b0-%d0%bc%d0%b0%d1%81%d1%82%d0%b0-%d0%b8%d0%b7%d0%b3%d0%be%d1%82\/"]}]},{"@type":"ImageObject","inLanguage":"ru-RU","@id":"https:\/\/cybuchshisha.pl\/ru\/\u043c\u0430\u0433\u0430\u0437\u0438\u043d\/ks-appo-fusion-%d1%8d%d1%82%d0%be-%d0%b3%d0%bb%d0%b8%d0%bd%d1%8f%d0%bd%d0%b0%d1%8f-%d1%87%d0%b0%d1%88%d0%b0-%d1%82%d0%b8%d0%bf%d0%b0-%d0%bc%d0%b0%d1%81%d1%82%d0%b0-%d0%b8%d0%b7%d0%b3%d0%be%d1%82\/#primaryimage","url":"https:\/\/cybuchshisha.pl\/wp-content\/uploads\/2021\/08\/KS-Appo-Fusion-Purple-cybuch-scaled.jpg","contentUrl":"https:\/\/cybuchshisha.pl\/wp-content\/uploads\/2021\/08\/KS-Appo-Fusion-Purple-cybuch-scaled.jpg","width":1920,"height":1920},{"@type":"BreadcrumbList","@id":"https:\/\/cybuchshisha.pl\/ru\/\u043c\u0430\u0433\u0430\u0437\u0438\u043d\/ks-appo-fusion-%d1%8d%d1%82%d0%be-%d0%b3%d0%bb%d0%b8%d0%bd%d1%8f%d0%bd%d0%b0%d1%8f-%d1%87%d0%b0%d1%88%d0%b0-%d1%82%d0%b8%d0%bf%d0%b0-%d0%bc%d0%b0%d1%81%d1%82%d0%b0-%d0%b8%d0%b7%d0%b3%d0%be%d1%82\/#breadcrumb","itemListElement":[{"@type":"ListItem","position":1,"name":"\u0413\u043b\u0430\u0432\u043d\u0430\u044f \u0441\u0442\u0440\u0430\u043d\u0438\u0446\u0430","item":"https:\/\/cybuchshisha.pl\/ru\/"},{"@type":"ListItem","position":2,"name":"\u041c\u0430\u0433\u0430\u0437\u0438\u043d","item":"https:\/\/cybuch.staging.seodev.agency\/sklep\/"},{"@type":"ListItem","position":3,"name":"\u0427\u0430\u0448\u0430 KS Appo Fusion Purple"}]},{"@type":"WebSite","@id":"https:\/\/cybuchshisha.pl\/ru\/#website","url":"https:\/\/cybuchshisha.pl\/ru\/","name":"Cybuch - Shisha Sklep","description":"Shisha, szisza, fajka wodna, melasa i w\u0119gle do shishy","publisher":{"@id":"https:\/\/cybuchshisha.pl\/ru\/#organization"},"alternateName":"Cybuch","potentialAction":[{"@type":"SearchAction","target":{"@type":"EntryPoint","urlTemplate":"https:\/\/cybuchshisha.pl\/ru\/?s={search_term_string}"},"query-input":{"@type":"PropertyValueSpecification","valueRequired":true,"valueName":"search_term_string"}}],"inLanguage":"ru-RU"},{"@type":"Organization","@id":"https:\/\/cybuchshisha.pl\/ru\/#organization","name":"Cybuch - Shisha Sklep","alternateName":"Cybuch","url":"https:\/\/cybuchshisha.pl\/ru\/","logo":{"@type":"ImageObject","inLanguage":"ru-RU","@id":"https:\/\/cybuchshisha.pl\/ru\/#\/schema\/logo\/image\/","url":"https:\/\/cybuchshisha.pl\/wp-content\/uploads\/2023\/11\/kwadrat.png","contentUrl":"https:\/\/cybuchshisha.pl\/wp-content\/uploads\/2023\/11\/kwadrat.png","width":1300,"height":1300,"caption":"Cybuch - Shisha Sklep"},"image":{"@id":"https:\/\/cybuchshisha.pl\/ru\/#\/schema\/logo\/image\/"},"sameAs":["https:\/\/www.facebook.com\/cybuchshisha\/","https:\/\/www.instagram.com\/cybuchshisha\/","https:\/\/www.youtube.com\/channel\/UCEyCpnP1FkFHVh5F4TtkIOQ"]}]}},"_links":{"self":[{"href":"https:\/\/cybuchshisha.pl\/ru\/wp-json\/wp\/v2\/product\/467456","targetHints":{"allow":["GET"]}}],"collection":[{"href":"https:\/\/cybuchshisha.pl\/ru\/wp-json\/wp\/v2\/product"}],"about":[{"href":"https:\/\/cybuchshisha.pl\/ru\/wp-json\/wp\/v2\/types\/product"}],"wp:featuredmedia":[{"embeddable":true,"href":"https:\/\/cybuchshisha.pl\/ru\/wp-json\/wp\/v2\/media\/77703"}],"wp:attachment":[{"href":"https:\/\/cybuchshisha.pl\/ru\/wp-json\/wp\/v2\/media?parent=467456"}],"wp:term":[{"taxonomy":"product_brand","embeddable":true,"href":"https:\/\/cybuchshisha.pl\/ru\/wp-json\/wp\/v2\/product_brand?post=467456"},{"taxonomy":"product_cat","embeddable":true,"href":"https:\/\/cybuchshisha.pl\/ru\/wp-json\/wp\/v2\/product_cat?post=467456"},{"taxonomy":"product_tag","embeddable":true,"href":"https:\/\/cybuchshisha.pl\/ru\/wp-json\/wp\/v2\/product_tag?post=467456"}],"curies":[{"name":"wp","href":"https:\/\/api.w.org\/{rel}","templated":true}]}}