{"id":19864,"date":"2021-08-16T10:50:39","date_gmt":"2021-08-16T08:50:39","guid":{"rendered":"https:\/\/cybuchshisha.pl\/?post_type=product&#038;p=19864"},"modified":"2026-03-24T09:51:05","modified_gmt":"2026-03-24T08:51:05","slug":"cybuch-ks-appo-black-edition-red","status":"publish","type":"product","link":"https:\/\/cybuchshisha.pl\/ru\/\u043c\u0430\u0433\u0430\u0437\u0438\u043d\/cybuch-ks-appo-black-edition-red\/","title":{"rendered":"Cybuch KS Appo Black Edition Red"},"content":{"rendered":"<p style=\"text-align: justify;\">KS Appo Black Edition to gliniany cybuch z dodatkiem kamionki typu masta, wykonany r\u0119cznie z niemieck\u0105 staranno\u015bci\u0105. Swoj\u0105 niedo\u015bcignion\u0105 popularno\u015b\u0107 zawdzi\u0119cza nie tylko atrakcyjnej aparycji, ale r\u00f3wnie\u017c zdolno\u015bci utrzymywania odpowiedniej temperatury spalania przez ca\u0142\u0105 sesj\u0119.<\/p>\n<p style=\"text-align: justify;\">&#8212; Rzemie\u015blniczy kunszt \u2013 Cybuchy KS Appo wyrabiane s\u0105 r\u0119cznie przez mistrz\u00f3w ceramik\u00f3w z Niemiec z czystych naturalnych surowc\u00f3w, specjalnej kompozycji gliny i kamienia. Wypalanie w wysokiej temperaturze gwarantuje trwa\u0142o\u015b\u0107, a brak ubytk\u00f3w i por\u00f3w jest wyr\u00f3\u017cnikiem wysokiej jako\u015bci.<\/p>\n<p style=\"text-align: justify;\">&#8212; Do wyboru do koloru \u2013 Linia cybuch\u00f3w KS Appo Black Edition to szeroki wyb\u00f3r kolor\u00f3w. Ciemnoszary trzon o unikalnym wzorze, z wyt\u0142oczonym logo KS, uzupe\u0142nia kolorowa g\u0142owica z glazurowanym \u0142o\u017cem na tyto\u0144.<\/p>\n<p style=\"text-align: justify;\">&#8212; Znakomity smak \u2013 KS Appo Black Edition to cybuchy dedykowane s\u0105 dla os\u00f3b szukaj\u0105cych mocnego i wyrazistego smaku. Masywna g\u0142owica \u015bwietnie rozprowadza i utrzymuje ciep\u0142o, dzi\u0119ki czemu tyto\u0144 jest r\u00f3wnomiernie ogrzewany, a smak sesji rozwija si\u0119 harmonijnie.<\/p>\n<h4 style=\"text-align: justify;\">https:\/\/www.youtube.com\/watch?v=LeiYPIaoKFY<\/p>\n","protected":false},"excerpt":{"rendered":"<p>KS Appo Black Edition to gliniany cybuch z dodatkiem kamionki typu masta, wykonany r\u0119cznie z niemieck\u0105 staranno\u015bci\u0105. Swoj\u0105 niedo\u015bcignion\u0105 popularno\u015b\u0107 zawdzi\u0119cza nie tylko atrakcyjnej aparycji, ale r\u00f3wnie\u017c zdolno\u015bci utrzymywania odpowiedniej temperatury spalania przez ca\u0142\u0105 sesj\u0119. &#8212; Rzemie\u015blniczy kunszt \u2013 Cybuchy KS Appo wyrabiane s\u0105 r\u0119cznie przez mistrz\u00f3w ceramik\u00f3w z Niemiec z czystych naturalnych surowc\u00f3w, specjalnej [&hellip;]<\/p>\n","protected":false},"featured_media":49589,"template":"","meta":{"_acf_changed":false},"product_brand":[9285],"product_cat":[171,91,7628,7633],"product_tag":[314,2210],"class_list":{"0":"post-19864","1":"product","2":"type-product","3":"status-publish","4":"has-post-thumbnail","6":"product_brand-ks","7":"product_cat-akcesoria-do-shishy","8":"product_cat-cybuchy-do-shishy","9":"product_cat-cybuchy-gliniane","10":"product_cat-cybuchy-typu-masta","11":"product_tag-ks-appo","12":"product_tag-ks-appo-black-edition","14":"first","15":"instock","16":"taxable","17":"shipping-taxable","18":"purchasable","19":"product-type-simple"},"acf":[],"yoast_head":"<!-- This site is optimized with the Yoast SEO Premium plugin v24.6 (Yoast SEO v27.5) - https:\/\/yoast.com\/product\/yoast-seo-premium-wordpress\/ -->\n<title>Cybuch KS Appo Black Edition Red | \u0425\u043e\u0440\u043e\u0448\u0430\u044f \u0446\u0435\u043d\u0430 | \u0418\u043d\u0442\u0435\u0440\u043d\u0435\u0442 | Cybuchshisha.pl<\/title>\n<meta name=\"description\" content=\"Cybuch kamienny KS Original Appo Black Edition Red.R\u0119cznie wykonany z najwy\u017csza dba\u0142o\u015bci\u0105 o szczeg\u00f3\u0142y.Wytwarza wysok\u0105 temperatur\u0119, dedykowany do ciemnych tytonii wymagaj\u0105cych wy\u017cszej temperatury.\" \/>\n<meta name=\"robots\" content=\"index, follow, max-snippet:-1, max-image-preview:large, max-video-preview:-1\" \/>\n<link rel=\"canonical\" href=\"https:\/\/cybuchshisha.pl\/ru\/\u043c\u0430\u0433\u0430\u0437\u0438\u043d\/cybuch-ks-appo-black-edition-red\/\" \/>\n<meta property=\"og:locale\" content=\"ru_RU\" \/>\n<meta property=\"og:type\" content=\"article\" \/>\n<meta property=\"og:title\" content=\"Cybuch KS Appo Black Edition Red\" \/>\n<meta property=\"og:description\" content=\"Cybuch kamienny KS Original Appo Black Edition Red.R\u0119cznie wykonany z najwy\u017csza dba\u0142o\u015bci\u0105 o szczeg\u00f3\u0142y.Wytwarza wysok\u0105 temperatur\u0119, dedykowany do ciemnych tytonii wymagaj\u0105cych wy\u017cszej temperatury.\" \/>\n<meta property=\"og:url\" content=\"https:\/\/cybuchshisha.pl\/ru\/\u043c\u0430\u0433\u0430\u0437\u0438\u043d\/cybuch-ks-appo-black-edition-red\/\" \/>\n<meta property=\"og:site_name\" content=\"Cybuch - Shisha Sklep\" \/>\n<meta property=\"article:publisher\" content=\"https:\/\/www.facebook.com\/cybuchshisha\/\" \/>\n<meta property=\"article:modified_time\" content=\"2026-03-24T08:51:05+00:00\" \/>\n<meta property=\"og:image\" content=\"https:\/\/cybuchshisha.pl\/wp-content\/uploads\/2021\/08\/KS-Appo-Black-Edition-Red-cybuch-scaled.jpg\" \/>\n\t<meta property=\"og:image:width\" content=\"1920\" \/>\n\t<meta property=\"og:image:height\" content=\"1920\" \/>\n\t<meta property=\"og:image:type\" content=\"image\/jpeg\" \/>\n<meta name=\"twitter:card\" content=\"summary_large_image\" \/>\n<meta name=\"twitter:label1\" content=\"\u041f\u0440\u0438\u043c\u0435\u0440\u043d\u043e\u0435 \u0432\u0440\u0435\u043c\u044f \u0434\u043b\u044f \u0447\u0442\u0435\u043d\u0438\u044f\" \/>\n\t<meta name=\"twitter:data1\" content=\"2 \u043c\u0438\u043d\u0443\u0442\u044b\" \/>\n<!-- \/ Yoast SEO Premium plugin. -->","yoast_head_json":{"title":"Cybuch KS Appo Black Edition Red | \u0425\u043e\u0440\u043e\u0448\u0430\u044f \u0446\u0435\u043d\u0430 | \u0418\u043d\u0442\u0435\u0440\u043d\u0435\u0442 | Cybuchshisha.pl","description":"Cybuch kamienny KS Original Appo Black Edition Red.R\u0119cznie wykonany z najwy\u017csza dba\u0142o\u015bci\u0105 o szczeg\u00f3\u0142y.Wytwarza wysok\u0105 temperatur\u0119, dedykowany do ciemnych tytonii wymagaj\u0105cych wy\u017cszej temperatury.","robots":{"index":"index","follow":"follow","max-snippet":"max-snippet:-1","max-image-preview":"max-image-preview:large","max-video-preview":"max-video-preview:-1"},"canonical":"https:\/\/cybuchshisha.pl\/ru\/\u043c\u0430\u0433\u0430\u0437\u0438\u043d\/cybuch-ks-appo-black-edition-red\/","og_locale":"ru_RU","og_type":"article","og_title":"Cybuch KS Appo Black Edition Red","og_description":"Cybuch kamienny KS Original Appo Black Edition Red.R\u0119cznie wykonany z najwy\u017csza dba\u0142o\u015bci\u0105 o szczeg\u00f3\u0142y.Wytwarza wysok\u0105 temperatur\u0119, dedykowany do ciemnych tytonii wymagaj\u0105cych wy\u017cszej temperatury.","og_url":"https:\/\/cybuchshisha.pl\/ru\/\u043c\u0430\u0433\u0430\u0437\u0438\u043d\/cybuch-ks-appo-black-edition-red\/","og_site_name":"Cybuch - Shisha Sklep","article_publisher":"https:\/\/www.facebook.com\/cybuchshisha\/","article_modified_time":"2026-03-24T08:51:05+00:00","og_image":[{"width":1920,"height":1920,"url":"https:\/\/cybuchshisha.pl\/wp-content\/uploads\/2021\/08\/KS-Appo-Black-Edition-Red-cybuch-scaled.jpg","type":"image\/jpeg"}],"twitter_card":"summary_large_image","twitter_misc":{"\u041f\u0440\u0438\u043c\u0435\u0440\u043d\u043e\u0435 \u0432\u0440\u0435\u043c\u044f \u0434\u043b\u044f \u0447\u0442\u0435\u043d\u0438\u044f":"2 \u043c\u0438\u043d\u0443\u0442\u044b"},"schema":{"@context":"https:\/\/schema.org","@graph":[{"@type":"WebPage","@id":"https:\/\/cybuchshisha.pl\/ru\/\u043c\u0430\u0433\u0430\u0437\u0438\u043d\/cybuch-ks-appo-black-edition-red\/","url":"https:\/\/cybuchshisha.pl\/ru\/\u043c\u0430\u0433\u0430\u0437\u0438\u043d\/cybuch-ks-appo-black-edition-red\/","name":"Cybuch KS Appo Black Edition Red | \u0425\u043e\u0440\u043e\u0448\u0430\u044f \u0446\u0435\u043d\u0430 | \u0418\u043d\u0442\u0435\u0440\u043d\u0435\u0442-\u043c\u0430\u0433\u0430\u0437\u0438\u043d | \u0412\u0430\u0440\u0448\u0430\u0432\u0430 - CYBUCH SHISHA SKLEP","isPartOf":{"@id":"https:\/\/cybuchshisha.pl\/ru\/#website"},"primaryImageOfPage":{"@id":"https:\/\/cybuchshisha.pl\/ru\/\u043c\u0430\u0433\u0430\u0437\u0438\u043d\/cybuch-ks-appo-black-edition-red\/#primaryimage"},"image":{"@id":"https:\/\/cybuchshisha.pl\/ru\/\u043c\u0430\u0433\u0430\u0437\u0438\u043d\/cybuch-ks-appo-black-edition-red\/#primaryimage"},"thumbnailUrl":"https:\/\/cybuchshisha.pl\/wp-content\/uploads\/2021\/08\/KS-Appo-Black-Edition-Red-cybuch-scaled.jpg","datePublished":"2021-08-16T08:50:39+00:00","dateModified":"2026-03-24T08:51:05+00:00","description":"Cybuch kamienny KS Original Appo Black Edition Red.R\u0119cznie wykonany z najwy\u017csza dba\u0142o\u015bci\u0105 o szczeg\u00f3\u0142y.Wytwarza wysok\u0105 temperatur\u0119, dedykowany do ciemnych tytonii wymagaj\u0105cych wy\u017cszej temperatury.","breadcrumb":{"@id":"https:\/\/cybuchshisha.pl\/ru\/\u043c\u0430\u0433\u0430\u0437\u0438\u043d\/cybuch-ks-appo-black-edition-red\/#breadcrumb"},"inLanguage":"ru-RU","potentialAction":[{"@type":"ReadAction","target":["https:\/\/cybuchshisha.pl\/ru\/\u043c\u0430\u0433\u0430\u0437\u0438\u043d\/cybuch-ks-appo-black-edition-red\/"]}]},{"@type":"ImageObject","inLanguage":"ru-RU","@id":"https:\/\/cybuchshisha.pl\/ru\/\u043c\u0430\u0433\u0430\u0437\u0438\u043d\/cybuch-ks-appo-black-edition-red\/#primaryimage","url":"https:\/\/cybuchshisha.pl\/wp-content\/uploads\/2021\/08\/KS-Appo-Black-Edition-Red-cybuch-scaled.jpg","contentUrl":"https:\/\/cybuchshisha.pl\/wp-content\/uploads\/2021\/08\/KS-Appo-Black-Edition-Red-cybuch-scaled.jpg","width":1920,"height":1920},{"@type":"BreadcrumbList","@id":"https:\/\/cybuchshisha.pl\/ru\/\u043c\u0430\u0433\u0430\u0437\u0438\u043d\/cybuch-ks-appo-black-edition-red\/#breadcrumb","itemListElement":[{"@type":"ListItem","position":1,"name":"\u0413\u043b\u0430\u0432\u043d\u0430\u044f \u0441\u0442\u0440\u0430\u043d\u0438\u0446\u0430","item":"https:\/\/cybuchshisha.pl\/ru\/"},{"@type":"ListItem","position":2,"name":"\u041c\u0430\u0433\u0430\u0437\u0438\u043d","item":"https:\/\/cybuch.staging.seodev.agency\/sklep\/"},{"@type":"ListItem","position":3,"name":"Cybuch KS Appo Black Edition Red"}]},{"@type":"WebSite","@id":"https:\/\/cybuchshisha.pl\/ru\/#website","url":"https:\/\/cybuchshisha.pl\/ru\/","name":"Cybuch - Shisha Sklep","description":"Shisha, szisza, fajka wodna, melasa i w\u0119gle do shishy","publisher":{"@id":"https:\/\/cybuchshisha.pl\/ru\/#organization"},"alternateName":"Cybuch","potentialAction":[{"@type":"SearchAction","target":{"@type":"EntryPoint","urlTemplate":"https:\/\/cybuchshisha.pl\/ru\/?s={search_term_string}"},"query-input":{"@type":"PropertyValueSpecification","valueRequired":true,"valueName":"search_term_string"}}],"inLanguage":"ru-RU"},{"@type":"Organization","@id":"https:\/\/cybuchshisha.pl\/ru\/#organization","name":"Cybuch - Shisha Sklep","alternateName":"Cybuch","url":"https:\/\/cybuchshisha.pl\/ru\/","logo":{"@type":"ImageObject","inLanguage":"ru-RU","@id":"https:\/\/cybuchshisha.pl\/ru\/#\/schema\/logo\/image\/","url":"https:\/\/cybuchshisha.pl\/wp-content\/uploads\/2023\/11\/kwadrat.png","contentUrl":"https:\/\/cybuchshisha.pl\/wp-content\/uploads\/2023\/11\/kwadrat.png","width":1300,"height":1300,"caption":"Cybuch - Shisha Sklep"},"image":{"@id":"https:\/\/cybuchshisha.pl\/ru\/#\/schema\/logo\/image\/"},"sameAs":["https:\/\/www.facebook.com\/cybuchshisha\/","https:\/\/www.instagram.com\/cybuchshisha\/","https:\/\/www.youtube.com\/channel\/UCEyCpnP1FkFHVh5F4TtkIOQ"]}]}},"_links":{"self":[{"href":"https:\/\/cybuchshisha.pl\/ru\/wp-json\/wp\/v2\/product\/19864","targetHints":{"allow":["GET"]}}],"collection":[{"href":"https:\/\/cybuchshisha.pl\/ru\/wp-json\/wp\/v2\/product"}],"about":[{"href":"https:\/\/cybuchshisha.pl\/ru\/wp-json\/wp\/v2\/types\/product"}],"wp:featuredmedia":[{"embeddable":true,"href":"https:\/\/cybuchshisha.pl\/ru\/wp-json\/wp\/v2\/media\/49589"}],"wp:attachment":[{"href":"https:\/\/cybuchshisha.pl\/ru\/wp-json\/wp\/v2\/media?parent=19864"}],"wp:term":[{"taxonomy":"product_brand","embeddable":true,"href":"https:\/\/cybuchshisha.pl\/ru\/wp-json\/wp\/v2\/product_brand?post=19864"},{"taxonomy":"product_cat","embeddable":true,"href":"https:\/\/cybuchshisha.pl\/ru\/wp-json\/wp\/v2\/product_cat?post=19864"},{"taxonomy":"product_tag","embeddable":true,"href":"https:\/\/cybuchshisha.pl\/ru\/wp-json\/wp\/v2\/product_tag?post=19864"}],"curies":[{"name":"wp","href":"https:\/\/api.w.org\/{rel}","templated":true}]}}