{"id":104916,"date":"2023-12-13T16:25:14","date_gmt":"2023-12-13T15:25:14","guid":{"rendered":"https:\/\/cybuchshisha.pl\/?post_type=product&#038;p=104916"},"modified":"2026-03-18T12:46:13","modified_gmt":"2026-03-18T11:46:13","slug":"cybuch-werkbund-zeus-black","status":"publish","type":"product","link":"https:\/\/cybuchshisha.pl\/ru\/\u043c\u0430\u0433\u0430\u0437\u0438\u043d\/cybuch-werkbund-zeus-black\/","title":{"rendered":"Cybuch Werkbund Zeus Black"},"content":{"rendered":"<p style=\"text-align: justify;\">Cybuch firmy Werkbund typu phunnel, wykonany z gliny glazurowanej. Bardzo dobrze oddaj\u0105cy ciep\u0142o, \u015bwietny do wyci\u0105gni\u0119cia smaku z tytoniu.<\/p>\n<p style=\"text-align: justify;\">Dostosowany pod nak\u0142adk\u0119 typu Kaloud.<\/p>\n<h4 style=\"text-align: justify;\">\n","protected":false},"excerpt":{"rendered":"<p>Cybuch firmy Werkbund typu phunnel, wykonany z gliny glazurowanej. Bardzo dobrze oddaj\u0105cy ciep\u0142o, \u015bwietny do wyci\u0105gni\u0119cia smaku z tytoniu. Dostosowany pod nak\u0142adk\u0119 typu Kaloud.<\/p>\n","protected":false},"featured_media":104877,"template":"","meta":{"_acf_changed":false},"product_brand":[9360],"product_cat":[171,91,7629,7634],"product_tag":[576,4573],"class_list":{"0":"post-104916","1":"product","2":"type-product","3":"status-publish","4":"has-post-thumbnail","6":"product_brand-werkbund","7":"product_cat-akcesoria-do-shishy","8":"product_cat-cybuchy-do-shishy","9":"product_cat-cybuchy-glazurowane","10":"product_cat-cybuchy-typu-phunnel","11":"product_tag-werkbund","12":"product_tag-werkbund-zeus","14":"first","15":"outofstock","16":"taxable","17":"shipping-taxable","18":"purchasable","19":"product-type-simple"},"acf":[],"yoast_head":"<!-- This site is optimized with the Yoast SEO Premium plugin v24.6 (Yoast SEO v27.6) - https:\/\/yoast.com\/product\/yoast-seo-premium-wordpress\/ -->\n<title>Cybuch Werkbund Zeus Black | \u0425\u043e\u0440\u043e\u0448\u0430\u044f \u0446\u0435\u043d\u0430 | \u0418\u043d\u0442\u0435\u0440\u043d\u0435\u0442 | Cybuchshisha.pl<\/title>\n<meta name=\"description\" content=\"Cybuch firmy Werkbund, typu phunnel, wykonany z gliny i glazury. Bardzo dobrze oddaj\u0105cy ciep\u0142o, \u015bwietny do wyci\u0105gni\u0119cia smaku z tytoniu.\" \/>\n<meta name=\"robots\" content=\"index, follow, max-snippet:-1, max-image-preview:large, max-video-preview:-1\" \/>\n<link rel=\"canonical\" href=\"https:\/\/cybuchshisha.pl\/ru\/\u043c\u0430\u0433\u0430\u0437\u0438\u043d\/cybuch-werkbund-zeus-black\/\" \/>\n<meta property=\"og:locale\" content=\"ru_RU\" \/>\n<meta property=\"og:type\" content=\"article\" \/>\n<meta property=\"og:title\" content=\"Cybuch Werkbund Zeus Black\" \/>\n<meta property=\"og:description\" content=\"Cybuch firmy Werkbund, typu phunnel, wykonany z gliny i glazury. Bardzo dobrze oddaj\u0105cy ciep\u0142o, \u015bwietny do wyci\u0105gni\u0119cia smaku z tytoniu.\" \/>\n<meta property=\"og:url\" content=\"https:\/\/cybuchshisha.pl\/ru\/\u043c\u0430\u0433\u0430\u0437\u0438\u043d\/cybuch-werkbund-zeus-black\/\" \/>\n<meta property=\"og:site_name\" content=\"Cybuch - Shisha Sklep\" \/>\n<meta property=\"article:publisher\" content=\"https:\/\/www.facebook.com\/cybuchshisha\/\" \/>\n<meta property=\"article:modified_time\" content=\"2026-03-18T11:46:13+00:00\" \/>\n<meta property=\"og:image\" content=\"https:\/\/cybuchshisha.pl\/wp-content\/uploads\/2023\/12\/werkbund-zeus-black-scaled.png\" \/>\n\t<meta property=\"og:image:width\" content=\"1920\" \/>\n\t<meta property=\"og:image:height\" content=\"1920\" \/>\n\t<meta property=\"og:image:type\" content=\"image\/png\" \/>\n<meta name=\"twitter:card\" content=\"summary_large_image\" \/>\n<meta name=\"twitter:label1\" content=\"\u041f\u0440\u0438\u043c\u0435\u0440\u043d\u043e\u0435 \u0432\u0440\u0435\u043c\u044f \u0434\u043b\u044f \u0447\u0442\u0435\u043d\u0438\u044f\" \/>\n\t<meta name=\"twitter:data1\" content=\"1 \u043c\u0438\u043d\u0443\u0442\u0430\" \/>\n<!-- \/ Yoast SEO Premium plugin. -->","yoast_head_json":{"title":"Cybuch Werkbund Zeus Black | \u0425\u043e\u0440\u043e\u0448\u0430\u044f \u0446\u0435\u043d\u0430 | \u0418\u043d\u0442\u0435\u0440\u043d\u0435\u0442 | Cybuchshisha.pl","description":"Cybuch firmy Werkbund, typu phunnel, wykonany z gliny i glazury. Bardzo dobrze oddaj\u0105cy ciep\u0142o, \u015bwietny do wyci\u0105gni\u0119cia smaku z tytoniu.","robots":{"index":"index","follow":"follow","max-snippet":"max-snippet:-1","max-image-preview":"max-image-preview:large","max-video-preview":"max-video-preview:-1"},"canonical":"https:\/\/cybuchshisha.pl\/ru\/\u043c\u0430\u0433\u0430\u0437\u0438\u043d\/cybuch-werkbund-zeus-black\/","og_locale":"ru_RU","og_type":"article","og_title":"Cybuch Werkbund Zeus Black","og_description":"Cybuch firmy Werkbund, typu phunnel, wykonany z gliny i glazury. Bardzo dobrze oddaj\u0105cy ciep\u0142o, \u015bwietny do wyci\u0105gni\u0119cia smaku z tytoniu.","og_url":"https:\/\/cybuchshisha.pl\/ru\/\u043c\u0430\u0433\u0430\u0437\u0438\u043d\/cybuch-werkbund-zeus-black\/","og_site_name":"Cybuch - Shisha Sklep","article_publisher":"https:\/\/www.facebook.com\/cybuchshisha\/","article_modified_time":"2026-03-18T11:46:13+00:00","og_image":[{"width":1920,"height":1920,"url":"https:\/\/cybuchshisha.pl\/wp-content\/uploads\/2023\/12\/werkbund-zeus-black-scaled.png","type":"image\/png"}],"twitter_card":"summary_large_image","twitter_misc":{"\u041f\u0440\u0438\u043c\u0435\u0440\u043d\u043e\u0435 \u0432\u0440\u0435\u043c\u044f \u0434\u043b\u044f \u0447\u0442\u0435\u043d\u0438\u044f":"1 \u043c\u0438\u043d\u0443\u0442\u0430"},"schema":{"@context":"https:\/\/schema.org","@graph":[{"@type":"WebPage","@id":"https:\/\/cybuchshisha.pl\/ru\/\u043c\u0430\u0433\u0430\u0437\u0438\u043d\/cybuch-werkbund-zeus-black\/","url":"https:\/\/cybuchshisha.pl\/ru\/\u043c\u0430\u0433\u0430\u0437\u0438\u043d\/cybuch-werkbund-zeus-black\/","name":"Cybuch Werkbund Zeus Black | \u0425\u043e\u0440\u043e\u0448\u0430\u044f \u0446\u0435\u043d\u0430 | \u0418\u043d\u0442\u0435\u0440\u043d\u0435\u0442-\u043c\u0430\u0433\u0430\u0437\u0438\u043d | \u0412\u0430\u0440\u0448\u0430\u0432\u0430 - CYBUCH SHISHA SKLEP","isPartOf":{"@id":"https:\/\/cybuchshisha.pl\/ru\/#website"},"primaryImageOfPage":{"@id":"https:\/\/cybuchshisha.pl\/ru\/\u043c\u0430\u0433\u0430\u0437\u0438\u043d\/cybuch-werkbund-zeus-black\/#primaryimage"},"image":{"@id":"https:\/\/cybuchshisha.pl\/ru\/\u043c\u0430\u0433\u0430\u0437\u0438\u043d\/cybuch-werkbund-zeus-black\/#primaryimage"},"thumbnailUrl":"https:\/\/cybuchshisha.pl\/wp-content\/uploads\/2023\/12\/werkbund-zeus-black-scaled.png","datePublished":"2023-12-13T15:25:14+00:00","dateModified":"2026-03-18T11:46:13+00:00","description":"Cybuch firmy Werkbund, typu phunnel, wykonany z gliny i glazury. Bardzo dobrze oddaj\u0105cy ciep\u0142o, \u015bwietny do wyci\u0105gni\u0119cia smaku z tytoniu.","breadcrumb":{"@id":"https:\/\/cybuchshisha.pl\/ru\/\u043c\u0430\u0433\u0430\u0437\u0438\u043d\/cybuch-werkbund-zeus-black\/#breadcrumb"},"inLanguage":"ru-RU","potentialAction":[{"@type":"ReadAction","target":["https:\/\/cybuchshisha.pl\/ru\/\u043c\u0430\u0433\u0430\u0437\u0438\u043d\/cybuch-werkbund-zeus-black\/"]}]},{"@type":"ImageObject","inLanguage":"ru-RU","@id":"https:\/\/cybuchshisha.pl\/ru\/\u043c\u0430\u0433\u0430\u0437\u0438\u043d\/cybuch-werkbund-zeus-black\/#primaryimage","url":"https:\/\/cybuchshisha.pl\/wp-content\/uploads\/2023\/12\/werkbund-zeus-black-scaled.png","contentUrl":"https:\/\/cybuchshisha.pl\/wp-content\/uploads\/2023\/12\/werkbund-zeus-black-scaled.png","width":1920,"height":1920,"caption":"Werkbund Zeus Black"},{"@type":"BreadcrumbList","@id":"https:\/\/cybuchshisha.pl\/ru\/\u043c\u0430\u0433\u0430\u0437\u0438\u043d\/cybuch-werkbund-zeus-black\/#breadcrumb","itemListElement":[{"@type":"ListItem","position":1,"name":"\u0413\u043b\u0430\u0432\u043d\u0430\u044f \u0441\u0442\u0440\u0430\u043d\u0438\u0446\u0430","item":"https:\/\/cybuchshisha.pl\/ru\/"},{"@type":"ListItem","position":2,"name":"\u041c\u0430\u0433\u0430\u0437\u0438\u043d","item":"https:\/\/cybuch.staging.seodev.agency\/sklep\/"},{"@type":"ListItem","position":3,"name":"Cybuch Werkbund Zeus Black"}]},{"@type":"WebSite","@id":"https:\/\/cybuchshisha.pl\/ru\/#website","url":"https:\/\/cybuchshisha.pl\/ru\/","name":"Cybuch - Shisha Sklep","description":"Shisha, szisza, fajka wodna, melasa i w\u0119gle do shishy","publisher":{"@id":"https:\/\/cybuchshisha.pl\/ru\/#organization"},"alternateName":"Cybuch","potentialAction":[{"@type":"SearchAction","target":{"@type":"EntryPoint","urlTemplate":"https:\/\/cybuchshisha.pl\/ru\/?s={search_term_string}"},"query-input":{"@type":"PropertyValueSpecification","valueRequired":true,"valueName":"search_term_string"}}],"inLanguage":"ru-RU"},{"@type":"Organization","@id":"https:\/\/cybuchshisha.pl\/ru\/#organization","name":"Cybuch - Shisha Sklep","alternateName":"Cybuch","url":"https:\/\/cybuchshisha.pl\/ru\/","logo":{"@type":"ImageObject","inLanguage":"ru-RU","@id":"https:\/\/cybuchshisha.pl\/ru\/#\/schema\/logo\/image\/","url":"https:\/\/cybuchshisha.pl\/wp-content\/uploads\/2023\/11\/kwadrat.png","contentUrl":"https:\/\/cybuchshisha.pl\/wp-content\/uploads\/2023\/11\/kwadrat.png","width":1300,"height":1300,"caption":"Cybuch - Shisha Sklep"},"image":{"@id":"https:\/\/cybuchshisha.pl\/ru\/#\/schema\/logo\/image\/"},"sameAs":["https:\/\/www.facebook.com\/cybuchshisha\/","https:\/\/www.instagram.com\/cybuchshisha\/","https:\/\/www.youtube.com\/channel\/UCEyCpnP1FkFHVh5F4TtkIOQ"]}]}},"_links":{"self":[{"href":"https:\/\/cybuchshisha.pl\/ru\/wp-json\/wp\/v2\/product\/104916","targetHints":{"allow":["GET"]}}],"collection":[{"href":"https:\/\/cybuchshisha.pl\/ru\/wp-json\/wp\/v2\/product"}],"about":[{"href":"https:\/\/cybuchshisha.pl\/ru\/wp-json\/wp\/v2\/types\/product"}],"wp:featuredmedia":[{"embeddable":true,"href":"https:\/\/cybuchshisha.pl\/ru\/wp-json\/wp\/v2\/media\/104877"}],"wp:attachment":[{"href":"https:\/\/cybuchshisha.pl\/ru\/wp-json\/wp\/v2\/media?parent=104916"}],"wp:term":[{"taxonomy":"product_brand","embeddable":true,"href":"https:\/\/cybuchshisha.pl\/ru\/wp-json\/wp\/v2\/product_brand?post=104916"},{"taxonomy":"product_cat","embeddable":true,"href":"https:\/\/cybuchshisha.pl\/ru\/wp-json\/wp\/v2\/product_cat?post=104916"},{"taxonomy":"product_tag","embeddable":true,"href":"https:\/\/cybuchshisha.pl\/ru\/wp-json\/wp\/v2\/product_tag?post=104916"}],"curies":[{"name":"wp","href":"https:\/\/api.w.org\/{rel}","templated":true}]}}